{"id":7045,"date":"2024-10-10T12:51:48","date_gmt":"2024-10-10T10:51:48","guid":{"rendered":"https:\/\/www.wurzel-ranch.de\/wrhome\/?post_type=product&#038;p=7045"},"modified":"2025-07-12T14:30:37","modified_gmt":"2025-07-12T12:30:37","slug":"t-shirt-damen-blau-und-pink","status":"publish","type":"product","link":"https:\/\/www.wurzel-ranch.de\/wrhome\/zurueck-zum-shop\/t-shirt-damen-blau-und-pink\/","title":{"rendered":"T-Shirt Damen blau und pink"},"content":{"rendered":"<p><span style=\"font-family: helvetica, arial, sans-serif;\">Das bequeme Shirt ist der perfekte Begleiter auf dem Hof. Durch das Wurzel-Ranch Logo vorne links auf der Brust in klein und am R\u00fccken mittig gro\u00df sieht man auch sofort, dass du mit zur Wurzel-Ranch Crew geh\u00f6rst!\u00a0<\/span><\/p>\n<p><span style=\"font-family: helvetica, arial, sans-serif;\">Rundhalsausschnitt mit Baumwolle\/Lycra\u00ae Ripp<\/span><br \/>\n<span style=\"font-family: helvetica, arial, sans-serif;\">Gleichfarbiges Nackenband<\/span><br \/>\n<span style=\"font-family: helvetica, arial, sans-serif;\">H\u00f6here Maschendichte f\u00fcr verbesserte Bedruckbarkeit<\/span><\/p>\n<ul>\n<li><span style=\"font-family: helvetica, arial, sans-serif;\">Material: 100% Baumwolle, Jersey<\/span><\/li>\n<li><span style=\"font-family: helvetica, arial, sans-serif;\">Pflege: 40 \u00b0C waschbar<\/span><\/li>\n<li><span style=\"font-family: helvetica, arial, sans-serif;\">Chemische Reinigung m\u00f6glich<\/span><\/li>\n<li><span style=\"font-family: helvetica, arial, sans-serif;\">Trockner geeignet<\/span><\/li>\n<li><span style=\"font-family: helvetica, arial, sans-serif;\">B\u00fcgeln erlaubt<\/span><\/li>\n<\/ul>\n","protected":false},"excerpt":{"rendered":"<p>Das bequeme Shirt ist der perfekte Begleiter auf dem Hof. Durch das Wurzel-Logo vorne links auf der Brust in klein und am R\u00fccken mittig gro\u00df sieht man auch sofort, dass du mit zur Wurzel-Ranch Crew geh\u00f6rst!<\/p>\n","protected":false},"featured_media":7047,"comment_status":"closed","ping_status":"closed","template":"","meta":[],"product_brand":[],"product_cat":[68],"product_tag":[114],"class_list":{"0":"post-7045","1":"product","2":"type-product","3":"status-publish","4":"has-post-thumbnail","6":"product_cat-damen","7":"product_tag-t-shirt","9":"first","10":"instock","11":"taxable","12":"shipping-taxable","13":"purchasable","14":"product-type-variable"},"yoast_head":"<!-- This site is optimized with the Yoast SEO plugin v26.8 - https:\/\/yoast.com\/product\/yoast-seo-wordpress\/ -->\n<title>T-Shirt Damen blau und pink - Wurzel-Ranch<\/title>\n<meta name=\"robots\" content=\"index, follow, max-snippet:-1, max-image-preview:large, max-video-preview:-1\" \/>\n<link rel=\"canonical\" href=\"https:\/\/www.wurzel-ranch.de\/wrhome\/zurueck-zum-shop\/t-shirt-damen-blau-und-pink\/\" \/>\n<meta property=\"og:locale\" content=\"de_DE\" \/>\n<meta property=\"og:type\" content=\"article\" \/>\n<meta property=\"og:title\" content=\"T-Shirt Damen blau und pink - Wurzel-Ranch\" \/>\n<meta property=\"og:description\" content=\"Das bequeme Shirt ist der perfekte Begleiter auf dem Hof. Durch das Wurzel-Logo vorne links auf der Brust in klein und am R\u00fccken mittig gro\u00df sieht man auch sofort, dass du mit zur Wurzel-Ranch Crew geh\u00f6rst!\" \/>\n<meta property=\"og:url\" content=\"https:\/\/www.wurzel-ranch.de\/wrhome\/zurueck-zum-shop\/t-shirt-damen-blau-und-pink\/\" \/>\n<meta property=\"og:site_name\" content=\"Wurzel-Ranch\" \/>\n<meta property=\"article:modified_time\" content=\"2025-07-12T12:30:37+00:00\" \/>\n<meta property=\"og:image\" content=\"https:\/\/www.wurzel-ranch.de\/wrhome\/wp-content\/uploads\/Wurzel-Shop-fuer-Newsletter.jpg\" \/>\n\t<meta property=\"og:image:width\" content=\"2048\" \/>\n\t<meta property=\"og:image:height\" content=\"2048\" \/>\n\t<meta property=\"og:image:type\" content=\"image\/jpeg\" \/>\n<meta name=\"twitter:card\" content=\"summary_large_image\" \/>\n<meta name=\"twitter:label1\" content=\"Gesch\u00e4tzte Lesezeit\" \/>\n\t<meta name=\"twitter:data1\" content=\"1\u00a0Minute\" \/>\n<script type=\"application\/ld+json\" class=\"yoast-schema-graph\">{\"@context\":\"https:\/\/schema.org\",\"@graph\":[{\"@type\":\"WebPage\",\"@id\":\"https:\/\/www.wurzel-ranch.de\/wrhome\/zurueck-zum-shop\/t-shirt-damen-blau-und-pink\/\",\"url\":\"https:\/\/www.wurzel-ranch.de\/wrhome\/zurueck-zum-shop\/t-shirt-damen-blau-und-pink\/\",\"name\":\"T-Shirt Damen blau und pink - Wurzel-Ranch\",\"isPartOf\":{\"@id\":\"https:\/\/www.wurzel-ranch.de\/wrhome\/#website\"},\"primaryImageOfPage\":{\"@id\":\"https:\/\/www.wurzel-ranch.de\/wrhome\/zurueck-zum-shop\/t-shirt-damen-blau-und-pink\/#primaryimage\"},\"image\":{\"@id\":\"https:\/\/www.wurzel-ranch.de\/wrhome\/zurueck-zum-shop\/t-shirt-damen-blau-und-pink\/#primaryimage\"},\"thumbnailUrl\":\"https:\/\/www.wurzel-ranch.de\/wrhome\/wp-content\/uploads\/Wurzel-Shop-fuer-Newsletter.jpg\",\"datePublished\":\"2024-10-10T10:51:48+00:00\",\"dateModified\":\"2025-07-12T12:30:37+00:00\",\"breadcrumb\":{\"@id\":\"https:\/\/www.wurzel-ranch.de\/wrhome\/zurueck-zum-shop\/t-shirt-damen-blau-und-pink\/#breadcrumb\"},\"inLanguage\":\"de\",\"potentialAction\":[{\"@type\":\"ReadAction\",\"target\":[\"https:\/\/www.wurzel-ranch.de\/wrhome\/zurueck-zum-shop\/t-shirt-damen-blau-und-pink\/\"]}]},{\"@type\":\"ImageObject\",\"inLanguage\":\"de\",\"@id\":\"https:\/\/www.wurzel-ranch.de\/wrhome\/zurueck-zum-shop\/t-shirt-damen-blau-und-pink\/#primaryimage\",\"url\":\"https:\/\/www.wurzel-ranch.de\/wrhome\/wp-content\/uploads\/Wurzel-Shop-fuer-Newsletter.jpg\",\"contentUrl\":\"https:\/\/www.wurzel-ranch.de\/wrhome\/wp-content\/uploads\/Wurzel-Shop-fuer-Newsletter.jpg\",\"width\":2048,\"height\":2048},{\"@type\":\"BreadcrumbList\",\"@id\":\"https:\/\/www.wurzel-ranch.de\/wrhome\/zurueck-zum-shop\/t-shirt-damen-blau-und-pink\/#breadcrumb\",\"itemListElement\":[{\"@type\":\"ListItem\",\"position\":1,\"name\":\"Startseite\",\"item\":\"https:\/\/www.wurzel-ranch.de\/wrhome\/\"},{\"@type\":\"ListItem\",\"position\":2,\"name\":\"Zur\u00fcck zum Shop\",\"item\":\"https:\/\/www.wurzel-ranch.de\/wrhome\/zurueck-zum-shop\/\"},{\"@type\":\"ListItem\",\"position\":3,\"name\":\"T-Shirt Damen blau und pink\"}]},{\"@type\":\"WebSite\",\"@id\":\"https:\/\/www.wurzel-ranch.de\/wrhome\/#website\",\"url\":\"https:\/\/www.wurzel-ranch.de\/wrhome\/\",\"name\":\"Wurzel-Ranch\",\"description\":\"\",\"publisher\":{\"@id\":\"https:\/\/www.wurzel-ranch.de\/wrhome\/#organization\"},\"potentialAction\":[{\"@type\":\"SearchAction\",\"target\":{\"@type\":\"EntryPoint\",\"urlTemplate\":\"https:\/\/www.wurzel-ranch.de\/wrhome\/?s={search_term_string}\"},\"query-input\":{\"@type\":\"PropertyValueSpecification\",\"valueRequired\":true,\"valueName\":\"search_term_string\"}}],\"inLanguage\":\"de\"},{\"@type\":\"Organization\",\"@id\":\"https:\/\/www.wurzel-ranch.de\/wrhome\/#organization\",\"name\":\"Wurzel-Ranch\",\"url\":\"https:\/\/www.wurzel-ranch.de\/wrhome\/\",\"logo\":{\"@type\":\"ImageObject\",\"inLanguage\":\"de\",\"@id\":\"https:\/\/www.wurzel-ranch.de\/wrhome\/#\/schema\/logo\/image\/\",\"url\":\"https:\/\/www.wurzel-ranch.de\/wrhome\/wp-content\/uploads\/WurzelRanch.png\",\"contentUrl\":\"https:\/\/www.wurzel-ranch.de\/wrhome\/wp-content\/uploads\/WurzelRanch.png\",\"width\":332,\"height\":376,\"caption\":\"Wurzel-Ranch\"},\"image\":{\"@id\":\"https:\/\/www.wurzel-ranch.de\/wrhome\/#\/schema\/logo\/image\/\"},\"sameAs\":[\"https:\/\/www.instagram.com\/wurzelranch\"]}]}<\/script>\n<!-- \/ Yoast SEO plugin. -->","yoast_head_json":{"title":"T-Shirt Damen blau und pink - Wurzel-Ranch","robots":{"index":"index","follow":"follow","max-snippet":"max-snippet:-1","max-image-preview":"max-image-preview:large","max-video-preview":"max-video-preview:-1"},"canonical":"https:\/\/www.wurzel-ranch.de\/wrhome\/zurueck-zum-shop\/t-shirt-damen-blau-und-pink\/","og_locale":"de_DE","og_type":"article","og_title":"T-Shirt Damen blau und pink - Wurzel-Ranch","og_description":"Das bequeme Shirt ist der perfekte Begleiter auf dem Hof. Durch das Wurzel-Logo vorne links auf der Brust in klein und am R\u00fccken mittig gro\u00df sieht man auch sofort, dass du mit zur Wurzel-Ranch Crew geh\u00f6rst!","og_url":"https:\/\/www.wurzel-ranch.de\/wrhome\/zurueck-zum-shop\/t-shirt-damen-blau-und-pink\/","og_site_name":"Wurzel-Ranch","article_modified_time":"2025-07-12T12:30:37+00:00","og_image":[{"width":2048,"height":2048,"url":"https:\/\/www.wurzel-ranch.de\/wrhome\/wp-content\/uploads\/Wurzel-Shop-fuer-Newsletter.jpg","type":"image\/jpeg"}],"twitter_card":"summary_large_image","twitter_misc":{"Gesch\u00e4tzte Lesezeit":"1\u00a0Minute"},"schema":{"@context":"https:\/\/schema.org","@graph":[{"@type":"WebPage","@id":"https:\/\/www.wurzel-ranch.de\/wrhome\/zurueck-zum-shop\/t-shirt-damen-blau-und-pink\/","url":"https:\/\/www.wurzel-ranch.de\/wrhome\/zurueck-zum-shop\/t-shirt-damen-blau-und-pink\/","name":"T-Shirt Damen blau und pink - Wurzel-Ranch","isPartOf":{"@id":"https:\/\/www.wurzel-ranch.de\/wrhome\/#website"},"primaryImageOfPage":{"@id":"https:\/\/www.wurzel-ranch.de\/wrhome\/zurueck-zum-shop\/t-shirt-damen-blau-und-pink\/#primaryimage"},"image":{"@id":"https:\/\/www.wurzel-ranch.de\/wrhome\/zurueck-zum-shop\/t-shirt-damen-blau-und-pink\/#primaryimage"},"thumbnailUrl":"https:\/\/www.wurzel-ranch.de\/wrhome\/wp-content\/uploads\/Wurzel-Shop-fuer-Newsletter.jpg","datePublished":"2024-10-10T10:51:48+00:00","dateModified":"2025-07-12T12:30:37+00:00","breadcrumb":{"@id":"https:\/\/www.wurzel-ranch.de\/wrhome\/zurueck-zum-shop\/t-shirt-damen-blau-und-pink\/#breadcrumb"},"inLanguage":"de","potentialAction":[{"@type":"ReadAction","target":["https:\/\/www.wurzel-ranch.de\/wrhome\/zurueck-zum-shop\/t-shirt-damen-blau-und-pink\/"]}]},{"@type":"ImageObject","inLanguage":"de","@id":"https:\/\/www.wurzel-ranch.de\/wrhome\/zurueck-zum-shop\/t-shirt-damen-blau-und-pink\/#primaryimage","url":"https:\/\/www.wurzel-ranch.de\/wrhome\/wp-content\/uploads\/Wurzel-Shop-fuer-Newsletter.jpg","contentUrl":"https:\/\/www.wurzel-ranch.de\/wrhome\/wp-content\/uploads\/Wurzel-Shop-fuer-Newsletter.jpg","width":2048,"height":2048},{"@type":"BreadcrumbList","@id":"https:\/\/www.wurzel-ranch.de\/wrhome\/zurueck-zum-shop\/t-shirt-damen-blau-und-pink\/#breadcrumb","itemListElement":[{"@type":"ListItem","position":1,"name":"Startseite","item":"https:\/\/www.wurzel-ranch.de\/wrhome\/"},{"@type":"ListItem","position":2,"name":"Zur\u00fcck zum Shop","item":"https:\/\/www.wurzel-ranch.de\/wrhome\/zurueck-zum-shop\/"},{"@type":"ListItem","position":3,"name":"T-Shirt Damen blau und pink"}]},{"@type":"WebSite","@id":"https:\/\/www.wurzel-ranch.de\/wrhome\/#website","url":"https:\/\/www.wurzel-ranch.de\/wrhome\/","name":"Wurzel-Ranch","description":"","publisher":{"@id":"https:\/\/www.wurzel-ranch.de\/wrhome\/#organization"},"potentialAction":[{"@type":"SearchAction","target":{"@type":"EntryPoint","urlTemplate":"https:\/\/www.wurzel-ranch.de\/wrhome\/?s={search_term_string}"},"query-input":{"@type":"PropertyValueSpecification","valueRequired":true,"valueName":"search_term_string"}}],"inLanguage":"de"},{"@type":"Organization","@id":"https:\/\/www.wurzel-ranch.de\/wrhome\/#organization","name":"Wurzel-Ranch","url":"https:\/\/www.wurzel-ranch.de\/wrhome\/","logo":{"@type":"ImageObject","inLanguage":"de","@id":"https:\/\/www.wurzel-ranch.de\/wrhome\/#\/schema\/logo\/image\/","url":"https:\/\/www.wurzel-ranch.de\/wrhome\/wp-content\/uploads\/WurzelRanch.png","contentUrl":"https:\/\/www.wurzel-ranch.de\/wrhome\/wp-content\/uploads\/WurzelRanch.png","width":332,"height":376,"caption":"Wurzel-Ranch"},"image":{"@id":"https:\/\/www.wurzel-ranch.de\/wrhome\/#\/schema\/logo\/image\/"},"sameAs":["https:\/\/www.instagram.com\/wurzelranch"]}]}},"_links":{"self":[{"href":"https:\/\/www.wurzel-ranch.de\/wrhome\/wp-json\/wp\/v2\/product\/7045","targetHints":{"allow":["GET"]}}],"collection":[{"href":"https:\/\/www.wurzel-ranch.de\/wrhome\/wp-json\/wp\/v2\/product"}],"about":[{"href":"https:\/\/www.wurzel-ranch.de\/wrhome\/wp-json\/wp\/v2\/types\/product"}],"replies":[{"embeddable":true,"href":"https:\/\/www.wurzel-ranch.de\/wrhome\/wp-json\/wp\/v2\/comments?post=7045"}],"wp:featuredmedia":[{"embeddable":true,"href":"https:\/\/www.wurzel-ranch.de\/wrhome\/wp-json\/wp\/v2\/media\/7047"}],"wp:attachment":[{"href":"https:\/\/www.wurzel-ranch.de\/wrhome\/wp-json\/wp\/v2\/media?parent=7045"}],"wp:term":[{"taxonomy":"product_brand","embeddable":true,"href":"https:\/\/www.wurzel-ranch.de\/wrhome\/wp-json\/wp\/v2\/product_brand?post=7045"},{"taxonomy":"product_cat","embeddable":true,"href":"https:\/\/www.wurzel-ranch.de\/wrhome\/wp-json\/wp\/v2\/product_cat?post=7045"},{"taxonomy":"product_tag","embeddable":true,"href":"https:\/\/www.wurzel-ranch.de\/wrhome\/wp-json\/wp\/v2\/product_tag?post=7045"}],"curies":[{"name":"wp","href":"https:\/\/api.w.org\/{rel}","templated":true}]}}