{"id":6002,"date":"2023-12-12T14:01:30","date_gmt":"2023-12-12T12:01:30","guid":{"rendered":"https:\/\/www.wurzel-ranch.de\/wrhome\/?post_type=product&#038;p=6002"},"modified":"2024-10-10T10:05:13","modified_gmt":"2024-10-10T08:05:13","slug":"steppjacke-blau","status":"publish","type":"product","link":"https:\/\/www.wurzel-ranch.de\/wrhome\/zurueck-zum-shop\/steppjacke-blau\/","title":{"rendered":"Steppjacke blau"},"content":{"rendered":"<p><span style=\"font-family: helvetica, arial, sans-serif;\">Ein absolutes muss f\u00fcr die \u00dcbergangszeit im Stall ! Steppjacke die dich im Fr\u00fchjahr und Herbst h\u00e4lt dich warm. Durch das Wurzel-Ranch Logo vorne auf der Brust links in klein und am R\u00fccken mittig gro\u00df sieht man auch sofort, dass du mit zur Wurzel-Ranch Crew geh\u00f6rst!<\/span><\/p>\n<ul>\n<li><span style=\"font-family: helvetica, arial, sans-serif;\">Atmungsaktiv<\/span><\/li>\n<li><span style=\"font-family: helvetica, arial, sans-serif;\">verschiedene Farbvarianten><\/li>\n<li><span style=\"font-family: helvetica, arial, sans-serif;\">Zwei Fronttaschen><\/li>\n<li><span style=\"font-family: helvetica, arial, sans-serif;\">angenehm leichter Tragekomfort<\/span><\/li>\n<li><span style=\"font-family: helvetica, arial, sans-serif;\">Elastische \u00c4rmelb\u00fcndchen<\/span><\/li>\n<li><span style=\"font-family: helvetica, arial, sans-serif;\">umweltfreundlich<\/span><\/li>\n<li><span style=\"font-family: helvetica, arial, sans-serif;\">Warmversiegelung<\/span><\/li>\n<li><span style=\"font-family: helvetica, arial, sans-serif;\">100 Polyester<\/span><\/li>\n<li><span style=\"font-family: helvetica, arial, sans-serif;\">waschbar 30\u00b0><\/li>\n<li><span style=\"font-family: helvetica, arial, sans-serif;\">Zwei Wege Zip<\/span><\/li>\n<li><span style=\"font-family: helvetica, arial, sans-serif;\">Gr\u00f6\u00dfenlauf: XS , S , M , L , XL<\/span><\/li>\n<\/ul>\n","protected":false},"excerpt":{"rendered":"<p><span style=\"font-family: helvetica, arial, sans-serif;\">Ein absolutes muss f\u00fcr die \u00dcbergangszeit im Stall ! Steppjacke die dich im Fr\u00fchjahr und Herbst h\u00e4lt dich warm. Durch das Wurzel-Ranch Logo vorne auf der Brust links in klein und am R\u00fccken mittig gro\u00df sieht man auch sofort, dass du mit zur Wurzel-Ranch Crew geh\u00f6rst!<\/span><\/p>\n<ul>\n","protected":false},"featured_media":6009,"comment_status":"open","ping_status":"closed","template":"","meta":[],"product_brand":[],"product_cat":[77,68,67,71,70],"product_tag":[],"class_list":{"0":"post-6002","1":"product","2":"type-product","3":"status-publish","4":"has-post-thumbnail","6":"product_cat-shop-startseite-feature","7":"product_cat-damen","8":"product_cat-herren","9":"product_cat-kinder","10":"product_cat-winter","12":"first","13":"outofstock","14":"taxable","15":"shipping-taxable","16":"purchasable","17":"product-type-variable","18":"has-default-attributes"},"yoast_head":"<!-- This site is optimized with the Yoast SEO plugin v26.8 - https:\/\/yoast.com\/product\/yoast-seo-wordpress\/ -->\n<title>Steppjacke blau - Wurzel-Ranch<\/title>\n<meta name=\"robots\" content=\"index, follow, max-snippet:-1, max-image-preview:large, max-video-preview:-1\" \/>\n<link rel=\"canonical\" href=\"https:\/\/www.wurzel-ranch.de\/wrhome\/zurueck-zum-shop\/steppjacke-blau\/\" \/>\n<meta property=\"og:locale\" content=\"de_DE\" \/>\n<meta property=\"og:type\" content=\"article\" \/>\n<meta property=\"og:title\" content=\"Steppjacke blau - Wurzel-Ranch\" \/>\n<meta property=\"og:description\" content=\"Ein absolutes muss f\u00fcr die \u00dcbergangszeit im Stall ! Steppjacke die dich im Fr\u00fchjahr und Herbst h\u00e4lt dich warm. Durch das Wurzel-Ranch Logo vorne auf der Brust links in klein und am R\u00fccken mittig gro\u00df sieht man auch sofort, dass du mit zur Wurzel-Ranch Crew geh\u00f6rst!\" \/>\n<meta property=\"og:url\" content=\"https:\/\/www.wurzel-ranch.de\/wrhome\/zurueck-zum-shop\/steppjacke-blau\/\" \/>\n<meta property=\"og:site_name\" content=\"Wurzel-Ranch\" \/>\n<meta property=\"article:modified_time\" content=\"2024-10-10T08:05:13+00:00\" \/>\n<meta property=\"og:image\" content=\"https:\/\/www.wurzel-ranch.de\/wrhome\/wp-content\/uploads\/IMG-20231204-WA0115.jpg\" \/>\n\t<meta property=\"og:image:width\" content=\"1441\" \/>\n\t<meta property=\"og:image:height\" content=\"1510\" \/>\n\t<meta property=\"og:image:type\" content=\"image\/jpeg\" \/>\n<meta name=\"twitter:card\" content=\"summary_large_image\" \/>\n<meta name=\"twitter:label1\" content=\"Gesch\u00e4tzte Lesezeit\" \/>\n\t<meta name=\"twitter:data1\" content=\"1\u00a0Minute\" \/>\n<script type=\"application\/ld+json\" class=\"yoast-schema-graph\">{\"@context\":\"https:\/\/schema.org\",\"@graph\":[{\"@type\":\"WebPage\",\"@id\":\"https:\/\/www.wurzel-ranch.de\/wrhome\/zurueck-zum-shop\/steppjacke-blau\/\",\"url\":\"https:\/\/www.wurzel-ranch.de\/wrhome\/zurueck-zum-shop\/steppjacke-blau\/\",\"name\":\"Steppjacke blau - Wurzel-Ranch\",\"isPartOf\":{\"@id\":\"https:\/\/www.wurzel-ranch.de\/wrhome\/#website\"},\"primaryImageOfPage\":{\"@id\":\"https:\/\/www.wurzel-ranch.de\/wrhome\/zurueck-zum-shop\/steppjacke-blau\/#primaryimage\"},\"image\":{\"@id\":\"https:\/\/www.wurzel-ranch.de\/wrhome\/zurueck-zum-shop\/steppjacke-blau\/#primaryimage\"},\"thumbnailUrl\":\"https:\/\/www.wurzel-ranch.de\/wrhome\/wp-content\/uploads\/IMG-20231204-WA0115.jpg\",\"datePublished\":\"2023-12-12T12:01:30+00:00\",\"dateModified\":\"2024-10-10T08:05:13+00:00\",\"breadcrumb\":{\"@id\":\"https:\/\/www.wurzel-ranch.de\/wrhome\/zurueck-zum-shop\/steppjacke-blau\/#breadcrumb\"},\"inLanguage\":\"de\",\"potentialAction\":[{\"@type\":\"ReadAction\",\"target\":[\"https:\/\/www.wurzel-ranch.de\/wrhome\/zurueck-zum-shop\/steppjacke-blau\/\"]}]},{\"@type\":\"ImageObject\",\"inLanguage\":\"de\",\"@id\":\"https:\/\/www.wurzel-ranch.de\/wrhome\/zurueck-zum-shop\/steppjacke-blau\/#primaryimage\",\"url\":\"https:\/\/www.wurzel-ranch.de\/wrhome\/wp-content\/uploads\/IMG-20231204-WA0115.jpg\",\"contentUrl\":\"https:\/\/www.wurzel-ranch.de\/wrhome\/wp-content\/uploads\/IMG-20231204-WA0115.jpg\",\"width\":1441,\"height\":1510},{\"@type\":\"BreadcrumbList\",\"@id\":\"https:\/\/www.wurzel-ranch.de\/wrhome\/zurueck-zum-shop\/steppjacke-blau\/#breadcrumb\",\"itemListElement\":[{\"@type\":\"ListItem\",\"position\":1,\"name\":\"Startseite\",\"item\":\"https:\/\/www.wurzel-ranch.de\/wrhome\/\"},{\"@type\":\"ListItem\",\"position\":2,\"name\":\"Zur\u00fcck zum Shop\",\"item\":\"https:\/\/www.wurzel-ranch.de\/wrhome\/zurueck-zum-shop\/\"},{\"@type\":\"ListItem\",\"position\":3,\"name\":\"Steppjacke blau\"}]},{\"@type\":\"WebSite\",\"@id\":\"https:\/\/www.wurzel-ranch.de\/wrhome\/#website\",\"url\":\"https:\/\/www.wurzel-ranch.de\/wrhome\/\",\"name\":\"Wurzel-Ranch\",\"description\":\"\",\"publisher\":{\"@id\":\"https:\/\/www.wurzel-ranch.de\/wrhome\/#organization\"},\"potentialAction\":[{\"@type\":\"SearchAction\",\"target\":{\"@type\":\"EntryPoint\",\"urlTemplate\":\"https:\/\/www.wurzel-ranch.de\/wrhome\/?s={search_term_string}\"},\"query-input\":{\"@type\":\"PropertyValueSpecification\",\"valueRequired\":true,\"valueName\":\"search_term_string\"}}],\"inLanguage\":\"de\"},{\"@type\":\"Organization\",\"@id\":\"https:\/\/www.wurzel-ranch.de\/wrhome\/#organization\",\"name\":\"Wurzel-Ranch\",\"url\":\"https:\/\/www.wurzel-ranch.de\/wrhome\/\",\"logo\":{\"@type\":\"ImageObject\",\"inLanguage\":\"de\",\"@id\":\"https:\/\/www.wurzel-ranch.de\/wrhome\/#\/schema\/logo\/image\/\",\"url\":\"https:\/\/www.wurzel-ranch.de\/wrhome\/wp-content\/uploads\/WurzelRanch.png\",\"contentUrl\":\"https:\/\/www.wurzel-ranch.de\/wrhome\/wp-content\/uploads\/WurzelRanch.png\",\"width\":332,\"height\":376,\"caption\":\"Wurzel-Ranch\"},\"image\":{\"@id\":\"https:\/\/www.wurzel-ranch.de\/wrhome\/#\/schema\/logo\/image\/\"},\"sameAs\":[\"https:\/\/www.instagram.com\/wurzelranch\"]}]}<\/script>\n<!-- \/ Yoast SEO plugin. -->","yoast_head_json":{"title":"Steppjacke blau - Wurzel-Ranch","robots":{"index":"index","follow":"follow","max-snippet":"max-snippet:-1","max-image-preview":"max-image-preview:large","max-video-preview":"max-video-preview:-1"},"canonical":"https:\/\/www.wurzel-ranch.de\/wrhome\/zurueck-zum-shop\/steppjacke-blau\/","og_locale":"de_DE","og_type":"article","og_title":"Steppjacke blau - Wurzel-Ranch","og_description":"Ein absolutes muss f\u00fcr die \u00dcbergangszeit im Stall ! Steppjacke die dich im Fr\u00fchjahr und Herbst h\u00e4lt dich warm. Durch das Wurzel-Ranch Logo vorne auf der Brust links in klein und am R\u00fccken mittig gro\u00df sieht man auch sofort, dass du mit zur Wurzel-Ranch Crew geh\u00f6rst!","og_url":"https:\/\/www.wurzel-ranch.de\/wrhome\/zurueck-zum-shop\/steppjacke-blau\/","og_site_name":"Wurzel-Ranch","article_modified_time":"2024-10-10T08:05:13+00:00","og_image":[{"width":1441,"height":1510,"url":"https:\/\/www.wurzel-ranch.de\/wrhome\/wp-content\/uploads\/IMG-20231204-WA0115.jpg","type":"image\/jpeg"}],"twitter_card":"summary_large_image","twitter_misc":{"Gesch\u00e4tzte Lesezeit":"1\u00a0Minute"},"schema":{"@context":"https:\/\/schema.org","@graph":[{"@type":"WebPage","@id":"https:\/\/www.wurzel-ranch.de\/wrhome\/zurueck-zum-shop\/steppjacke-blau\/","url":"https:\/\/www.wurzel-ranch.de\/wrhome\/zurueck-zum-shop\/steppjacke-blau\/","name":"Steppjacke blau - Wurzel-Ranch","isPartOf":{"@id":"https:\/\/www.wurzel-ranch.de\/wrhome\/#website"},"primaryImageOfPage":{"@id":"https:\/\/www.wurzel-ranch.de\/wrhome\/zurueck-zum-shop\/steppjacke-blau\/#primaryimage"},"image":{"@id":"https:\/\/www.wurzel-ranch.de\/wrhome\/zurueck-zum-shop\/steppjacke-blau\/#primaryimage"},"thumbnailUrl":"https:\/\/www.wurzel-ranch.de\/wrhome\/wp-content\/uploads\/IMG-20231204-WA0115.jpg","datePublished":"2023-12-12T12:01:30+00:00","dateModified":"2024-10-10T08:05:13+00:00","breadcrumb":{"@id":"https:\/\/www.wurzel-ranch.de\/wrhome\/zurueck-zum-shop\/steppjacke-blau\/#breadcrumb"},"inLanguage":"de","potentialAction":[{"@type":"ReadAction","target":["https:\/\/www.wurzel-ranch.de\/wrhome\/zurueck-zum-shop\/steppjacke-blau\/"]}]},{"@type":"ImageObject","inLanguage":"de","@id":"https:\/\/www.wurzel-ranch.de\/wrhome\/zurueck-zum-shop\/steppjacke-blau\/#primaryimage","url":"https:\/\/www.wurzel-ranch.de\/wrhome\/wp-content\/uploads\/IMG-20231204-WA0115.jpg","contentUrl":"https:\/\/www.wurzel-ranch.de\/wrhome\/wp-content\/uploads\/IMG-20231204-WA0115.jpg","width":1441,"height":1510},{"@type":"BreadcrumbList","@id":"https:\/\/www.wurzel-ranch.de\/wrhome\/zurueck-zum-shop\/steppjacke-blau\/#breadcrumb","itemListElement":[{"@type":"ListItem","position":1,"name":"Startseite","item":"https:\/\/www.wurzel-ranch.de\/wrhome\/"},{"@type":"ListItem","position":2,"name":"Zur\u00fcck zum Shop","item":"https:\/\/www.wurzel-ranch.de\/wrhome\/zurueck-zum-shop\/"},{"@type":"ListItem","position":3,"name":"Steppjacke blau"}]},{"@type":"WebSite","@id":"https:\/\/www.wurzel-ranch.de\/wrhome\/#website","url":"https:\/\/www.wurzel-ranch.de\/wrhome\/","name":"Wurzel-Ranch","description":"","publisher":{"@id":"https:\/\/www.wurzel-ranch.de\/wrhome\/#organization"},"potentialAction":[{"@type":"SearchAction","target":{"@type":"EntryPoint","urlTemplate":"https:\/\/www.wurzel-ranch.de\/wrhome\/?s={search_term_string}"},"query-input":{"@type":"PropertyValueSpecification","valueRequired":true,"valueName":"search_term_string"}}],"inLanguage":"de"},{"@type":"Organization","@id":"https:\/\/www.wurzel-ranch.de\/wrhome\/#organization","name":"Wurzel-Ranch","url":"https:\/\/www.wurzel-ranch.de\/wrhome\/","logo":{"@type":"ImageObject","inLanguage":"de","@id":"https:\/\/www.wurzel-ranch.de\/wrhome\/#\/schema\/logo\/image\/","url":"https:\/\/www.wurzel-ranch.de\/wrhome\/wp-content\/uploads\/WurzelRanch.png","contentUrl":"https:\/\/www.wurzel-ranch.de\/wrhome\/wp-content\/uploads\/WurzelRanch.png","width":332,"height":376,"caption":"Wurzel-Ranch"},"image":{"@id":"https:\/\/www.wurzel-ranch.de\/wrhome\/#\/schema\/logo\/image\/"},"sameAs":["https:\/\/www.instagram.com\/wurzelranch"]}]}},"_links":{"self":[{"href":"https:\/\/www.wurzel-ranch.de\/wrhome\/wp-json\/wp\/v2\/product\/6002","targetHints":{"allow":["GET"]}}],"collection":[{"href":"https:\/\/www.wurzel-ranch.de\/wrhome\/wp-json\/wp\/v2\/product"}],"about":[{"href":"https:\/\/www.wurzel-ranch.de\/wrhome\/wp-json\/wp\/v2\/types\/product"}],"replies":[{"embeddable":true,"href":"https:\/\/www.wurzel-ranch.de\/wrhome\/wp-json\/wp\/v2\/comments?post=6002"}],"wp:featuredmedia":[{"embeddable":true,"href":"https:\/\/www.wurzel-ranch.de\/wrhome\/wp-json\/wp\/v2\/media\/6009"}],"wp:attachment":[{"href":"https:\/\/www.wurzel-ranch.de\/wrhome\/wp-json\/wp\/v2\/media?parent=6002"}],"wp:term":[{"taxonomy":"product_brand","embeddable":true,"href":"https:\/\/www.wurzel-ranch.de\/wrhome\/wp-json\/wp\/v2\/product_brand?post=6002"},{"taxonomy":"product_cat","embeddable":true,"href":"https:\/\/www.wurzel-ranch.de\/wrhome\/wp-json\/wp\/v2\/product_cat?post=6002"},{"taxonomy":"product_tag","embeddable":true,"href":"https:\/\/www.wurzel-ranch.de\/wrhome\/wp-json\/wp\/v2\/product_tag?post=6002"}],"curies":[{"name":"wp","href":"https:\/\/api.w.org\/{rel}","templated":true}]}}