{"id":3073,"date":"2021-03-04T18:06:06","date_gmt":"2021-03-04T16:06:06","guid":{"rendered":"https:\/\/www.wurzel-ranch.de\/wrhome\/?post_type=product&#038;p=3073"},"modified":"2023-01-22T10:54:01","modified_gmt":"2023-01-22T08:54:01","slug":"lehrbuch-pferdefuehrerschein-umgang","status":"publish","type":"product","link":"https:\/\/www.wurzel-ranch.de\/wrhome\/zurueck-zum-shop\/lehrbuch-pferdefuehrerschein-umgang\/","title":{"rendered":"Lehrbuch Pferdef\u00fchrerschein Umgang mit dem Pferd"},"content":{"rendered":"<p><span style=\"font-family: arial, helvetica, sans-serif;\">offizielles FN Pr\u00fcfungsbuch f\u00fcr den Pferdef\u00fchrerschein Umgang<\/span><\/p>\n<p><span style=\"text-decoration: underline;\"><strong><span style=\"font-family: arial, helvetica, sans-serif;\">Aus dem Inhalt:<\/span><\/strong><\/span><\/p>\n<ul>\n<li><span style=\"font-family: arial, helvetica, sans-serif;\">Pferdeverhalten und artgerechter Umgang<\/span><\/li>\n<li><span style=\"font-family: arial, helvetica, sans-serif;\">K\u00f6rperbau, Rassen, Zucht<\/span><\/li>\n<li><span style=\"font-family: arial, helvetica, sans-serif;\">Pferdpflege und Anlegen von Ausr\u00fcstung<\/span><\/li>\n<li><span style=\"font-family: arial, helvetica, sans-serif;\">Haltung und Bewegungsangebote<\/span><\/li>\n<li><span style=\"font-family: arial, helvetica, sans-serif;\">F\u00fctterung\u00a0<\/span><\/li>\n<li><span style=\"font-family: arial, helvetica, sans-serif;\">Gesundheitsf\u00fcrsorge, Krankheiten<\/span><\/li>\n<li><span style=\"font-family: arial, helvetica, sans-serif;\">Sicheres F\u00fchren, Bew\u00e4ltigen von allt\u00e4glichen Situationen mit dem Pferd, Bodenarbeit<\/span><\/li>\n<li><span style=\"font-family: arial, helvetica, sans-serif;\">Umgang im \u00f6ffentlichen Raum und im Stra\u00dfenverkehr, Verladen<\/span><\/li>\n<\/ul>\n<p>&nbsp;<\/p>\n","protected":false},"excerpt":{"rendered":"<p><span style=\"font-family: arial, helvetica, sans-serif;\">offizielles FN Pr\u00fcfungsbuch f\u00fcr den Pferdef\u00fchrerschein Umgang<\/span><\/p>\n","protected":false},"featured_media":3141,"comment_status":"open","ping_status":"closed","template":"","meta":[],"product_brand":[],"product_cat":[75,80],"product_tag":[],"class_list":{"0":"post-3073","1":"product","2":"type-product","3":"status-publish","4":"has-post-thumbnail","6":"product_cat-accessoires","7":"product_cat-buecher","9":"first","10":"outofstock","11":"taxable","12":"shipping-taxable","13":"purchasable","14":"product-type-simple"},"yoast_head":"<!-- This site is optimized with the Yoast SEO plugin v26.8 - https:\/\/yoast.com\/product\/yoast-seo-wordpress\/ -->\n<title>Lehrbuch Pferdef\u00fchrerschein Umgang mit dem Pferd - Wurzel-Ranch<\/title>\n<meta name=\"robots\" content=\"index, follow, max-snippet:-1, max-image-preview:large, max-video-preview:-1\" \/>\n<link rel=\"canonical\" href=\"https:\/\/www.wurzel-ranch.de\/wrhome\/zurueck-zum-shop\/lehrbuch-pferdefuehrerschein-umgang\/\" \/>\n<meta property=\"og:locale\" content=\"de_DE\" \/>\n<meta property=\"og:type\" content=\"article\" \/>\n<meta property=\"og:title\" content=\"Lehrbuch Pferdef\u00fchrerschein Umgang mit dem Pferd - Wurzel-Ranch\" \/>\n<meta property=\"og:description\" content=\"offizielles FN Pr\u00fcfungsbuch f\u00fcr den Pferdef\u00fchrerschein Umgang\" \/>\n<meta property=\"og:url\" content=\"https:\/\/www.wurzel-ranch.de\/wrhome\/zurueck-zum-shop\/lehrbuch-pferdefuehrerschein-umgang\/\" \/>\n<meta property=\"og:site_name\" content=\"Wurzel-Ranch\" \/>\n<meta property=\"article:modified_time\" content=\"2023-01-22T08:54:01+00:00\" \/>\n<meta property=\"og:image\" content=\"https:\/\/www.wurzel-ranch.de\/wrhome\/wp-content\/uploads\/910032.jpg\" \/>\n\t<meta property=\"og:image:width\" content=\"1050\" \/>\n\t<meta property=\"og:image:height\" content=\"1400\" \/>\n\t<meta property=\"og:image:type\" content=\"image\/jpeg\" \/>\n<meta name=\"twitter:card\" content=\"summary_large_image\" \/>\n<script type=\"application\/ld+json\" class=\"yoast-schema-graph\">{\"@context\":\"https:\/\/schema.org\",\"@graph\":[{\"@type\":\"WebPage\",\"@id\":\"https:\/\/www.wurzel-ranch.de\/wrhome\/zurueck-zum-shop\/lehrbuch-pferdefuehrerschein-umgang\/\",\"url\":\"https:\/\/www.wurzel-ranch.de\/wrhome\/zurueck-zum-shop\/lehrbuch-pferdefuehrerschein-umgang\/\",\"name\":\"Lehrbuch Pferdef\u00fchrerschein Umgang mit dem Pferd - Wurzel-Ranch\",\"isPartOf\":{\"@id\":\"https:\/\/www.wurzel-ranch.de\/wrhome\/#website\"},\"primaryImageOfPage\":{\"@id\":\"https:\/\/www.wurzel-ranch.de\/wrhome\/zurueck-zum-shop\/lehrbuch-pferdefuehrerschein-umgang\/#primaryimage\"},\"image\":{\"@id\":\"https:\/\/www.wurzel-ranch.de\/wrhome\/zurueck-zum-shop\/lehrbuch-pferdefuehrerschein-umgang\/#primaryimage\"},\"thumbnailUrl\":\"https:\/\/www.wurzel-ranch.de\/wrhome\/wp-content\/uploads\/910032.jpg\",\"datePublished\":\"2021-03-04T16:06:06+00:00\",\"dateModified\":\"2023-01-22T08:54:01+00:00\",\"breadcrumb\":{\"@id\":\"https:\/\/www.wurzel-ranch.de\/wrhome\/zurueck-zum-shop\/lehrbuch-pferdefuehrerschein-umgang\/#breadcrumb\"},\"inLanguage\":\"de\",\"potentialAction\":[{\"@type\":\"ReadAction\",\"target\":[\"https:\/\/www.wurzel-ranch.de\/wrhome\/zurueck-zum-shop\/lehrbuch-pferdefuehrerschein-umgang\/\"]}]},{\"@type\":\"ImageObject\",\"inLanguage\":\"de\",\"@id\":\"https:\/\/www.wurzel-ranch.de\/wrhome\/zurueck-zum-shop\/lehrbuch-pferdefuehrerschein-umgang\/#primaryimage\",\"url\":\"https:\/\/www.wurzel-ranch.de\/wrhome\/wp-content\/uploads\/910032.jpg\",\"contentUrl\":\"https:\/\/www.wurzel-ranch.de\/wrhome\/wp-content\/uploads\/910032.jpg\",\"width\":1050,\"height\":1400},{\"@type\":\"BreadcrumbList\",\"@id\":\"https:\/\/www.wurzel-ranch.de\/wrhome\/zurueck-zum-shop\/lehrbuch-pferdefuehrerschein-umgang\/#breadcrumb\",\"itemListElement\":[{\"@type\":\"ListItem\",\"position\":1,\"name\":\"Startseite\",\"item\":\"https:\/\/www.wurzel-ranch.de\/wrhome\/\"},{\"@type\":\"ListItem\",\"position\":2,\"name\":\"Zur\u00fcck zum Shop\",\"item\":\"https:\/\/www.wurzel-ranch.de\/wrhome\/zurueck-zum-shop\/\"},{\"@type\":\"ListItem\",\"position\":3,\"name\":\"Lehrbuch Pferdef\u00fchrerschein Umgang mit dem Pferd\"}]},{\"@type\":\"WebSite\",\"@id\":\"https:\/\/www.wurzel-ranch.de\/wrhome\/#website\",\"url\":\"https:\/\/www.wurzel-ranch.de\/wrhome\/\",\"name\":\"Wurzel-Ranch\",\"description\":\"\",\"publisher\":{\"@id\":\"https:\/\/www.wurzel-ranch.de\/wrhome\/#organization\"},\"potentialAction\":[{\"@type\":\"SearchAction\",\"target\":{\"@type\":\"EntryPoint\",\"urlTemplate\":\"https:\/\/www.wurzel-ranch.de\/wrhome\/?s={search_term_string}\"},\"query-input\":{\"@type\":\"PropertyValueSpecification\",\"valueRequired\":true,\"valueName\":\"search_term_string\"}}],\"inLanguage\":\"de\"},{\"@type\":\"Organization\",\"@id\":\"https:\/\/www.wurzel-ranch.de\/wrhome\/#organization\",\"name\":\"Wurzel-Ranch\",\"url\":\"https:\/\/www.wurzel-ranch.de\/wrhome\/\",\"logo\":{\"@type\":\"ImageObject\",\"inLanguage\":\"de\",\"@id\":\"https:\/\/www.wurzel-ranch.de\/wrhome\/#\/schema\/logo\/image\/\",\"url\":\"https:\/\/www.wurzel-ranch.de\/wrhome\/wp-content\/uploads\/WurzelRanch.png\",\"contentUrl\":\"https:\/\/www.wurzel-ranch.de\/wrhome\/wp-content\/uploads\/WurzelRanch.png\",\"width\":332,\"height\":376,\"caption\":\"Wurzel-Ranch\"},\"image\":{\"@id\":\"https:\/\/www.wurzel-ranch.de\/wrhome\/#\/schema\/logo\/image\/\"},\"sameAs\":[\"https:\/\/www.instagram.com\/wurzelranch\"]}]}<\/script>\n<!-- \/ Yoast SEO plugin. -->","yoast_head_json":{"title":"Lehrbuch Pferdef\u00fchrerschein Umgang mit dem Pferd - Wurzel-Ranch","robots":{"index":"index","follow":"follow","max-snippet":"max-snippet:-1","max-image-preview":"max-image-preview:large","max-video-preview":"max-video-preview:-1"},"canonical":"https:\/\/www.wurzel-ranch.de\/wrhome\/zurueck-zum-shop\/lehrbuch-pferdefuehrerschein-umgang\/","og_locale":"de_DE","og_type":"article","og_title":"Lehrbuch Pferdef\u00fchrerschein Umgang mit dem Pferd - Wurzel-Ranch","og_description":"offizielles FN Pr\u00fcfungsbuch f\u00fcr den Pferdef\u00fchrerschein Umgang","og_url":"https:\/\/www.wurzel-ranch.de\/wrhome\/zurueck-zum-shop\/lehrbuch-pferdefuehrerschein-umgang\/","og_site_name":"Wurzel-Ranch","article_modified_time":"2023-01-22T08:54:01+00:00","og_image":[{"width":1050,"height":1400,"url":"https:\/\/www.wurzel-ranch.de\/wrhome\/wp-content\/uploads\/910032.jpg","type":"image\/jpeg"}],"twitter_card":"summary_large_image","schema":{"@context":"https:\/\/schema.org","@graph":[{"@type":"WebPage","@id":"https:\/\/www.wurzel-ranch.de\/wrhome\/zurueck-zum-shop\/lehrbuch-pferdefuehrerschein-umgang\/","url":"https:\/\/www.wurzel-ranch.de\/wrhome\/zurueck-zum-shop\/lehrbuch-pferdefuehrerschein-umgang\/","name":"Lehrbuch Pferdef\u00fchrerschein Umgang mit dem Pferd - Wurzel-Ranch","isPartOf":{"@id":"https:\/\/www.wurzel-ranch.de\/wrhome\/#website"},"primaryImageOfPage":{"@id":"https:\/\/www.wurzel-ranch.de\/wrhome\/zurueck-zum-shop\/lehrbuch-pferdefuehrerschein-umgang\/#primaryimage"},"image":{"@id":"https:\/\/www.wurzel-ranch.de\/wrhome\/zurueck-zum-shop\/lehrbuch-pferdefuehrerschein-umgang\/#primaryimage"},"thumbnailUrl":"https:\/\/www.wurzel-ranch.de\/wrhome\/wp-content\/uploads\/910032.jpg","datePublished":"2021-03-04T16:06:06+00:00","dateModified":"2023-01-22T08:54:01+00:00","breadcrumb":{"@id":"https:\/\/www.wurzel-ranch.de\/wrhome\/zurueck-zum-shop\/lehrbuch-pferdefuehrerschein-umgang\/#breadcrumb"},"inLanguage":"de","potentialAction":[{"@type":"ReadAction","target":["https:\/\/www.wurzel-ranch.de\/wrhome\/zurueck-zum-shop\/lehrbuch-pferdefuehrerschein-umgang\/"]}]},{"@type":"ImageObject","inLanguage":"de","@id":"https:\/\/www.wurzel-ranch.de\/wrhome\/zurueck-zum-shop\/lehrbuch-pferdefuehrerschein-umgang\/#primaryimage","url":"https:\/\/www.wurzel-ranch.de\/wrhome\/wp-content\/uploads\/910032.jpg","contentUrl":"https:\/\/www.wurzel-ranch.de\/wrhome\/wp-content\/uploads\/910032.jpg","width":1050,"height":1400},{"@type":"BreadcrumbList","@id":"https:\/\/www.wurzel-ranch.de\/wrhome\/zurueck-zum-shop\/lehrbuch-pferdefuehrerschein-umgang\/#breadcrumb","itemListElement":[{"@type":"ListItem","position":1,"name":"Startseite","item":"https:\/\/www.wurzel-ranch.de\/wrhome\/"},{"@type":"ListItem","position":2,"name":"Zur\u00fcck zum Shop","item":"https:\/\/www.wurzel-ranch.de\/wrhome\/zurueck-zum-shop\/"},{"@type":"ListItem","position":3,"name":"Lehrbuch Pferdef\u00fchrerschein Umgang mit dem Pferd"}]},{"@type":"WebSite","@id":"https:\/\/www.wurzel-ranch.de\/wrhome\/#website","url":"https:\/\/www.wurzel-ranch.de\/wrhome\/","name":"Wurzel-Ranch","description":"","publisher":{"@id":"https:\/\/www.wurzel-ranch.de\/wrhome\/#organization"},"potentialAction":[{"@type":"SearchAction","target":{"@type":"EntryPoint","urlTemplate":"https:\/\/www.wurzel-ranch.de\/wrhome\/?s={search_term_string}"},"query-input":{"@type":"PropertyValueSpecification","valueRequired":true,"valueName":"search_term_string"}}],"inLanguage":"de"},{"@type":"Organization","@id":"https:\/\/www.wurzel-ranch.de\/wrhome\/#organization","name":"Wurzel-Ranch","url":"https:\/\/www.wurzel-ranch.de\/wrhome\/","logo":{"@type":"ImageObject","inLanguage":"de","@id":"https:\/\/www.wurzel-ranch.de\/wrhome\/#\/schema\/logo\/image\/","url":"https:\/\/www.wurzel-ranch.de\/wrhome\/wp-content\/uploads\/WurzelRanch.png","contentUrl":"https:\/\/www.wurzel-ranch.de\/wrhome\/wp-content\/uploads\/WurzelRanch.png","width":332,"height":376,"caption":"Wurzel-Ranch"},"image":{"@id":"https:\/\/www.wurzel-ranch.de\/wrhome\/#\/schema\/logo\/image\/"},"sameAs":["https:\/\/www.instagram.com\/wurzelranch"]}]}},"_links":{"self":[{"href":"https:\/\/www.wurzel-ranch.de\/wrhome\/wp-json\/wp\/v2\/product\/3073","targetHints":{"allow":["GET"]}}],"collection":[{"href":"https:\/\/www.wurzel-ranch.de\/wrhome\/wp-json\/wp\/v2\/product"}],"about":[{"href":"https:\/\/www.wurzel-ranch.de\/wrhome\/wp-json\/wp\/v2\/types\/product"}],"replies":[{"embeddable":true,"href":"https:\/\/www.wurzel-ranch.de\/wrhome\/wp-json\/wp\/v2\/comments?post=3073"}],"wp:featuredmedia":[{"embeddable":true,"href":"https:\/\/www.wurzel-ranch.de\/wrhome\/wp-json\/wp\/v2\/media\/3141"}],"wp:attachment":[{"href":"https:\/\/www.wurzel-ranch.de\/wrhome\/wp-json\/wp\/v2\/media?parent=3073"}],"wp:term":[{"taxonomy":"product_brand","embeddable":true,"href":"https:\/\/www.wurzel-ranch.de\/wrhome\/wp-json\/wp\/v2\/product_brand?post=3073"},{"taxonomy":"product_cat","embeddable":true,"href":"https:\/\/www.wurzel-ranch.de\/wrhome\/wp-json\/wp\/v2\/product_cat?post=3073"},{"taxonomy":"product_tag","embeddable":true,"href":"https:\/\/www.wurzel-ranch.de\/wrhome\/wp-json\/wp\/v2\/product_tag?post=3073"}],"curies":[{"name":"wp","href":"https:\/\/api.w.org\/{rel}","templated":true}]}}