{"id":2589,"date":"2020-12-05T07:34:59","date_gmt":"2020-12-05T05:34:59","guid":{"rendered":"https:\/\/www.wurzel-ranch.de\/wrhome\/?post_type=product&#038;p=2589"},"modified":"2025-11-28T20:54:26","modified_gmt":"2025-11-28T18:54:26","slug":"gutschein-schafwanderung","status":"publish","type":"product","link":"https:\/\/www.wurzel-ranch.de\/wrhome\/zurueck-zum-shop\/gutschein-schafwanderung\/","title":{"rendered":"Gutschein Schafwanderung"},"content":{"rendered":"<p><span style=\"font-family: helvetica, arial, sans-serif;\">Das perfekte Geschenk &#8211; Gutschein f\u00fcr eine Wanderung mit den Schafen der Wurzel-Ranch, Anne und Liese. <\/span><\/p>\n<p><span style=\"font-family: helvetica, arial, sans-serif;\">Dauer der Wanderung ist 1 Stunde.<\/span><\/p>\n<p><span style=\"font-family: helvetica, arial, sans-serif;\">Der Preis wird pro Schaf bzw. pro Teilnehmer der ein Schaf f\u00fchrt berechnet. Maximal sind 2 Schafe verf\u00fcgbar. <\/span><\/p>\n<p><span style=\"font-family: helvetica, arial, sans-serif;\">Weitere Teilnehmer k\u00f6nnen ohne Aufpreis mitwandern.<\/span><\/p>\n<p><span style=\"font-family: helvetica, arial, sans-serif;\">Nach der Bestellung und erfolgreicher Zahlung erh\u00e4lst du einen Downloadlink und kannst den Gutschein sofort selbst ausdrucken.<\/span><\/p>\n","protected":false},"excerpt":{"rendered":"<p><span style=\"font-family: helvetica, arial, sans-serif;\">Das perfekte Geschenk &#8211; Gutschein f\u00fcr eine Wanderung mit den Schafen der Wurzel-Ranch, Anne und Liese. Dauer 1 Stunde.<\/span><\/p>\n<p><span style=\"font-family: helvetica, arial, sans-serif;\">Der Preis wird pro Schaf bzw. pro Teilnehmer der ein Schaf f\u00fchrt berechnet. (Maximal 2 Schafe verf\u00fcgbar.) Weitere Teilnehmer k\u00f6nnen ohne Aufpreis mitwandern.<\/span><\/p>\n<p><span style=\"font-family: helvetica, arial, sans-serif;\">Nach der Bestellung und erfolgreicher Zahlung erh\u00e4lst du einen Downloadlink und kannst den Gutschein sofort selbst ausdrucken.<\/span><\/p>\n","protected":false},"featured_media":2604,"comment_status":"open","ping_status":"closed","template":"","meta":[],"product_brand":[],"product_cat":[76],"product_tag":[],"class_list":{"0":"post-2589","1":"product","2":"type-product","3":"status-publish","4":"has-post-thumbnail","6":"product_cat-gutscheine","8":"first","9":"instock","10":"taxable","11":"shipping-taxable","12":"purchasable","13":"product-type-variable"},"yoast_head":"<!-- This site is optimized with the Yoast SEO plugin v26.8 - https:\/\/yoast.com\/product\/yoast-seo-wordpress\/ -->\n<title>Gutschein Schafwanderung - Wurzel-Ranch<\/title>\n<meta name=\"robots\" content=\"index, follow, max-snippet:-1, max-image-preview:large, max-video-preview:-1\" \/>\n<link rel=\"canonical\" href=\"https:\/\/www.wurzel-ranch.de\/wrhome\/zurueck-zum-shop\/gutschein-schafwanderung\/\" \/>\n<meta property=\"og:locale\" content=\"de_DE\" \/>\n<meta property=\"og:type\" content=\"article\" \/>\n<meta property=\"og:title\" content=\"Gutschein Schafwanderung - Wurzel-Ranch\" \/>\n<meta property=\"og:description\" content=\"Das perfekte Geschenk - Gutschein f\u00fcr eine Wanderung mit den Schafen der Wurzel-Ranch, Anne und Liese. Dauer 1 Stunde.  Der Preis wird pro Schaf bzw. pro Teilnehmer der ein Schaf f\u00fchrt berechnet. (Maximal 2 Schafe verf\u00fcgbar.) Weitere Teilnehmer k\u00f6nnen ohne Aufpreis mitwandern.  Nach der Bestellung und erfolgreicher Zahlung erh\u00e4lst du einen Downloadlink und kannst den Gutschein sofort selbst ausdrucken.\" \/>\n<meta property=\"og:url\" content=\"https:\/\/www.wurzel-ranch.de\/wrhome\/zurueck-zum-shop\/gutschein-schafwanderung\/\" \/>\n<meta property=\"og:site_name\" content=\"Wurzel-Ranch\" \/>\n<meta property=\"article:modified_time\" content=\"2025-11-28T18:54:26+00:00\" \/>\n<meta property=\"og:image\" content=\"https:\/\/www.wurzel-ranch.de\/wrhome\/wp-content\/uploads\/Schafwanderung_b-1.jpg\" \/>\n\t<meta property=\"og:image:width\" content=\"836\" \/>\n\t<meta property=\"og:image:height\" content=\"1024\" \/>\n\t<meta property=\"og:image:type\" content=\"image\/jpeg\" \/>\n<meta name=\"twitter:card\" content=\"summary_large_image\" \/>\n<script type=\"application\/ld+json\" class=\"yoast-schema-graph\">{\"@context\":\"https:\/\/schema.org\",\"@graph\":[{\"@type\":\"WebPage\",\"@id\":\"https:\/\/www.wurzel-ranch.de\/wrhome\/zurueck-zum-shop\/gutschein-schafwanderung\/\",\"url\":\"https:\/\/www.wurzel-ranch.de\/wrhome\/zurueck-zum-shop\/gutschein-schafwanderung\/\",\"name\":\"Gutschein Schafwanderung - Wurzel-Ranch\",\"isPartOf\":{\"@id\":\"https:\/\/www.wurzel-ranch.de\/wrhome\/#website\"},\"primaryImageOfPage\":{\"@id\":\"https:\/\/www.wurzel-ranch.de\/wrhome\/zurueck-zum-shop\/gutschein-schafwanderung\/#primaryimage\"},\"image\":{\"@id\":\"https:\/\/www.wurzel-ranch.de\/wrhome\/zurueck-zum-shop\/gutschein-schafwanderung\/#primaryimage\"},\"thumbnailUrl\":\"https:\/\/www.wurzel-ranch.de\/wrhome\/wp-content\/uploads\/Schafwanderung_b-1.jpg\",\"datePublished\":\"2020-12-05T05:34:59+00:00\",\"dateModified\":\"2025-11-28T18:54:26+00:00\",\"breadcrumb\":{\"@id\":\"https:\/\/www.wurzel-ranch.de\/wrhome\/zurueck-zum-shop\/gutschein-schafwanderung\/#breadcrumb\"},\"inLanguage\":\"de\",\"potentialAction\":[{\"@type\":\"ReadAction\",\"target\":[\"https:\/\/www.wurzel-ranch.de\/wrhome\/zurueck-zum-shop\/gutschein-schafwanderung\/\"]}]},{\"@type\":\"ImageObject\",\"inLanguage\":\"de\",\"@id\":\"https:\/\/www.wurzel-ranch.de\/wrhome\/zurueck-zum-shop\/gutschein-schafwanderung\/#primaryimage\",\"url\":\"https:\/\/www.wurzel-ranch.de\/wrhome\/wp-content\/uploads\/Schafwanderung_b-1.jpg\",\"contentUrl\":\"https:\/\/www.wurzel-ranch.de\/wrhome\/wp-content\/uploads\/Schafwanderung_b-1.jpg\",\"width\":836,\"height\":1024},{\"@type\":\"BreadcrumbList\",\"@id\":\"https:\/\/www.wurzel-ranch.de\/wrhome\/zurueck-zum-shop\/gutschein-schafwanderung\/#breadcrumb\",\"itemListElement\":[{\"@type\":\"ListItem\",\"position\":1,\"name\":\"Startseite\",\"item\":\"https:\/\/www.wurzel-ranch.de\/wrhome\/\"},{\"@type\":\"ListItem\",\"position\":2,\"name\":\"Zur\u00fcck zum Shop\",\"item\":\"https:\/\/www.wurzel-ranch.de\/wrhome\/zurueck-zum-shop\/\"},{\"@type\":\"ListItem\",\"position\":3,\"name\":\"Gutschein Schafwanderung\"}]},{\"@type\":\"WebSite\",\"@id\":\"https:\/\/www.wurzel-ranch.de\/wrhome\/#website\",\"url\":\"https:\/\/www.wurzel-ranch.de\/wrhome\/\",\"name\":\"Wurzel-Ranch\",\"description\":\"\",\"publisher\":{\"@id\":\"https:\/\/www.wurzel-ranch.de\/wrhome\/#organization\"},\"potentialAction\":[{\"@type\":\"SearchAction\",\"target\":{\"@type\":\"EntryPoint\",\"urlTemplate\":\"https:\/\/www.wurzel-ranch.de\/wrhome\/?s={search_term_string}\"},\"query-input\":{\"@type\":\"PropertyValueSpecification\",\"valueRequired\":true,\"valueName\":\"search_term_string\"}}],\"inLanguage\":\"de\"},{\"@type\":\"Organization\",\"@id\":\"https:\/\/www.wurzel-ranch.de\/wrhome\/#organization\",\"name\":\"Wurzel-Ranch\",\"url\":\"https:\/\/www.wurzel-ranch.de\/wrhome\/\",\"logo\":{\"@type\":\"ImageObject\",\"inLanguage\":\"de\",\"@id\":\"https:\/\/www.wurzel-ranch.de\/wrhome\/#\/schema\/logo\/image\/\",\"url\":\"https:\/\/www.wurzel-ranch.de\/wrhome\/wp-content\/uploads\/WurzelRanch.png\",\"contentUrl\":\"https:\/\/www.wurzel-ranch.de\/wrhome\/wp-content\/uploads\/WurzelRanch.png\",\"width\":332,\"height\":376,\"caption\":\"Wurzel-Ranch\"},\"image\":{\"@id\":\"https:\/\/www.wurzel-ranch.de\/wrhome\/#\/schema\/logo\/image\/\"},\"sameAs\":[\"https:\/\/www.instagram.com\/wurzelranch\"]}]}<\/script>\n<!-- \/ Yoast SEO plugin. -->","yoast_head_json":{"title":"Gutschein Schafwanderung - Wurzel-Ranch","robots":{"index":"index","follow":"follow","max-snippet":"max-snippet:-1","max-image-preview":"max-image-preview:large","max-video-preview":"max-video-preview:-1"},"canonical":"https:\/\/www.wurzel-ranch.de\/wrhome\/zurueck-zum-shop\/gutschein-schafwanderung\/","og_locale":"de_DE","og_type":"article","og_title":"Gutschein Schafwanderung - Wurzel-Ranch","og_description":"Das perfekte Geschenk - Gutschein f\u00fcr eine Wanderung mit den Schafen der Wurzel-Ranch, Anne und Liese. Dauer 1 Stunde.  Der Preis wird pro Schaf bzw. pro Teilnehmer der ein Schaf f\u00fchrt berechnet. (Maximal 2 Schafe verf\u00fcgbar.) Weitere Teilnehmer k\u00f6nnen ohne Aufpreis mitwandern.  Nach der Bestellung und erfolgreicher Zahlung erh\u00e4lst du einen Downloadlink und kannst den Gutschein sofort selbst ausdrucken.","og_url":"https:\/\/www.wurzel-ranch.de\/wrhome\/zurueck-zum-shop\/gutschein-schafwanderung\/","og_site_name":"Wurzel-Ranch","article_modified_time":"2025-11-28T18:54:26+00:00","og_image":[{"width":836,"height":1024,"url":"https:\/\/www.wurzel-ranch.de\/wrhome\/wp-content\/uploads\/Schafwanderung_b-1.jpg","type":"image\/jpeg"}],"twitter_card":"summary_large_image","schema":{"@context":"https:\/\/schema.org","@graph":[{"@type":"WebPage","@id":"https:\/\/www.wurzel-ranch.de\/wrhome\/zurueck-zum-shop\/gutschein-schafwanderung\/","url":"https:\/\/www.wurzel-ranch.de\/wrhome\/zurueck-zum-shop\/gutschein-schafwanderung\/","name":"Gutschein Schafwanderung - Wurzel-Ranch","isPartOf":{"@id":"https:\/\/www.wurzel-ranch.de\/wrhome\/#website"},"primaryImageOfPage":{"@id":"https:\/\/www.wurzel-ranch.de\/wrhome\/zurueck-zum-shop\/gutschein-schafwanderung\/#primaryimage"},"image":{"@id":"https:\/\/www.wurzel-ranch.de\/wrhome\/zurueck-zum-shop\/gutschein-schafwanderung\/#primaryimage"},"thumbnailUrl":"https:\/\/www.wurzel-ranch.de\/wrhome\/wp-content\/uploads\/Schafwanderung_b-1.jpg","datePublished":"2020-12-05T05:34:59+00:00","dateModified":"2025-11-28T18:54:26+00:00","breadcrumb":{"@id":"https:\/\/www.wurzel-ranch.de\/wrhome\/zurueck-zum-shop\/gutschein-schafwanderung\/#breadcrumb"},"inLanguage":"de","potentialAction":[{"@type":"ReadAction","target":["https:\/\/www.wurzel-ranch.de\/wrhome\/zurueck-zum-shop\/gutschein-schafwanderung\/"]}]},{"@type":"ImageObject","inLanguage":"de","@id":"https:\/\/www.wurzel-ranch.de\/wrhome\/zurueck-zum-shop\/gutschein-schafwanderung\/#primaryimage","url":"https:\/\/www.wurzel-ranch.de\/wrhome\/wp-content\/uploads\/Schafwanderung_b-1.jpg","contentUrl":"https:\/\/www.wurzel-ranch.de\/wrhome\/wp-content\/uploads\/Schafwanderung_b-1.jpg","width":836,"height":1024},{"@type":"BreadcrumbList","@id":"https:\/\/www.wurzel-ranch.de\/wrhome\/zurueck-zum-shop\/gutschein-schafwanderung\/#breadcrumb","itemListElement":[{"@type":"ListItem","position":1,"name":"Startseite","item":"https:\/\/www.wurzel-ranch.de\/wrhome\/"},{"@type":"ListItem","position":2,"name":"Zur\u00fcck zum Shop","item":"https:\/\/www.wurzel-ranch.de\/wrhome\/zurueck-zum-shop\/"},{"@type":"ListItem","position":3,"name":"Gutschein Schafwanderung"}]},{"@type":"WebSite","@id":"https:\/\/www.wurzel-ranch.de\/wrhome\/#website","url":"https:\/\/www.wurzel-ranch.de\/wrhome\/","name":"Wurzel-Ranch","description":"","publisher":{"@id":"https:\/\/www.wurzel-ranch.de\/wrhome\/#organization"},"potentialAction":[{"@type":"SearchAction","target":{"@type":"EntryPoint","urlTemplate":"https:\/\/www.wurzel-ranch.de\/wrhome\/?s={search_term_string}"},"query-input":{"@type":"PropertyValueSpecification","valueRequired":true,"valueName":"search_term_string"}}],"inLanguage":"de"},{"@type":"Organization","@id":"https:\/\/www.wurzel-ranch.de\/wrhome\/#organization","name":"Wurzel-Ranch","url":"https:\/\/www.wurzel-ranch.de\/wrhome\/","logo":{"@type":"ImageObject","inLanguage":"de","@id":"https:\/\/www.wurzel-ranch.de\/wrhome\/#\/schema\/logo\/image\/","url":"https:\/\/www.wurzel-ranch.de\/wrhome\/wp-content\/uploads\/WurzelRanch.png","contentUrl":"https:\/\/www.wurzel-ranch.de\/wrhome\/wp-content\/uploads\/WurzelRanch.png","width":332,"height":376,"caption":"Wurzel-Ranch"},"image":{"@id":"https:\/\/www.wurzel-ranch.de\/wrhome\/#\/schema\/logo\/image\/"},"sameAs":["https:\/\/www.instagram.com\/wurzelranch"]}]}},"_links":{"self":[{"href":"https:\/\/www.wurzel-ranch.de\/wrhome\/wp-json\/wp\/v2\/product\/2589","targetHints":{"allow":["GET"]}}],"collection":[{"href":"https:\/\/www.wurzel-ranch.de\/wrhome\/wp-json\/wp\/v2\/product"}],"about":[{"href":"https:\/\/www.wurzel-ranch.de\/wrhome\/wp-json\/wp\/v2\/types\/product"}],"replies":[{"embeddable":true,"href":"https:\/\/www.wurzel-ranch.de\/wrhome\/wp-json\/wp\/v2\/comments?post=2589"}],"wp:featuredmedia":[{"embeddable":true,"href":"https:\/\/www.wurzel-ranch.de\/wrhome\/wp-json\/wp\/v2\/media\/2604"}],"wp:attachment":[{"href":"https:\/\/www.wurzel-ranch.de\/wrhome\/wp-json\/wp\/v2\/media?parent=2589"}],"wp:term":[{"taxonomy":"product_brand","embeddable":true,"href":"https:\/\/www.wurzel-ranch.de\/wrhome\/wp-json\/wp\/v2\/product_brand?post=2589"},{"taxonomy":"product_cat","embeddable":true,"href":"https:\/\/www.wurzel-ranch.de\/wrhome\/wp-json\/wp\/v2\/product_cat?post=2589"},{"taxonomy":"product_tag","embeddable":true,"href":"https:\/\/www.wurzel-ranch.de\/wrhome\/wp-json\/wp\/v2\/product_tag?post=2589"}],"curies":[{"name":"wp","href":"https:\/\/api.w.org\/{rel}","templated":true}]}}