{"id":2544,"date":"2020-12-05T06:48:22","date_gmt":"2020-12-05T04:48:22","guid":{"rendered":"https:\/\/www.wurzel-ranch.de\/wrhome\/?post_type=product&#038;p=2544"},"modified":"2025-12-10T20:41:07","modified_gmt":"2025-12-10T18:41:07","slug":"winterparka-junior","status":"publish","type":"product","link":"https:\/\/www.wurzel-ranch.de\/wrhome\/zurueck-zum-shop\/winterparka-junior\/","title":{"rendered":"Winterparka Junior"},"content":{"rendered":"<p><span style=\"font-family: helvetica, arial, sans-serif;\">Ein absolutes muss f\u00fcr kalte Tage im Stall ! Gef\u00fctterter wasserdichter Winterparka f\u00fcr Kinder mit Kapuze h\u00e4lt dich trocken und warm. Die Reflektorstreifen sorgen f\u00fcr Sicherheit durch Sichtbarkeit. Durch das Wurzel-Ranch Logo vorne auf der Brust links in klein und am R\u00fccken mittig gro\u00df sieht man auch sofort, dass du mit zur Wurzel-Ranch Crew geh\u00f6rst!<\/span><\/p>\n<ul>\n<li><span style=\"font-family: helvetica, arial, sans-serif;\">Saum mit verstellbarem Kordelzug (gem\u00e4\u00df EN14682)<\/span><\/li>\n<li><span style=\"font-family: helvetica, arial, sans-serif;\">Versteckte, 3-teilige Kapuze im Kragen<\/span><\/li>\n<li><span style=\"font-family: helvetica, arial, sans-serif;\">Wasserdicht bis 2.000 mm und winddicht<\/span><\/li>\n<li><span style=\"font-family: helvetica, arial, sans-serif;\"> schnell trocknend<\/span><\/li>\n<li><span style=\"font-family: helvetica, arial, sans-serif;\">30 Grad waschbar<\/span><\/li>\n<li><span style=\"font-family: helvetica, arial, sans-serif;\">b\u00fcgeln erlaubt<\/span><\/li>\n<li><span style=\"font-family: helvetica, arial, sans-serif;\">Zwei Fronttaschen (links mit Namensschild)<\/span><\/li>\n<li><span style=\"font-family: helvetica, arial, sans-serif;\">Wasserdichte, verschwei\u00dfte N\u00e4hte<\/span><\/li>\n<li><span style=\"font-family: helvetica, arial, sans-serif;\">Mit Fleece gef\u00fctterte Taschen<\/span><\/li>\n<li><span style=\"font-family: helvetica, arial, sans-serif;\">Elastische \u00c4rmelb\u00fcndchen<\/span><\/li>\n<li><span style=\"font-family: helvetica, arial, sans-serif;\">Reflektorelemente an den \u00c4rmeln und im unteren R\u00fcckenbereich<\/span><\/li>\n<li><span style=\"font-family: helvetica, arial, sans-serif;\">Material: Au\u00dfen: 100% Storm-Dri Polyester Pongee mit PU-Beschichtung\/ Futter: 160 g\/m\u00b2 Polyester Wattierung<\/span><\/li>\n<li><span style=\"font-family: helvetica, arial, sans-serif;\">Graues Innenfutter<\/span><\/li>\n<li><span style=\"font-family: helvetica, arial, sans-serif;\">Lang geschnitten<\/span><\/li>\n<li><span style=\"font-family: helvetica, arial, sans-serif;\">Diese Jacke besteht zu mehr als 25% aus recycelten Materialien<\/span><\/li>\n<li><span style=\"font-family: helvetica, arial, sans-serif;\">Gr\u00f6\u00dfenlauf: XS (3\/4), S (5\/6), M (7\/8), L (9\/10)<\/span><\/li>\n<\/ul>\n","protected":false},"excerpt":{"rendered":"<p><span style=\"font-family: helvetica, arial, sans-serif;\">Ein absolutes muss f\u00fcr kalte Tage im Stall ! Gef\u00fctterter wasserdichter Winterparka f\u00fcr Kinder mit Kapuze h\u00e4lt dich trocken und warm. Die Reflektorstreifen sorgen f\u00fcr Sicherheit durch Sichtbarkeit. Durch das Wurzel-Ranch Logo vorne auf der Brust links in klein und am R\u00fccken mittig gro\u00df sieht man auch sofort, dass du mit zur Wurzel-Ranch Crew geh\u00f6rst!<\/span><\/p>\n","protected":false},"featured_media":2551,"comment_status":"open","ping_status":"closed","template":"","meta":[],"product_brand":[],"product_cat":[77,71,70],"product_tag":[],"class_list":{"0":"post-2544","1":"product","2":"type-product","3":"status-publish","4":"has-post-thumbnail","6":"product_cat-shop-startseite-feature","7":"product_cat-kinder","8":"product_cat-winter","10":"first","11":"instock","12":"taxable","13":"shipping-taxable","14":"purchasable","15":"product-type-variable","16":"has-default-attributes"},"yoast_head":"<!-- This site is optimized with the Yoast SEO plugin v26.8 - https:\/\/yoast.com\/product\/yoast-seo-wordpress\/ -->\n<title>Winterparka Junior - Wurzel-Ranch<\/title>\n<meta name=\"robots\" content=\"index, follow, max-snippet:-1, max-image-preview:large, max-video-preview:-1\" \/>\n<link rel=\"canonical\" href=\"https:\/\/www.wurzel-ranch.de\/wrhome\/zurueck-zum-shop\/winterparka-junior\/\" \/>\n<meta property=\"og:locale\" content=\"de_DE\" \/>\n<meta property=\"og:type\" content=\"article\" \/>\n<meta property=\"og:title\" content=\"Winterparka Junior - Wurzel-Ranch\" \/>\n<meta property=\"og:description\" content=\"Ein absolutes muss f\u00fcr kalte Tage im Stall ! Gef\u00fctterter wasserdichter Winterparka f\u00fcr Kinder mit Kapuze h\u00e4lt dich trocken und warm. Die Reflektorstreifen sorgen f\u00fcr Sicherheit durch Sichtbarkeit. Durch das Wurzel-Ranch Logo vorne auf der Brust links in klein und am R\u00fccken mittig gro\u00df sieht man auch sofort, dass du mit zur Wurzel-Ranch Crew geh\u00f6rst!\" \/>\n<meta property=\"og:url\" content=\"https:\/\/www.wurzel-ranch.de\/wrhome\/zurueck-zum-shop\/winterparka-junior\/\" \/>\n<meta property=\"og:site_name\" content=\"Wurzel-Ranch\" \/>\n<meta property=\"article:modified_time\" content=\"2025-12-10T18:41:07+00:00\" \/>\n<meta property=\"og:image\" content=\"https:\/\/www.wurzel-ranch.de\/wrhome\/wp-content\/uploads\/Winterparker_Front_b.jpg\" \/>\n\t<meta property=\"og:image:width\" content=\"836\" \/>\n\t<meta property=\"og:image:height\" content=\"1024\" \/>\n\t<meta property=\"og:image:type\" content=\"image\/jpeg\" \/>\n<meta name=\"twitter:card\" content=\"summary_large_image\" \/>\n<meta name=\"twitter:label1\" content=\"Gesch\u00e4tzte Lesezeit\" \/>\n\t<meta name=\"twitter:data1\" content=\"1\u00a0Minute\" \/>\n<script type=\"application\/ld+json\" class=\"yoast-schema-graph\">{\"@context\":\"https:\/\/schema.org\",\"@graph\":[{\"@type\":\"WebPage\",\"@id\":\"https:\/\/www.wurzel-ranch.de\/wrhome\/zurueck-zum-shop\/winterparka-junior\/\",\"url\":\"https:\/\/www.wurzel-ranch.de\/wrhome\/zurueck-zum-shop\/winterparka-junior\/\",\"name\":\"Winterparka Junior - Wurzel-Ranch\",\"isPartOf\":{\"@id\":\"https:\/\/www.wurzel-ranch.de\/wrhome\/#website\"},\"primaryImageOfPage\":{\"@id\":\"https:\/\/www.wurzel-ranch.de\/wrhome\/zurueck-zum-shop\/winterparka-junior\/#primaryimage\"},\"image\":{\"@id\":\"https:\/\/www.wurzel-ranch.de\/wrhome\/zurueck-zum-shop\/winterparka-junior\/#primaryimage\"},\"thumbnailUrl\":\"https:\/\/www.wurzel-ranch.de\/wrhome\/wp-content\/uploads\/Winterparker_Front_b.jpg\",\"datePublished\":\"2020-12-05T04:48:22+00:00\",\"dateModified\":\"2025-12-10T18:41:07+00:00\",\"breadcrumb\":{\"@id\":\"https:\/\/www.wurzel-ranch.de\/wrhome\/zurueck-zum-shop\/winterparka-junior\/#breadcrumb\"},\"inLanguage\":\"de\",\"potentialAction\":[{\"@type\":\"ReadAction\",\"target\":[\"https:\/\/www.wurzel-ranch.de\/wrhome\/zurueck-zum-shop\/winterparka-junior\/\"]}]},{\"@type\":\"ImageObject\",\"inLanguage\":\"de\",\"@id\":\"https:\/\/www.wurzel-ranch.de\/wrhome\/zurueck-zum-shop\/winterparka-junior\/#primaryimage\",\"url\":\"https:\/\/www.wurzel-ranch.de\/wrhome\/wp-content\/uploads\/Winterparker_Front_b.jpg\",\"contentUrl\":\"https:\/\/www.wurzel-ranch.de\/wrhome\/wp-content\/uploads\/Winterparker_Front_b.jpg\",\"width\":836,\"height\":1024},{\"@type\":\"BreadcrumbList\",\"@id\":\"https:\/\/www.wurzel-ranch.de\/wrhome\/zurueck-zum-shop\/winterparka-junior\/#breadcrumb\",\"itemListElement\":[{\"@type\":\"ListItem\",\"position\":1,\"name\":\"Startseite\",\"item\":\"https:\/\/www.wurzel-ranch.de\/wrhome\/\"},{\"@type\":\"ListItem\",\"position\":2,\"name\":\"Zur\u00fcck zum Shop\",\"item\":\"https:\/\/www.wurzel-ranch.de\/wrhome\/zurueck-zum-shop\/\"},{\"@type\":\"ListItem\",\"position\":3,\"name\":\"Winterparka Junior\"}]},{\"@type\":\"WebSite\",\"@id\":\"https:\/\/www.wurzel-ranch.de\/wrhome\/#website\",\"url\":\"https:\/\/www.wurzel-ranch.de\/wrhome\/\",\"name\":\"Wurzel-Ranch\",\"description\":\"\",\"publisher\":{\"@id\":\"https:\/\/www.wurzel-ranch.de\/wrhome\/#organization\"},\"potentialAction\":[{\"@type\":\"SearchAction\",\"target\":{\"@type\":\"EntryPoint\",\"urlTemplate\":\"https:\/\/www.wurzel-ranch.de\/wrhome\/?s={search_term_string}\"},\"query-input\":{\"@type\":\"PropertyValueSpecification\",\"valueRequired\":true,\"valueName\":\"search_term_string\"}}],\"inLanguage\":\"de\"},{\"@type\":\"Organization\",\"@id\":\"https:\/\/www.wurzel-ranch.de\/wrhome\/#organization\",\"name\":\"Wurzel-Ranch\",\"url\":\"https:\/\/www.wurzel-ranch.de\/wrhome\/\",\"logo\":{\"@type\":\"ImageObject\",\"inLanguage\":\"de\",\"@id\":\"https:\/\/www.wurzel-ranch.de\/wrhome\/#\/schema\/logo\/image\/\",\"url\":\"https:\/\/www.wurzel-ranch.de\/wrhome\/wp-content\/uploads\/WurzelRanch.png\",\"contentUrl\":\"https:\/\/www.wurzel-ranch.de\/wrhome\/wp-content\/uploads\/WurzelRanch.png\",\"width\":332,\"height\":376,\"caption\":\"Wurzel-Ranch\"},\"image\":{\"@id\":\"https:\/\/www.wurzel-ranch.de\/wrhome\/#\/schema\/logo\/image\/\"},\"sameAs\":[\"https:\/\/www.instagram.com\/wurzelranch\"]}]}<\/script>\n<!-- \/ Yoast SEO plugin. -->","yoast_head_json":{"title":"Winterparka Junior - Wurzel-Ranch","robots":{"index":"index","follow":"follow","max-snippet":"max-snippet:-1","max-image-preview":"max-image-preview:large","max-video-preview":"max-video-preview:-1"},"canonical":"https:\/\/www.wurzel-ranch.de\/wrhome\/zurueck-zum-shop\/winterparka-junior\/","og_locale":"de_DE","og_type":"article","og_title":"Winterparka Junior - Wurzel-Ranch","og_description":"Ein absolutes muss f\u00fcr kalte Tage im Stall ! Gef\u00fctterter wasserdichter Winterparka f\u00fcr Kinder mit Kapuze h\u00e4lt dich trocken und warm. Die Reflektorstreifen sorgen f\u00fcr Sicherheit durch Sichtbarkeit. Durch das Wurzel-Ranch Logo vorne auf der Brust links in klein und am R\u00fccken mittig gro\u00df sieht man auch sofort, dass du mit zur Wurzel-Ranch Crew geh\u00f6rst!","og_url":"https:\/\/www.wurzel-ranch.de\/wrhome\/zurueck-zum-shop\/winterparka-junior\/","og_site_name":"Wurzel-Ranch","article_modified_time":"2025-12-10T18:41:07+00:00","og_image":[{"width":836,"height":1024,"url":"https:\/\/www.wurzel-ranch.de\/wrhome\/wp-content\/uploads\/Winterparker_Front_b.jpg","type":"image\/jpeg"}],"twitter_card":"summary_large_image","twitter_misc":{"Gesch\u00e4tzte Lesezeit":"1\u00a0Minute"},"schema":{"@context":"https:\/\/schema.org","@graph":[{"@type":"WebPage","@id":"https:\/\/www.wurzel-ranch.de\/wrhome\/zurueck-zum-shop\/winterparka-junior\/","url":"https:\/\/www.wurzel-ranch.de\/wrhome\/zurueck-zum-shop\/winterparka-junior\/","name":"Winterparka Junior - Wurzel-Ranch","isPartOf":{"@id":"https:\/\/www.wurzel-ranch.de\/wrhome\/#website"},"primaryImageOfPage":{"@id":"https:\/\/www.wurzel-ranch.de\/wrhome\/zurueck-zum-shop\/winterparka-junior\/#primaryimage"},"image":{"@id":"https:\/\/www.wurzel-ranch.de\/wrhome\/zurueck-zum-shop\/winterparka-junior\/#primaryimage"},"thumbnailUrl":"https:\/\/www.wurzel-ranch.de\/wrhome\/wp-content\/uploads\/Winterparker_Front_b.jpg","datePublished":"2020-12-05T04:48:22+00:00","dateModified":"2025-12-10T18:41:07+00:00","breadcrumb":{"@id":"https:\/\/www.wurzel-ranch.de\/wrhome\/zurueck-zum-shop\/winterparka-junior\/#breadcrumb"},"inLanguage":"de","potentialAction":[{"@type":"ReadAction","target":["https:\/\/www.wurzel-ranch.de\/wrhome\/zurueck-zum-shop\/winterparka-junior\/"]}]},{"@type":"ImageObject","inLanguage":"de","@id":"https:\/\/www.wurzel-ranch.de\/wrhome\/zurueck-zum-shop\/winterparka-junior\/#primaryimage","url":"https:\/\/www.wurzel-ranch.de\/wrhome\/wp-content\/uploads\/Winterparker_Front_b.jpg","contentUrl":"https:\/\/www.wurzel-ranch.de\/wrhome\/wp-content\/uploads\/Winterparker_Front_b.jpg","width":836,"height":1024},{"@type":"BreadcrumbList","@id":"https:\/\/www.wurzel-ranch.de\/wrhome\/zurueck-zum-shop\/winterparka-junior\/#breadcrumb","itemListElement":[{"@type":"ListItem","position":1,"name":"Startseite","item":"https:\/\/www.wurzel-ranch.de\/wrhome\/"},{"@type":"ListItem","position":2,"name":"Zur\u00fcck zum Shop","item":"https:\/\/www.wurzel-ranch.de\/wrhome\/zurueck-zum-shop\/"},{"@type":"ListItem","position":3,"name":"Winterparka Junior"}]},{"@type":"WebSite","@id":"https:\/\/www.wurzel-ranch.de\/wrhome\/#website","url":"https:\/\/www.wurzel-ranch.de\/wrhome\/","name":"Wurzel-Ranch","description":"","publisher":{"@id":"https:\/\/www.wurzel-ranch.de\/wrhome\/#organization"},"potentialAction":[{"@type":"SearchAction","target":{"@type":"EntryPoint","urlTemplate":"https:\/\/www.wurzel-ranch.de\/wrhome\/?s={search_term_string}"},"query-input":{"@type":"PropertyValueSpecification","valueRequired":true,"valueName":"search_term_string"}}],"inLanguage":"de"},{"@type":"Organization","@id":"https:\/\/www.wurzel-ranch.de\/wrhome\/#organization","name":"Wurzel-Ranch","url":"https:\/\/www.wurzel-ranch.de\/wrhome\/","logo":{"@type":"ImageObject","inLanguage":"de","@id":"https:\/\/www.wurzel-ranch.de\/wrhome\/#\/schema\/logo\/image\/","url":"https:\/\/www.wurzel-ranch.de\/wrhome\/wp-content\/uploads\/WurzelRanch.png","contentUrl":"https:\/\/www.wurzel-ranch.de\/wrhome\/wp-content\/uploads\/WurzelRanch.png","width":332,"height":376,"caption":"Wurzel-Ranch"},"image":{"@id":"https:\/\/www.wurzel-ranch.de\/wrhome\/#\/schema\/logo\/image\/"},"sameAs":["https:\/\/www.instagram.com\/wurzelranch"]}]}},"_links":{"self":[{"href":"https:\/\/www.wurzel-ranch.de\/wrhome\/wp-json\/wp\/v2\/product\/2544","targetHints":{"allow":["GET"]}}],"collection":[{"href":"https:\/\/www.wurzel-ranch.de\/wrhome\/wp-json\/wp\/v2\/product"}],"about":[{"href":"https:\/\/www.wurzel-ranch.de\/wrhome\/wp-json\/wp\/v2\/types\/product"}],"replies":[{"embeddable":true,"href":"https:\/\/www.wurzel-ranch.de\/wrhome\/wp-json\/wp\/v2\/comments?post=2544"}],"wp:featuredmedia":[{"embeddable":true,"href":"https:\/\/www.wurzel-ranch.de\/wrhome\/wp-json\/wp\/v2\/media\/2551"}],"wp:attachment":[{"href":"https:\/\/www.wurzel-ranch.de\/wrhome\/wp-json\/wp\/v2\/media?parent=2544"}],"wp:term":[{"taxonomy":"product_brand","embeddable":true,"href":"https:\/\/www.wurzel-ranch.de\/wrhome\/wp-json\/wp\/v2\/product_brand?post=2544"},{"taxonomy":"product_cat","embeddable":true,"href":"https:\/\/www.wurzel-ranch.de\/wrhome\/wp-json\/wp\/v2\/product_cat?post=2544"},{"taxonomy":"product_tag","embeddable":true,"href":"https:\/\/www.wurzel-ranch.de\/wrhome\/wp-json\/wp\/v2\/product_tag?post=2544"}],"curies":[{"name":"wp","href":"https:\/\/api.w.org\/{rel}","templated":true}]}}