{"id":604,"date":"2019-02-04T18:11:58","date_gmt":"2019-02-04T18:11:58","guid":{"rendered":"http:\/\/www.wurzel-ranch.de\/wrhome\/?page_id=604"},"modified":"2025-10-28T13:33:24","modified_gmt":"2025-10-28T11:33:24","slug":"home","status":"publish","type":"page","link":"https:\/\/www.wurzel-ranch.de\/wrhome\/","title":{"rendered":"Home"},"content":{"rendered":"\n\n\t<div class=\"ditty ditty--pre\" data-id=\"4091\" data-uniqid=\"ditty-69e1b97d4ac04\" data-ajax_load=\"1\" data-live_updates=\"1\"><\/div>\n<h1>\n\t\tFjordpferde mitten im Herzen Niederbayerns\n\t<\/h1>\n\t\t\t\t<img decoding=\"async\" src=\"http:\/\/www.wurzel-ranch.de\/wrhome\/wp-content\/uploads\/wurzel-ranch1.jpg\" alt=\"wurzel-ranch1\" itemprop=\"image\" title=\"wurzel-ranch1\" onerror=\"this.style.display='none'\"  \/>\n\t<h2>&#8211; Artgerechte Haltung im Offenstall &#8211;<br \/>\ndie Wurzel-Ranch<\/h2>\n<p>Image already added<\/p>\n\t\t\t<a href=\"http:\/\/www.wurzel-ranch.de\/wrhome\/uber-uns\/\" target=\"_self\">\n\t\t\t\t\t\t\tmehr \u00fcber uns\n\t\t\t<\/a>\n<h3>\n\t\tReit-Angebote\n\t<\/h3>\n\t\t\t\t<img decoding=\"async\" src=\"http:\/\/www.wurzel-ranch.de\/wrhome\/wp-content\/uploads\/ru_main-300x229.jpg\" alt=\"ru_main\" itemprop=\"image\" title=\"ru_main\" onerror=\"this.style.display='none'\"  \/>\n\t&#8211; Sozialp\u00e4dagogisch begleitetes Reiten<br \/>\n&#8211; Einzel- und Gruppenreitunterricht<br \/>\n&#8211; Lehrg\u00e4nge und Abzeichenpr\u00fcfungen<br \/>\n-Longenstunden\n\t\t\t<a href=\"https:\/\/www.wurzel-ranch.de\/wrhome\/angebote\/\" target=\"_self\">\n\t\t\t\t\t\t\tzu unseren Angeboten\n\t\t\t<\/a>\n<h3>\n\t\tKooperation mit Einrichtungen\n\t<\/h3>\n\t\t\t\t<img decoding=\"async\" src=\"http:\/\/www.wurzel-ranch.de\/wrhome\/wp-content\/uploads\/unterrichtpony.jpg\" alt=\"unterrichtpony\" itemprop=\"image\" title=\"unterrichtpony\" onerror=\"this.style.display='none'\"  \/>\n\t&#8211; Soziales Kompetenztraining<br \/>\nmit dem Pony<br \/>\n&#8211; &#8220;Lern-Abenteuer&#8221; Ponyhof\n<p>Image already added<\/p>\n\t\t\t<a href=\"https:\/\/www.wurzel-ranch.de\/wrhome\/anfrage\/\" target=\"_self\">\n\t\t\t\t\t\t\tKontaktaufnahme\n\t\t\t<\/a>\n\t<h3>So findet ihr uns<\/h3>\n\t<iframe loading=\"lazy\" src=\"https:\/\/www.google.com\/maps\/d\/embed?mid=1UsQo6um-tBTUQddCLiyd_vG_iPFOzJw&#038;ehbc=2E312F\" width=\"990\" height=\"480\"><\/iframe>\n\n","protected":false},"excerpt":{"rendered":"<p>Fjordpferde mitten im Herzen Niederbayerns &#8211; Artgerechte Haltung im Offenstall &#8211; die Wurzel-Ranch Image already added mehr \u00fcber uns Reit-Angebote &#8211; Sozialp\u00e4dagogisch begleitetes Reiten &#8211; Einzel- und Gruppenreitunterricht &#8211; Lehrg\u00e4nge und Abzeichenpr\u00fcfungen -Longenstunden zu unseren Angeboten Kooperation mit Einrichtungen &#8211; Soziales Kompetenztraining mit dem Pony &#8211; &#8220;Lern-Abenteuer&#8221; Ponyhof Image already added Kontaktaufnahme So findet ihr&hellip;<\/p>\n","protected":false},"author":3,"featured_media":0,"parent":0,"menu_order":0,"comment_status":"closed","ping_status":"closed","template":"","meta":{"footnotes":""},"class_list":["post-604","page","type-page","status-publish","hentry"],"yoast_head":"<!-- This site is optimized with the Yoast SEO plugin v26.8 - https:\/\/yoast.com\/product\/yoast-seo-wordpress\/ -->\n<title>Home - Wurzel-Ranch<\/title>\n<meta name=\"robots\" content=\"index, follow, max-snippet:-1, max-image-preview:large, max-video-preview:-1\" \/>\n<link rel=\"canonical\" href=\"https:\/\/www.wurzel-ranch.de\/wrhome\/\" \/>\n<meta property=\"og:locale\" content=\"de_DE\" \/>\n<meta property=\"og:type\" content=\"article\" \/>\n<meta property=\"og:title\" content=\"Home - Wurzel-Ranch\" \/>\n<meta property=\"og:description\" content=\"Fjordpferde mitten im Herzen Niederbayerns &#8211; Artgerechte Haltung im Offenstall &#8211; die Wurzel-Ranch Image already added mehr \u00fcber uns Reit-Angebote &#8211; Sozialp\u00e4dagogisch begleitetes Reiten &#8211; Einzel- und Gruppenreitunterricht &#8211; Lehrg\u00e4nge und Abzeichenpr\u00fcfungen -Longenstunden zu unseren Angeboten Kooperation mit Einrichtungen &#8211; Soziales Kompetenztraining mit dem Pony &#8211; &#8220;Lern-Abenteuer&#8221; Ponyhof Image already added Kontaktaufnahme So findet ihr&hellip;\" \/>\n<meta property=\"og:url\" content=\"https:\/\/www.wurzel-ranch.de\/wrhome\/\" \/>\n<meta property=\"og:site_name\" content=\"Wurzel-Ranch\" \/>\n<meta property=\"article:modified_time\" content=\"2025-10-28T11:33:24+00:00\" \/>\n<meta property=\"og:image\" content=\"http:\/\/www.wurzel-ranch.de\/wrhome\/wp-content\/uploads\/wurzel-ranch1.jpg\" \/>\n<meta name=\"twitter:card\" content=\"summary_large_image\" \/>\n<script type=\"application\/ld+json\" class=\"yoast-schema-graph\">{\"@context\":\"https:\/\/schema.org\",\"@graph\":[{\"@type\":\"WebPage\",\"@id\":\"https:\/\/www.wurzel-ranch.de\/wrhome\/\",\"url\":\"https:\/\/www.wurzel-ranch.de\/wrhome\/\",\"name\":\"Home - Wurzel-Ranch\",\"isPartOf\":{\"@id\":\"https:\/\/www.wurzel-ranch.de\/wrhome\/#website\"},\"primaryImageOfPage\":{\"@id\":\"https:\/\/www.wurzel-ranch.de\/wrhome\/#primaryimage\"},\"image\":{\"@id\":\"https:\/\/www.wurzel-ranch.de\/wrhome\/#primaryimage\"},\"thumbnailUrl\":\"http:\/\/www.wurzel-ranch.de\/wrhome\/wp-content\/uploads\/wurzel-ranch1.jpg\",\"datePublished\":\"2019-02-04T18:11:58+00:00\",\"dateModified\":\"2025-10-28T11:33:24+00:00\",\"breadcrumb\":{\"@id\":\"https:\/\/www.wurzel-ranch.de\/wrhome\/#breadcrumb\"},\"inLanguage\":\"de\",\"potentialAction\":[{\"@type\":\"ReadAction\",\"target\":[\"https:\/\/www.wurzel-ranch.de\/wrhome\/\"]}]},{\"@type\":\"ImageObject\",\"inLanguage\":\"de\",\"@id\":\"https:\/\/www.wurzel-ranch.de\/wrhome\/#primaryimage\",\"url\":\"https:\/\/www.wurzel-ranch.de\/wrhome\/wp-content\/uploads\/wurzel-ranch1.jpg\",\"contentUrl\":\"https:\/\/www.wurzel-ranch.de\/wrhome\/wp-content\/uploads\/wurzel-ranch1.jpg\",\"width\":500,\"height\":261},{\"@type\":\"BreadcrumbList\",\"@id\":\"https:\/\/www.wurzel-ranch.de\/wrhome\/#breadcrumb\",\"itemListElement\":[{\"@type\":\"ListItem\",\"position\":1,\"name\":\"Startseite\",\"item\":\"https:\/\/www.wurzel-ranch.de\/wrhome\/\"},{\"@type\":\"ListItem\",\"position\":2,\"name\":\"Home\"}]},{\"@type\":\"WebSite\",\"@id\":\"https:\/\/www.wurzel-ranch.de\/wrhome\/#website\",\"url\":\"https:\/\/www.wurzel-ranch.de\/wrhome\/\",\"name\":\"Wurzel-Ranch\",\"description\":\"\",\"publisher\":{\"@id\":\"https:\/\/www.wurzel-ranch.de\/wrhome\/#organization\"},\"potentialAction\":[{\"@type\":\"SearchAction\",\"target\":{\"@type\":\"EntryPoint\",\"urlTemplate\":\"https:\/\/www.wurzel-ranch.de\/wrhome\/?s={search_term_string}\"},\"query-input\":{\"@type\":\"PropertyValueSpecification\",\"valueRequired\":true,\"valueName\":\"search_term_string\"}}],\"inLanguage\":\"de\"},{\"@type\":\"Organization\",\"@id\":\"https:\/\/www.wurzel-ranch.de\/wrhome\/#organization\",\"name\":\"Wurzel-Ranch\",\"url\":\"https:\/\/www.wurzel-ranch.de\/wrhome\/\",\"logo\":{\"@type\":\"ImageObject\",\"inLanguage\":\"de\",\"@id\":\"https:\/\/www.wurzel-ranch.de\/wrhome\/#\/schema\/logo\/image\/\",\"url\":\"https:\/\/www.wurzel-ranch.de\/wrhome\/wp-content\/uploads\/WurzelRanch.png\",\"contentUrl\":\"https:\/\/www.wurzel-ranch.de\/wrhome\/wp-content\/uploads\/WurzelRanch.png\",\"width\":332,\"height\":376,\"caption\":\"Wurzel-Ranch\"},\"image\":{\"@id\":\"https:\/\/www.wurzel-ranch.de\/wrhome\/#\/schema\/logo\/image\/\"},\"sameAs\":[\"https:\/\/www.instagram.com\/wurzelranch\"]}]}<\/script>\n<!-- \/ Yoast SEO plugin. -->","yoast_head_json":{"title":"Home - Wurzel-Ranch","robots":{"index":"index","follow":"follow","max-snippet":"max-snippet:-1","max-image-preview":"max-image-preview:large","max-video-preview":"max-video-preview:-1"},"canonical":"https:\/\/www.wurzel-ranch.de\/wrhome\/","og_locale":"de_DE","og_type":"article","og_title":"Home - Wurzel-Ranch","og_description":"Fjordpferde mitten im Herzen Niederbayerns &#8211; Artgerechte Haltung im Offenstall &#8211; die Wurzel-Ranch Image already added mehr \u00fcber uns Reit-Angebote &#8211; Sozialp\u00e4dagogisch begleitetes Reiten &#8211; Einzel- und Gruppenreitunterricht &#8211; Lehrg\u00e4nge und Abzeichenpr\u00fcfungen -Longenstunden zu unseren Angeboten Kooperation mit Einrichtungen &#8211; Soziales Kompetenztraining mit dem Pony &#8211; &#8220;Lern-Abenteuer&#8221; Ponyhof Image already added Kontaktaufnahme So findet ihr&hellip;","og_url":"https:\/\/www.wurzel-ranch.de\/wrhome\/","og_site_name":"Wurzel-Ranch","article_modified_time":"2025-10-28T11:33:24+00:00","og_image":[{"url":"http:\/\/www.wurzel-ranch.de\/wrhome\/wp-content\/uploads\/wurzel-ranch1.jpg","type":"","width":"","height":""}],"twitter_card":"summary_large_image","schema":{"@context":"https:\/\/schema.org","@graph":[{"@type":"WebPage","@id":"https:\/\/www.wurzel-ranch.de\/wrhome\/","url":"https:\/\/www.wurzel-ranch.de\/wrhome\/","name":"Home - Wurzel-Ranch","isPartOf":{"@id":"https:\/\/www.wurzel-ranch.de\/wrhome\/#website"},"primaryImageOfPage":{"@id":"https:\/\/www.wurzel-ranch.de\/wrhome\/#primaryimage"},"image":{"@id":"https:\/\/www.wurzel-ranch.de\/wrhome\/#primaryimage"},"thumbnailUrl":"http:\/\/www.wurzel-ranch.de\/wrhome\/wp-content\/uploads\/wurzel-ranch1.jpg","datePublished":"2019-02-04T18:11:58+00:00","dateModified":"2025-10-28T11:33:24+00:00","breadcrumb":{"@id":"https:\/\/www.wurzel-ranch.de\/wrhome\/#breadcrumb"},"inLanguage":"de","potentialAction":[{"@type":"ReadAction","target":["https:\/\/www.wurzel-ranch.de\/wrhome\/"]}]},{"@type":"ImageObject","inLanguage":"de","@id":"https:\/\/www.wurzel-ranch.de\/wrhome\/#primaryimage","url":"https:\/\/www.wurzel-ranch.de\/wrhome\/wp-content\/uploads\/wurzel-ranch1.jpg","contentUrl":"https:\/\/www.wurzel-ranch.de\/wrhome\/wp-content\/uploads\/wurzel-ranch1.jpg","width":500,"height":261},{"@type":"BreadcrumbList","@id":"https:\/\/www.wurzel-ranch.de\/wrhome\/#breadcrumb","itemListElement":[{"@type":"ListItem","position":1,"name":"Startseite","item":"https:\/\/www.wurzel-ranch.de\/wrhome\/"},{"@type":"ListItem","position":2,"name":"Home"}]},{"@type":"WebSite","@id":"https:\/\/www.wurzel-ranch.de\/wrhome\/#website","url":"https:\/\/www.wurzel-ranch.de\/wrhome\/","name":"Wurzel-Ranch","description":"","publisher":{"@id":"https:\/\/www.wurzel-ranch.de\/wrhome\/#organization"},"potentialAction":[{"@type":"SearchAction","target":{"@type":"EntryPoint","urlTemplate":"https:\/\/www.wurzel-ranch.de\/wrhome\/?s={search_term_string}"},"query-input":{"@type":"PropertyValueSpecification","valueRequired":true,"valueName":"search_term_string"}}],"inLanguage":"de"},{"@type":"Organization","@id":"https:\/\/www.wurzel-ranch.de\/wrhome\/#organization","name":"Wurzel-Ranch","url":"https:\/\/www.wurzel-ranch.de\/wrhome\/","logo":{"@type":"ImageObject","inLanguage":"de","@id":"https:\/\/www.wurzel-ranch.de\/wrhome\/#\/schema\/logo\/image\/","url":"https:\/\/www.wurzel-ranch.de\/wrhome\/wp-content\/uploads\/WurzelRanch.png","contentUrl":"https:\/\/www.wurzel-ranch.de\/wrhome\/wp-content\/uploads\/WurzelRanch.png","width":332,"height":376,"caption":"Wurzel-Ranch"},"image":{"@id":"https:\/\/www.wurzel-ranch.de\/wrhome\/#\/schema\/logo\/image\/"},"sameAs":["https:\/\/www.instagram.com\/wurzelranch"]}]}},"_links":{"self":[{"href":"https:\/\/www.wurzel-ranch.de\/wrhome\/wp-json\/wp\/v2\/pages\/604","targetHints":{"allow":["GET"]}}],"collection":[{"href":"https:\/\/www.wurzel-ranch.de\/wrhome\/wp-json\/wp\/v2\/pages"}],"about":[{"href":"https:\/\/www.wurzel-ranch.de\/wrhome\/wp-json\/wp\/v2\/types\/page"}],"author":[{"embeddable":true,"href":"https:\/\/www.wurzel-ranch.de\/wrhome\/wp-json\/wp\/v2\/users\/3"}],"replies":[{"embeddable":true,"href":"https:\/\/www.wurzel-ranch.de\/wrhome\/wp-json\/wp\/v2\/comments?post=604"}],"version-history":[{"count":0,"href":"https:\/\/www.wurzel-ranch.de\/wrhome\/wp-json\/wp\/v2\/pages\/604\/revisions"}],"wp:attachment":[{"href":"https:\/\/www.wurzel-ranch.de\/wrhome\/wp-json\/wp\/v2\/media?parent=604"}],"curies":[{"name":"wp","href":"https:\/\/api.w.org\/{rel}","templated":true}]}}