{"id":5512,"date":"2023-05-09T14:40:42","date_gmt":"2023-05-09T12:40:42","guid":{"rendered":"https:\/\/www.wurzel-ranch.de\/wrhome\/?page_id=5512"},"modified":"2023-11-11T13:01:59","modified_gmt":"2023-11-11T11:01:59","slug":"5512-2","status":"publish","type":"page","link":"https:\/\/www.wurzel-ranch.de\/wrhome\/5512-2\/","title":{"rendered":"Wanderritte Wurzel-Ranch"},"content":{"rendered":"\n\n\tUnter den folgenden Links k\u00f6nnt ihr euch f\u00fcr die Wanderritte anmelden.<br \/>\nHier vorab nochmal Informationen zu den Wanderritten:\n<h3><strong>2-Tages-Sternritt<\/strong><\/h3>\n<p><strong><em>Voraussetzungen<\/em><\/strong>:<\/p>\n<p>Sattelfestigkeit in allen Gangarten, Sicheres Beherrschung von Leichttrab und leichtem Sitz im Galopp, Ausreichende Fitness f\u00fcr ca 5-6 Stunden pro Tag im Sattel, selbstst\u00e4ndiges Satteln &amp; Trensen des Pferdes<\/p>\n<p>Besonderheiten: Dieser Ritt ist ein Sack&amp;Pack Ritt ohne extra Gep\u00e4cktransport<\/p>\n<p>inklusive \u00dcbernachtung mit Abendessen und Fr\u00fchst\u00fcck<\/p>\n<p><strong><em>Dauer<\/em><\/strong>: jeweils 5-6 Std Reitzeit\/Tag<\/p>\n<h3><strong>Tagesritt<\/strong><\/h3>\n<p><strong><em>Voraussetzungen<\/em><\/strong>:<\/p>\n<p>Sattelfestigkeit in allen Gangarten, Sicheres Beherrschen von Leichttrab und leichtem Sitz im Galopp, selbstst\u00e4ndiges Satteln &amp; Trensen des Pferdes<\/p>\n<p>Besonderheiten: Dieser Ritt ist ein Sack&amp;Pack Ritt ohne extra Gep\u00e4cktransport<\/p>\n<p>inklusive Mittagspause<\/p>\n<p><strong><em>Dauer<\/em><\/strong>: ca 2,5 &#8211; 3 Stunden Reitzeit, inklusive Vor- und Nachbereiten und Pause ca. 5,5 Stunden<\/p>\n<p><b>Anmerkung<\/b>:<\/p>\n<p>Gerne d\u00fcrft ihr uns bei der Buchung des Rittes euer Wunschpony mitteilen. Wir versuchen nat\u00fcrlich auf eure W\u00fcnsche einzugehen, k\u00f6nnen euch das aber nicht garantieren.<\/p>\n<p>Der Wanderritt findet grunds\u00e4tzlich bei jedem Wetter statt. Nur Gewitter oder Sturm k\u00f6nnen uns aufhalten, da wir kein Risiko f\u00fcr unsere Ponys und Reiter eingehen wollen.<\/p>\n<p><img decoding=\"async\" src=\"https:\/\/www.wurzel-ranch.de\/wrhome\/wp-content\/uploads\/Wanderritte23-212x300.jpg\" sizes=\"(max-width: 212px) 100vw, 212px\" srcset=\"https:\/\/www.wurzel-ranch.de\/wrhome\/wp-content\/uploads\/Wanderritte23-212x300.jpg 212w, https:\/\/www.wurzel-ranch.de\/wrhome\/wp-content\/uploads\/Wanderritte23-724x1024.jpg 724w, https:\/\/www.wurzel-ranch.de\/wrhome\/wp-content\/uploads\/Wanderritte23-768x1086.jpg 768w, https:\/\/www.wurzel-ranch.de\/wrhome\/wp-content\/uploads\/Wanderritte23-1086x1536.jpg 1086w, https:\/\/www.wurzel-ranch.de\/wrhome\/wp-content\/uploads\/Wanderritte23-339x480.jpg 339w, https:\/\/www.wurzel-ranch.de\/wrhome\/wp-content\/uploads\/Wanderritte23-300x424.jpg 300w, https:\/\/www.wurzel-ranch.de\/wrhome\/wp-content\/uploads\/Wanderritte23-600x849.jpg 600w, https:\/\/www.wurzel-ranch.de\/wrhome\/wp-content\/uploads\/Wanderritte23-64x91.jpg 64w, https:\/\/www.wurzel-ranch.de\/wrhome\/wp-content\/uploads\/Wanderritte23.jpg 1131w\" alt=\"\" width=\"212\" height=\"300\" \/><\/p>\n\t<p>Aktuell sind keine Wanderritte geplant. Sobald wieder welche stattfinden, findet Ihr die Anmeldung hier auf dieser Seite. M\u00f6chtet Ihr die Info nicht verpassen, meldet euch am besten gleich f\u00fcr unser Newsletter an.<\/p>\n<div class=\"sendpress\">\n\t    <div class=\"sendpress-signup-form\">\n\t\t\t<form id=\"sendpress_signup\" method=\"POST\" data-form-id=\"1356\" class=\"sendpress-signup\" >\n\t\t\t\t<input type=\"hidden\" name=\"redirect\" value=\"1360\" \/><input type=\"hidden\" name=\"formid\" value=\"1356\" \/>\t\t\t\t<div id=\"exists\" style=\"display:none;\">Sie sind bereits angemeldet. Vielen Dank!<\/div>\n\t\t\t\t<div id=\"error\"><\/div>\n\t\t\t\t<div id=\"thanks\" style=\"display:none;\">Vielen Dank f\u00fcr die Registrierung f\u00fcr unser Newsletter! <\/div>\n\t\t\t\t<div id=\"form-wrap\" >\n\t\t\t\t\t<p><\/p>\n\t\t\t\t\t\t\t\t\t\t\t\t<input type=\"hidden\" name=\"sp_list\" id=\"list\" class=\"sp_list\" value=\"1419\" \/>\n\t\t\t\t\t\t\t\n\t\t\t\t\t\n\t\t\t\t\t\t\t\t\t\t\t<p>\n\t\t\t\t\t\t\t\t\t\t\t\t\t\t\t<label for=\"sp_firstname\">*Vorname:<\/label>\n\t\t\t\t\t\t\t\t\t\t\t\t\t\t<input type=\"text\" class=\"sp_firstname required\"  value=\"\"  name=\"sp_firstname\" \/>\n\t\t\t\t\t\t<\/p>\n\t\t\t\t\t\n\t\t\t\t\t\t\t\t\t\t\t<p>\n\t\t\t\t\t\t\t\t\t\t\t\t\t\t\t<label for=\"sp_lastname\">*Nachname:<\/label>\n\t\t\t\t\t\t\t\t\t\t\t\t\t\t<input type=\"text\" class=\"sp_lastname required\"  value=\"\" name=\"sp_lastname\" \/>\n\t\t\t\t\t\t<\/p>\n\t\t\t\t\t\n\t\t\t\t\t\n\t\t\t\t\t<p>\n\t\t\t\t\t\t\t\t\t\t\t\t\t<label for=\"sp_email\">*E-Mail:<\/label>\n\t\t\t\t\t\t\t\t\t\t\t\t<input type=\"text\" class=\"sp_email required\"  value=\"\" name=\"sp_email\" \/>\n\t\t\t\t\t<\/p>\n                    <input type=\"checkbox\" name=\"sp_contact_me_by_fax_only\" class=\"sp_contact_me_by_fax_only\" value=\"1\" style=\"display:none !important\" tabindex=\"-1\" autocomplete=\"off\">\n\n                    \n\t\t\t\t\t\n\t\t\t\t\t<p class=\"signup-fields-bottom\">\n\t\t\t\t\t\t\t\t\t\t\t<\/p>\n\n\t\t\t\t\t<p class=\"submit\">\n\t\t\t\t\t\t<input value=\"Newsletter anmelden\" class=\"sendpress-submit\" type=\"submit\"  id=\"submit\" name=\"submit\"><img decoding=\"async\" class=\"ajaxloader\" style=\"display:none;\" src=\"https:\/\/www.wurzel-ranch.de\/wrhome\/wp-content\/plugins\/sendpress\/\/img\/ajax-loader.gif\" \/>\n\t\t\t\t\t<\/p>\n\t\t\t\t<\/div>\n\t\t\t<\/form>\n\t\t<\/div>\n\n\t    <\/div>\n\n","protected":false},"excerpt":{"rendered":"<p>Unter den folgenden Links k\u00f6nnt ihr euch f\u00fcr die Wanderritte anmelden. Hier vorab nochmal Informationen zu den Wanderritten: 2-Tages-Sternritt Voraussetzungen: Sattelfestigkeit in allen Gangarten, Sicheres Beherrschung von Leichttrab und leichtem Sitz im Galopp, Ausreichende Fitness f\u00fcr ca 5-6 Stunden pro Tag im Sattel, selbstst\u00e4ndiges Satteln &amp; Trensen des Pferdes Besonderheiten: Dieser Ritt ist ein Sack&amp;Pack&hellip;<\/p>\n","protected":false},"author":3,"featured_media":0,"parent":0,"menu_order":0,"comment_status":"closed","ping_status":"closed","template":"","meta":{"footnotes":""},"class_list":["post-5512","page","type-page","status-publish","hentry"],"yoast_head":"<!-- This site is optimized with the Yoast SEO plugin v26.8 - https:\/\/yoast.com\/product\/yoast-seo-wordpress\/ -->\n<title>Wanderritte Wurzel-Ranch - Wurzel-Ranch<\/title>\n<meta name=\"robots\" content=\"index, follow, max-snippet:-1, max-image-preview:large, max-video-preview:-1\" \/>\n<link rel=\"canonical\" href=\"https:\/\/www.wurzel-ranch.de\/wrhome\/5512-2\/\" \/>\n<meta property=\"og:locale\" content=\"de_DE\" \/>\n<meta property=\"og:type\" content=\"article\" \/>\n<meta property=\"og:title\" content=\"Wanderritte Wurzel-Ranch - Wurzel-Ranch\" \/>\n<meta property=\"og:description\" content=\"Unter den folgenden Links k\u00f6nnt ihr euch f\u00fcr die Wanderritte anmelden. Hier vorab nochmal Informationen zu den Wanderritten: 2-Tages-Sternritt Voraussetzungen: Sattelfestigkeit in allen Gangarten, Sicheres Beherrschung von Leichttrab und leichtem Sitz im Galopp, Ausreichende Fitness f\u00fcr ca 5-6 Stunden pro Tag im Sattel, selbstst\u00e4ndiges Satteln &amp; Trensen des Pferdes Besonderheiten: Dieser Ritt ist ein Sack&amp;Pack&hellip;\" \/>\n<meta property=\"og:url\" content=\"https:\/\/www.wurzel-ranch.de\/wrhome\/5512-2\/\" \/>\n<meta property=\"og:site_name\" content=\"Wurzel-Ranch\" \/>\n<meta property=\"article:modified_time\" content=\"2023-11-11T11:01:59+00:00\" \/>\n<meta property=\"og:image\" content=\"https:\/\/www.wurzel-ranch.de\/wrhome\/wp-content\/uploads\/Wanderritte23-212x300.jpg\" \/>\n<meta name=\"twitter:card\" content=\"summary_large_image\" \/>\n<meta name=\"twitter:label1\" content=\"Gesch\u00e4tzte Lesezeit\" \/>\n\t<meta name=\"twitter:data1\" content=\"1\u00a0Minute\" \/>\n<script type=\"application\/ld+json\" class=\"yoast-schema-graph\">{\"@context\":\"https:\/\/schema.org\",\"@graph\":[{\"@type\":\"WebPage\",\"@id\":\"https:\/\/www.wurzel-ranch.de\/wrhome\/5512-2\/\",\"url\":\"https:\/\/www.wurzel-ranch.de\/wrhome\/5512-2\/\",\"name\":\"Wanderritte Wurzel-Ranch - Wurzel-Ranch\",\"isPartOf\":{\"@id\":\"https:\/\/www.wurzel-ranch.de\/wrhome\/#website\"},\"primaryImageOfPage\":{\"@id\":\"https:\/\/www.wurzel-ranch.de\/wrhome\/5512-2\/#primaryimage\"},\"image\":{\"@id\":\"https:\/\/www.wurzel-ranch.de\/wrhome\/5512-2\/#primaryimage\"},\"thumbnailUrl\":\"https:\/\/www.wurzel-ranch.de\/wrhome\/wp-content\/uploads\/Wanderritte23-212x300.jpg\",\"datePublished\":\"2023-05-09T12:40:42+00:00\",\"dateModified\":\"2023-11-11T11:01:59+00:00\",\"breadcrumb\":{\"@id\":\"https:\/\/www.wurzel-ranch.de\/wrhome\/5512-2\/#breadcrumb\"},\"inLanguage\":\"de\",\"potentialAction\":[{\"@type\":\"ReadAction\",\"target\":[\"https:\/\/www.wurzel-ranch.de\/wrhome\/5512-2\/\"]}]},{\"@type\":\"ImageObject\",\"inLanguage\":\"de\",\"@id\":\"https:\/\/www.wurzel-ranch.de\/wrhome\/5512-2\/#primaryimage\",\"url\":\"https:\/\/www.wurzel-ranch.de\/wrhome\/wp-content\/uploads\/Wanderritte23.jpg\",\"contentUrl\":\"https:\/\/www.wurzel-ranch.de\/wrhome\/wp-content\/uploads\/Wanderritte23.jpg\",\"width\":1131,\"height\":1600,\"caption\":\"Wanderritte, Newsletter\"},{\"@type\":\"BreadcrumbList\",\"@id\":\"https:\/\/www.wurzel-ranch.de\/wrhome\/5512-2\/#breadcrumb\",\"itemListElement\":[{\"@type\":\"ListItem\",\"position\":1,\"name\":\"Startseite\",\"item\":\"https:\/\/www.wurzel-ranch.de\/wrhome\/\"},{\"@type\":\"ListItem\",\"position\":2,\"name\":\"Wanderritte Wurzel-Ranch\"}]},{\"@type\":\"WebSite\",\"@id\":\"https:\/\/www.wurzel-ranch.de\/wrhome\/#website\",\"url\":\"https:\/\/www.wurzel-ranch.de\/wrhome\/\",\"name\":\"Wurzel-Ranch\",\"description\":\"\",\"publisher\":{\"@id\":\"https:\/\/www.wurzel-ranch.de\/wrhome\/#organization\"},\"potentialAction\":[{\"@type\":\"SearchAction\",\"target\":{\"@type\":\"EntryPoint\",\"urlTemplate\":\"https:\/\/www.wurzel-ranch.de\/wrhome\/?s={search_term_string}\"},\"query-input\":{\"@type\":\"PropertyValueSpecification\",\"valueRequired\":true,\"valueName\":\"search_term_string\"}}],\"inLanguage\":\"de\"},{\"@type\":\"Organization\",\"@id\":\"https:\/\/www.wurzel-ranch.de\/wrhome\/#organization\",\"name\":\"Wurzel-Ranch\",\"url\":\"https:\/\/www.wurzel-ranch.de\/wrhome\/\",\"logo\":{\"@type\":\"ImageObject\",\"inLanguage\":\"de\",\"@id\":\"https:\/\/www.wurzel-ranch.de\/wrhome\/#\/schema\/logo\/image\/\",\"url\":\"https:\/\/www.wurzel-ranch.de\/wrhome\/wp-content\/uploads\/WurzelRanch.png\",\"contentUrl\":\"https:\/\/www.wurzel-ranch.de\/wrhome\/wp-content\/uploads\/WurzelRanch.png\",\"width\":332,\"height\":376,\"caption\":\"Wurzel-Ranch\"},\"image\":{\"@id\":\"https:\/\/www.wurzel-ranch.de\/wrhome\/#\/schema\/logo\/image\/\"},\"sameAs\":[\"https:\/\/www.instagram.com\/wurzelranch\"]}]}<\/script>\n<!-- \/ Yoast SEO plugin. -->","yoast_head_json":{"title":"Wanderritte Wurzel-Ranch - Wurzel-Ranch","robots":{"index":"index","follow":"follow","max-snippet":"max-snippet:-1","max-image-preview":"max-image-preview:large","max-video-preview":"max-video-preview:-1"},"canonical":"https:\/\/www.wurzel-ranch.de\/wrhome\/5512-2\/","og_locale":"de_DE","og_type":"article","og_title":"Wanderritte Wurzel-Ranch - Wurzel-Ranch","og_description":"Unter den folgenden Links k\u00f6nnt ihr euch f\u00fcr die Wanderritte anmelden. Hier vorab nochmal Informationen zu den Wanderritten: 2-Tages-Sternritt Voraussetzungen: Sattelfestigkeit in allen Gangarten, Sicheres Beherrschung von Leichttrab und leichtem Sitz im Galopp, Ausreichende Fitness f\u00fcr ca 5-6 Stunden pro Tag im Sattel, selbstst\u00e4ndiges Satteln &amp; Trensen des Pferdes Besonderheiten: Dieser Ritt ist ein Sack&amp;Pack&hellip;","og_url":"https:\/\/www.wurzel-ranch.de\/wrhome\/5512-2\/","og_site_name":"Wurzel-Ranch","article_modified_time":"2023-11-11T11:01:59+00:00","og_image":[{"url":"https:\/\/www.wurzel-ranch.de\/wrhome\/wp-content\/uploads\/Wanderritte23-212x300.jpg","type":"","width":"","height":""}],"twitter_card":"summary_large_image","twitter_misc":{"Gesch\u00e4tzte Lesezeit":"1\u00a0Minute"},"schema":{"@context":"https:\/\/schema.org","@graph":[{"@type":"WebPage","@id":"https:\/\/www.wurzel-ranch.de\/wrhome\/5512-2\/","url":"https:\/\/www.wurzel-ranch.de\/wrhome\/5512-2\/","name":"Wanderritte Wurzel-Ranch - Wurzel-Ranch","isPartOf":{"@id":"https:\/\/www.wurzel-ranch.de\/wrhome\/#website"},"primaryImageOfPage":{"@id":"https:\/\/www.wurzel-ranch.de\/wrhome\/5512-2\/#primaryimage"},"image":{"@id":"https:\/\/www.wurzel-ranch.de\/wrhome\/5512-2\/#primaryimage"},"thumbnailUrl":"https:\/\/www.wurzel-ranch.de\/wrhome\/wp-content\/uploads\/Wanderritte23-212x300.jpg","datePublished":"2023-05-09T12:40:42+00:00","dateModified":"2023-11-11T11:01:59+00:00","breadcrumb":{"@id":"https:\/\/www.wurzel-ranch.de\/wrhome\/5512-2\/#breadcrumb"},"inLanguage":"de","potentialAction":[{"@type":"ReadAction","target":["https:\/\/www.wurzel-ranch.de\/wrhome\/5512-2\/"]}]},{"@type":"ImageObject","inLanguage":"de","@id":"https:\/\/www.wurzel-ranch.de\/wrhome\/5512-2\/#primaryimage","url":"https:\/\/www.wurzel-ranch.de\/wrhome\/wp-content\/uploads\/Wanderritte23.jpg","contentUrl":"https:\/\/www.wurzel-ranch.de\/wrhome\/wp-content\/uploads\/Wanderritte23.jpg","width":1131,"height":1600,"caption":"Wanderritte, Newsletter"},{"@type":"BreadcrumbList","@id":"https:\/\/www.wurzel-ranch.de\/wrhome\/5512-2\/#breadcrumb","itemListElement":[{"@type":"ListItem","position":1,"name":"Startseite","item":"https:\/\/www.wurzel-ranch.de\/wrhome\/"},{"@type":"ListItem","position":2,"name":"Wanderritte Wurzel-Ranch"}]},{"@type":"WebSite","@id":"https:\/\/www.wurzel-ranch.de\/wrhome\/#website","url":"https:\/\/www.wurzel-ranch.de\/wrhome\/","name":"Wurzel-Ranch","description":"","publisher":{"@id":"https:\/\/www.wurzel-ranch.de\/wrhome\/#organization"},"potentialAction":[{"@type":"SearchAction","target":{"@type":"EntryPoint","urlTemplate":"https:\/\/www.wurzel-ranch.de\/wrhome\/?s={search_term_string}"},"query-input":{"@type":"PropertyValueSpecification","valueRequired":true,"valueName":"search_term_string"}}],"inLanguage":"de"},{"@type":"Organization","@id":"https:\/\/www.wurzel-ranch.de\/wrhome\/#organization","name":"Wurzel-Ranch","url":"https:\/\/www.wurzel-ranch.de\/wrhome\/","logo":{"@type":"ImageObject","inLanguage":"de","@id":"https:\/\/www.wurzel-ranch.de\/wrhome\/#\/schema\/logo\/image\/","url":"https:\/\/www.wurzel-ranch.de\/wrhome\/wp-content\/uploads\/WurzelRanch.png","contentUrl":"https:\/\/www.wurzel-ranch.de\/wrhome\/wp-content\/uploads\/WurzelRanch.png","width":332,"height":376,"caption":"Wurzel-Ranch"},"image":{"@id":"https:\/\/www.wurzel-ranch.de\/wrhome\/#\/schema\/logo\/image\/"},"sameAs":["https:\/\/www.instagram.com\/wurzelranch"]}]}},"_links":{"self":[{"href":"https:\/\/www.wurzel-ranch.de\/wrhome\/wp-json\/wp\/v2\/pages\/5512","targetHints":{"allow":["GET"]}}],"collection":[{"href":"https:\/\/www.wurzel-ranch.de\/wrhome\/wp-json\/wp\/v2\/pages"}],"about":[{"href":"https:\/\/www.wurzel-ranch.de\/wrhome\/wp-json\/wp\/v2\/types\/page"}],"author":[{"embeddable":true,"href":"https:\/\/www.wurzel-ranch.de\/wrhome\/wp-json\/wp\/v2\/users\/3"}],"replies":[{"embeddable":true,"href":"https:\/\/www.wurzel-ranch.de\/wrhome\/wp-json\/wp\/v2\/comments?post=5512"}],"version-history":[{"count":0,"href":"https:\/\/www.wurzel-ranch.de\/wrhome\/wp-json\/wp\/v2\/pages\/5512\/revisions"}],"wp:attachment":[{"href":"https:\/\/www.wurzel-ranch.de\/wrhome\/wp-json\/wp\/v2\/media?parent=5512"}],"curies":[{"name":"wp","href":"https:\/\/api.w.org\/{rel}","templated":true}]}}