{"id":550,"date":"2018-10-04T09:20:38","date_gmt":"2018-10-04T09:20:38","guid":{"rendered":"http:\/\/www.wurzel-ranch.de\/wrhome\/?page_id=550"},"modified":"2023-10-18T09:54:19","modified_gmt":"2023-10-18T07:54:19","slug":"reitstunden-abo","status":"publish","type":"page","link":"https:\/\/www.wurzel-ranch.de\/wrhome\/reitstunden-abo\/","title":{"rendered":"Reitstunden-Abo"},"content":{"rendered":"\n\n\t\t\t\t<img decoding=\"async\" src=\"http:\/\/www.wurzel-ranch.de\/wrhome\/wp-content\/uploads\/dc_1678.jpg\" alt=\"dc_1678\" itemprop=\"image\" title=\"dc_1678\" onerror=\"this.style.display='none'\"  \/>\n<h1>\n\t\tReitstunden-Abo\n\t<\/h1>\n\t<h2>Welche Philosophie verfolgen wir auf der Wurzel-Ranch?<\/h2>\n<p>Die faszinierende Interaktion zwischen Mensch und Pferd f\u00fcr meine Reitsch\u00fcler erlebbar zu machen, ist meine Passion und wesentlicher Bestandteil des p\u00e4dagogischen Reitunterricht-Konzepts auf der Wurzel-Ranch. <\/p>\n<p>Wie sensibel Pferde auf kleinste menschliche Aktionen vom Boden oder vom Sattel aus reagieren, wie sie die Emotionen des Menschen spiegeln, einen respektvollen Umgang, Zuverl\u00e4ssigkeit und Verantwortungsbewusstsein f\u00f6rdern, und nach einem stressigen Tag Gelassenheit vermitteln &#8211; all\u00b4 dies und noch viel mehr geh\u00f6rt zu diesem Erleben.<\/p>\n<p><strong>Sowohl die reiterlichen als auch die sozialen Kompetenzen<\/strong> werden durch dieses ganzheitliche Konzept gef\u00f6rdert. Hierzu tragen auch die kostenlosen Theorieeinheiten bei, an denen unsere Reitsch\u00fcler auf freiwilliger Basis teilnehmen k\u00f6nnen.<\/p>\n<p><strong>Mein Team und ich nehmen uns daher viel Zeit<\/strong>, um unsere \u00fcberwiegend j\u00fcngeren Reitsch\u00fcler f\u00fcr diese bereichernden Erfahrungen zu sensibilisieren. Der Unterricht in Kleingruppen mit lediglich vier bis maximal f\u00fcnf Reitsch\u00fclern nimmt 60 Minuten (Mini-Wurzel-Club) bzw. 120 Minuten (\u00fcbrige Gruppenstunden) in Anspruch, eine Einzelstunde 45 Minuten. Mit diesem gro\u00dfen zeitlichen Rahmen heben wir uns von den meisten Schulpferdebetrieben deutlich ab. Unsere Philosophie, Erfahrungen und Lernerfolge best\u00e4tigen uns darin, diese individuell auf s\u00e4mtliche Reitsch\u00fcler zugeschnittene Konzeption zuk\u00fcnftig noch intensiver zu verfolgen.<\/p>\n<h2>So funktioniert es:<\/h2>\nDu hast Interesse an regul\u00e4ren Gruppenreitstunden?<br \/>\nDann ist das Reitstunden-Abo genau das Richtige f\u00fcr Dich!\n<p>Nach<strong> drei Probereitstunden<\/strong>\u00a0kannst Du Dich f\u00fcr<strong> 14-t\u00e4gige oder w\u00f6chentliche<\/strong> Reitstunden entscheiden.<\/p>\n<p>Die passende Gruppe sowie Dein passendes &#8220;Lieblingspony&#8221; werden sich dementsprechend finden.<\/p>\n<p>&nbsp;<\/p>\n<p>Einfach eine Probereitstunde vereinbaren, anschlie\u00dfend den Abo-Vertrag herunterladen, ausf\u00fcllen, ausdrucken und<strong> zur Probereitstunde mitbringen.<\/strong><\/p>\n<p>Image already added<\/p>\n\t<p>Den aktuellen Abovertrag findet ihr hier als Download.<\/p>\n\t<div class='w3eden'><!-- WPDM Link Template: Default Template -->\n\n<div class=\"link-template-default card mb-2\">\n    <div class=\"card-body\">\n        <div class=\"media\">\n            <div class=\"mr-3 img-48\"><img decoding=\"async\" class=\"wpdm_icon\" alt=\"Icon\"   src=\"https:\/\/www.wurzel-ranch.de\/wrhome\/wp-content\/uploads\/WurzelRanch_Logo_Home.png\" \/><\/div>\n            <div class=\"media-body\">\n                <h3 class=\"package-title\"><a href='https:\/\/www.wurzel-ranch.de\/wrhome\/download\/reitstunden-abo-vertrag\/'>Reitstunden-Abo-Vertrag<\/a><\/h3>\n                <div class=\"text-muted text-small\"><i class=\"fas fa-copy\"><\/i> 1 Datei(en) <i class=\"fas fa-hdd ml-3\"><\/i> 335.82 KB<\/div>\n            <\/div>\n            <div class=\"ml-3\">\n                <a class='wpdm-download-link download-on-click btn btn-primary ' rel='nofollow' href='#' data-downloadurl=\"https:\/\/www.wurzel-ranch.de\/wrhome\/download\/reitstunden-abo-vertrag\/?wpdmdl=332&refresh=69e1bb7cea5c91776401276\">Download<\/a>\n            <\/div>\n        <\/div>\n    <\/div>\n<\/div>\n\n<\/div>\n\t<h3>F\u00fcnf verschiedene Gruppen &#8211; f\u00fcr jeden passend<\/h3>\n<p>Image already added<\/p>\n\t\t\t\t<img decoding=\"async\" src=\"http:\/\/www.wurzel-ranch.de\/wrhome\/wp-content\/uploads\/head_right50x50.png\" alt=\"head_right50x50\" itemprop=\"image\" title=\"head_right50x50\" onerror=\"this.style.display='none'\"  \/>\n\t<h3>Wurzel-Mini-Club<\/h3>\n\tAb 3 Jahren<br \/>\nHippollini-Reitp\u00e4dagogik<br \/>\nRituale, Arbeit, Freispiel, Phantasie und diszipliniertes Spiel &#8211; am Pony, auf dem Pony und mit dem Pony, ein Elternteil des Kindes bleibt w\u00e4hrend der Stunde dabei zum Mithelfen beim Putzen und F\u00fchren des Ponys\n<p>&nbsp;<\/p>\n<p>Image already added<\/p>\n\t\t\t\t<img decoding=\"async\" src=\"http:\/\/www.wurzel-ranch.de\/wrhome\/wp-content\/uploads\/head_right50x50.png\" alt=\"head_right50x50\" itemprop=\"image\" title=\"head_right50x50\" onerror=\"this.style.display='none'\"  \/>\n\t<h3>Wurzel-Youngsters<\/h3>\n\t6 bis 8 Jahre<br \/>\ngef\u00fchrtes Anf\u00e4ngerreiten mit \u201eeigenem&#8221; Pony<br \/>\nteils Longeneinheiten<br \/>\nteils Freireiten je nach Stand\n<p>Image already added<\/p>\n\t\t\t\t<img decoding=\"async\" src=\"http:\/\/www.wurzel-ranch.de\/wrhome\/wp-content\/uploads\/head_right50x50.png\" alt=\"head_right50x50\" itemprop=\"image\" title=\"head_right50x50\" onerror=\"this.style.display='none'\"  \/>\n\t<h3>Wurzel-Juniors<\/h3>\n\t8 bis 12 Jahre<br \/>\nteils Anf\u00e4nger-, teils fortgeschrittenes Freireiten auf dem Reitplatz in Abteilung<br \/>\nteils Longeneinheiten<br \/>\ngef\u00fchrte Gel\u00e4ndereitstunden\n<p>Image already added<\/p>\n\t\t\t\t<img decoding=\"async\" src=\"http:\/\/www.wurzel-ranch.de\/wrhome\/wp-content\/uploads\/head_right50x50.png\" alt=\"head_right50x50\" itemprop=\"image\" title=\"head_right50x50\" onerror=\"this.style.display='none'\"  \/>\n\t<h3>Wurzel-Teens<\/h3>\n\t12 bis 15 Jahre<br \/>\nfortgeschrittenes Freireiten auf dem Reitplatz<br \/>\nsicheres Reiten der Grundgangarten<br \/>\nteils spezifischer Spring- oder Dressurunterricht<br \/>\nteils freireitende Gel\u00e4ndeunterrichtseinheiten\n<p>Image already added<\/p>\n\t\t\t\t<img decoding=\"async\" src=\"http:\/\/www.wurzel-ranch.de\/wrhome\/wp-content\/uploads\/head_right50x50.png\" alt=\"head_right50x50\" itemprop=\"image\" title=\"head_right50x50\" onerror=\"this.style.display='none'\"  \/>\n\t<h3>Wurzel-Reiter<\/h3>\n\tab 16 Jahren<br \/>\nfortgeschrittene Reitsch\u00fcler, teilweise mit Turniererfahrungen<br \/>\nspezifischer Dressur- und Springunterricht<br \/>\nTurniervorbereitung\n<p>Image already added<\/p>\n\t\t\t\t<img decoding=\"async\" src=\"http:\/\/www.wurzel-ranch.de\/wrhome\/wp-content\/uploads\/head_right50x50.png\" alt=\"head_right50x50\" itemprop=\"image\" title=\"head_right50x50\" onerror=\"this.style.display='none'\"  \/>\n\t<h3>Interessiert?<\/h3>\n\t<p>Hier gehts zur\u00a0<\/p>\n<p>Image already added<\/p>\n\t\t\t<a href=\"https:\/\/www.wurzel-ranch.de\/wrhome\/anfrage\/\" target=\"_self\" rel=\"noopener\">\n\t\t\t\t\t\t\tAnfrage\n\t\t\t<\/a>\n\n","protected":false},"excerpt":{"rendered":"<p>Reitstunden-Abo Welche Philosophie verfolgen wir auf der Wurzel-Ranch? Die faszinierende Interaktion zwischen Mensch und Pferd f\u00fcr meine Reitsch\u00fcler erlebbar zu machen, ist meine Passion und wesentlicher Bestandteil des p\u00e4dagogischen Reitunterricht-Konzepts auf der Wurzel-Ranch. Wie sensibel Pferde auf kleinste menschliche Aktionen vom Boden oder vom Sattel aus reagieren, wie sie die Emotionen des Menschen spiegeln, einen&hellip;<\/p>\n","protected":false},"author":3,"featured_media":0,"parent":0,"menu_order":0,"comment_status":"closed","ping_status":"closed","template":"","meta":{"footnotes":""},"class_list":["post-550","page","type-page","status-publish","hentry"],"yoast_head":"<!-- This site is optimized with the Yoast SEO plugin v26.8 - https:\/\/yoast.com\/product\/yoast-seo-wordpress\/ -->\n<title>Reitstunden-Abo - Wurzel-Ranch<\/title>\n<meta name=\"robots\" content=\"index, follow, max-snippet:-1, max-image-preview:large, max-video-preview:-1\" \/>\n<link rel=\"canonical\" href=\"https:\/\/www.wurzel-ranch.de\/wrhome\/reitstunden-abo\/\" \/>\n<meta property=\"og:locale\" content=\"de_DE\" \/>\n<meta property=\"og:type\" content=\"article\" \/>\n<meta property=\"og:title\" content=\"Reitstunden-Abo - Wurzel-Ranch\" \/>\n<meta property=\"og:description\" content=\"Reitstunden-Abo Welche Philosophie verfolgen wir auf der Wurzel-Ranch? Die faszinierende Interaktion zwischen Mensch und Pferd f\u00fcr meine Reitsch\u00fcler erlebbar zu machen, ist meine Passion und wesentlicher Bestandteil des p\u00e4dagogischen Reitunterricht-Konzepts auf der Wurzel-Ranch. Wie sensibel Pferde auf kleinste menschliche Aktionen vom Boden oder vom Sattel aus reagieren, wie sie die Emotionen des Menschen spiegeln, einen&hellip;\" \/>\n<meta property=\"og:url\" content=\"https:\/\/www.wurzel-ranch.de\/wrhome\/reitstunden-abo\/\" \/>\n<meta property=\"og:site_name\" content=\"Wurzel-Ranch\" \/>\n<meta property=\"article:modified_time\" content=\"2023-10-18T07:54:19+00:00\" \/>\n<meta property=\"og:image\" content=\"http:\/\/www.wurzel-ranch.de\/wrhome\/wp-content\/uploads\/dc_1678.jpg\" \/>\n<meta name=\"twitter:card\" content=\"summary_large_image\" \/>\n<meta name=\"twitter:label1\" content=\"Gesch\u00e4tzte Lesezeit\" \/>\n\t<meta name=\"twitter:data1\" content=\"2\u00a0Minuten\" \/>\n<script type=\"application\/ld+json\" class=\"yoast-schema-graph\">{\"@context\":\"https:\/\/schema.org\",\"@graph\":[{\"@type\":\"WebPage\",\"@id\":\"https:\/\/www.wurzel-ranch.de\/wrhome\/reitstunden-abo\/\",\"url\":\"https:\/\/www.wurzel-ranch.de\/wrhome\/reitstunden-abo\/\",\"name\":\"Reitstunden-Abo - Wurzel-Ranch\",\"isPartOf\":{\"@id\":\"https:\/\/www.wurzel-ranch.de\/wrhome\/#website\"},\"primaryImageOfPage\":{\"@id\":\"https:\/\/www.wurzel-ranch.de\/wrhome\/reitstunden-abo\/#primaryimage\"},\"image\":{\"@id\":\"https:\/\/www.wurzel-ranch.de\/wrhome\/reitstunden-abo\/#primaryimage\"},\"thumbnailUrl\":\"http:\/\/www.wurzel-ranch.de\/wrhome\/wp-content\/uploads\/dc_1678.jpg\",\"datePublished\":\"2018-10-04T09:20:38+00:00\",\"dateModified\":\"2023-10-18T07:54:19+00:00\",\"breadcrumb\":{\"@id\":\"https:\/\/www.wurzel-ranch.de\/wrhome\/reitstunden-abo\/#breadcrumb\"},\"inLanguage\":\"de\",\"potentialAction\":[{\"@type\":\"ReadAction\",\"target\":[\"https:\/\/www.wurzel-ranch.de\/wrhome\/reitstunden-abo\/\"]}]},{\"@type\":\"ImageObject\",\"inLanguage\":\"de\",\"@id\":\"https:\/\/www.wurzel-ranch.de\/wrhome\/reitstunden-abo\/#primaryimage\",\"url\":\"https:\/\/www.wurzel-ranch.de\/wrhome\/wp-content\/uploads\/dc_1678.jpg\",\"contentUrl\":\"https:\/\/www.wurzel-ranch.de\/wrhome\/wp-content\/uploads\/dc_1678.jpg\",\"width\":800,\"height\":561},{\"@type\":\"BreadcrumbList\",\"@id\":\"https:\/\/www.wurzel-ranch.de\/wrhome\/reitstunden-abo\/#breadcrumb\",\"itemListElement\":[{\"@type\":\"ListItem\",\"position\":1,\"name\":\"Startseite\",\"item\":\"https:\/\/www.wurzel-ranch.de\/wrhome\/\"},{\"@type\":\"ListItem\",\"position\":2,\"name\":\"Reitstunden-Abo\"}]},{\"@type\":\"WebSite\",\"@id\":\"https:\/\/www.wurzel-ranch.de\/wrhome\/#website\",\"url\":\"https:\/\/www.wurzel-ranch.de\/wrhome\/\",\"name\":\"Wurzel-Ranch\",\"description\":\"\",\"publisher\":{\"@id\":\"https:\/\/www.wurzel-ranch.de\/wrhome\/#organization\"},\"potentialAction\":[{\"@type\":\"SearchAction\",\"target\":{\"@type\":\"EntryPoint\",\"urlTemplate\":\"https:\/\/www.wurzel-ranch.de\/wrhome\/?s={search_term_string}\"},\"query-input\":{\"@type\":\"PropertyValueSpecification\",\"valueRequired\":true,\"valueName\":\"search_term_string\"}}],\"inLanguage\":\"de\"},{\"@type\":\"Organization\",\"@id\":\"https:\/\/www.wurzel-ranch.de\/wrhome\/#organization\",\"name\":\"Wurzel-Ranch\",\"url\":\"https:\/\/www.wurzel-ranch.de\/wrhome\/\",\"logo\":{\"@type\":\"ImageObject\",\"inLanguage\":\"de\",\"@id\":\"https:\/\/www.wurzel-ranch.de\/wrhome\/#\/schema\/logo\/image\/\",\"url\":\"https:\/\/www.wurzel-ranch.de\/wrhome\/wp-content\/uploads\/WurzelRanch.png\",\"contentUrl\":\"https:\/\/www.wurzel-ranch.de\/wrhome\/wp-content\/uploads\/WurzelRanch.png\",\"width\":332,\"height\":376,\"caption\":\"Wurzel-Ranch\"},\"image\":{\"@id\":\"https:\/\/www.wurzel-ranch.de\/wrhome\/#\/schema\/logo\/image\/\"},\"sameAs\":[\"https:\/\/www.instagram.com\/wurzelranch\"]}]}<\/script>\n<!-- \/ Yoast SEO plugin. -->","yoast_head_json":{"title":"Reitstunden-Abo - Wurzel-Ranch","robots":{"index":"index","follow":"follow","max-snippet":"max-snippet:-1","max-image-preview":"max-image-preview:large","max-video-preview":"max-video-preview:-1"},"canonical":"https:\/\/www.wurzel-ranch.de\/wrhome\/reitstunden-abo\/","og_locale":"de_DE","og_type":"article","og_title":"Reitstunden-Abo - Wurzel-Ranch","og_description":"Reitstunden-Abo Welche Philosophie verfolgen wir auf der Wurzel-Ranch? Die faszinierende Interaktion zwischen Mensch und Pferd f\u00fcr meine Reitsch\u00fcler erlebbar zu machen, ist meine Passion und wesentlicher Bestandteil des p\u00e4dagogischen Reitunterricht-Konzepts auf der Wurzel-Ranch. Wie sensibel Pferde auf kleinste menschliche Aktionen vom Boden oder vom Sattel aus reagieren, wie sie die Emotionen des Menschen spiegeln, einen&hellip;","og_url":"https:\/\/www.wurzel-ranch.de\/wrhome\/reitstunden-abo\/","og_site_name":"Wurzel-Ranch","article_modified_time":"2023-10-18T07:54:19+00:00","og_image":[{"url":"http:\/\/www.wurzel-ranch.de\/wrhome\/wp-content\/uploads\/dc_1678.jpg","type":"","width":"","height":""}],"twitter_card":"summary_large_image","twitter_misc":{"Gesch\u00e4tzte Lesezeit":"2\u00a0Minuten"},"schema":{"@context":"https:\/\/schema.org","@graph":[{"@type":"WebPage","@id":"https:\/\/www.wurzel-ranch.de\/wrhome\/reitstunden-abo\/","url":"https:\/\/www.wurzel-ranch.de\/wrhome\/reitstunden-abo\/","name":"Reitstunden-Abo - Wurzel-Ranch","isPartOf":{"@id":"https:\/\/www.wurzel-ranch.de\/wrhome\/#website"},"primaryImageOfPage":{"@id":"https:\/\/www.wurzel-ranch.de\/wrhome\/reitstunden-abo\/#primaryimage"},"image":{"@id":"https:\/\/www.wurzel-ranch.de\/wrhome\/reitstunden-abo\/#primaryimage"},"thumbnailUrl":"http:\/\/www.wurzel-ranch.de\/wrhome\/wp-content\/uploads\/dc_1678.jpg","datePublished":"2018-10-04T09:20:38+00:00","dateModified":"2023-10-18T07:54:19+00:00","breadcrumb":{"@id":"https:\/\/www.wurzel-ranch.de\/wrhome\/reitstunden-abo\/#breadcrumb"},"inLanguage":"de","potentialAction":[{"@type":"ReadAction","target":["https:\/\/www.wurzel-ranch.de\/wrhome\/reitstunden-abo\/"]}]},{"@type":"ImageObject","inLanguage":"de","@id":"https:\/\/www.wurzel-ranch.de\/wrhome\/reitstunden-abo\/#primaryimage","url":"https:\/\/www.wurzel-ranch.de\/wrhome\/wp-content\/uploads\/dc_1678.jpg","contentUrl":"https:\/\/www.wurzel-ranch.de\/wrhome\/wp-content\/uploads\/dc_1678.jpg","width":800,"height":561},{"@type":"BreadcrumbList","@id":"https:\/\/www.wurzel-ranch.de\/wrhome\/reitstunden-abo\/#breadcrumb","itemListElement":[{"@type":"ListItem","position":1,"name":"Startseite","item":"https:\/\/www.wurzel-ranch.de\/wrhome\/"},{"@type":"ListItem","position":2,"name":"Reitstunden-Abo"}]},{"@type":"WebSite","@id":"https:\/\/www.wurzel-ranch.de\/wrhome\/#website","url":"https:\/\/www.wurzel-ranch.de\/wrhome\/","name":"Wurzel-Ranch","description":"","publisher":{"@id":"https:\/\/www.wurzel-ranch.de\/wrhome\/#organization"},"potentialAction":[{"@type":"SearchAction","target":{"@type":"EntryPoint","urlTemplate":"https:\/\/www.wurzel-ranch.de\/wrhome\/?s={search_term_string}"},"query-input":{"@type":"PropertyValueSpecification","valueRequired":true,"valueName":"search_term_string"}}],"inLanguage":"de"},{"@type":"Organization","@id":"https:\/\/www.wurzel-ranch.de\/wrhome\/#organization","name":"Wurzel-Ranch","url":"https:\/\/www.wurzel-ranch.de\/wrhome\/","logo":{"@type":"ImageObject","inLanguage":"de","@id":"https:\/\/www.wurzel-ranch.de\/wrhome\/#\/schema\/logo\/image\/","url":"https:\/\/www.wurzel-ranch.de\/wrhome\/wp-content\/uploads\/WurzelRanch.png","contentUrl":"https:\/\/www.wurzel-ranch.de\/wrhome\/wp-content\/uploads\/WurzelRanch.png","width":332,"height":376,"caption":"Wurzel-Ranch"},"image":{"@id":"https:\/\/www.wurzel-ranch.de\/wrhome\/#\/schema\/logo\/image\/"},"sameAs":["https:\/\/www.instagram.com\/wurzelranch"]}]}},"_links":{"self":[{"href":"https:\/\/www.wurzel-ranch.de\/wrhome\/wp-json\/wp\/v2\/pages\/550","targetHints":{"allow":["GET"]}}],"collection":[{"href":"https:\/\/www.wurzel-ranch.de\/wrhome\/wp-json\/wp\/v2\/pages"}],"about":[{"href":"https:\/\/www.wurzel-ranch.de\/wrhome\/wp-json\/wp\/v2\/types\/page"}],"author":[{"embeddable":true,"href":"https:\/\/www.wurzel-ranch.de\/wrhome\/wp-json\/wp\/v2\/users\/3"}],"replies":[{"embeddable":true,"href":"https:\/\/www.wurzel-ranch.de\/wrhome\/wp-json\/wp\/v2\/comments?post=550"}],"version-history":[{"count":0,"href":"https:\/\/www.wurzel-ranch.de\/wrhome\/wp-json\/wp\/v2\/pages\/550\/revisions"}],"wp:attachment":[{"href":"https:\/\/www.wurzel-ranch.de\/wrhome\/wp-json\/wp\/v2\/media?parent=550"}],"curies":[{"name":"wp","href":"https:\/\/api.w.org\/{rel}","templated":true}]}}