{"id":5019,"date":"2023-01-05T22:56:26","date_gmt":"2023-01-05T20:56:26","guid":{"rendered":"https:\/\/www.wurzel-ranch.de\/wrhome\/?page_id=5019"},"modified":"2024-02-28T12:17:39","modified_gmt":"2024-02-28T10:17:39","slug":"theorieunterricht","status":"publish","type":"page","link":"https:\/\/www.wurzel-ranch.de\/wrhome\/theorieunterricht\/","title":{"rendered":"Theorieunterricht"},"content":{"rendered":"\n<h2>\n\t\tTheoriestunden\n\t<\/h2>\n\t<p>Theorie muss nicht langweilig sein &#8211;<\/p>\n<p>die Theorieeinheiten finden bei uns nicht als Frontalunterricht, sondern aktiv mit oder an dem Pferd statt. Dazu gibt es jeden Monat ein neues Thema, z.B. H\u00e4ngerverladetraining mit dem Pferd, Reiterfitness oder Fohlen-ABC mit unseren j\u00fcngsten Ponys.<\/p>\n<p>Wir bieten euch die M\u00f6glichkeit, auch wenn ihr noch kein Reit-Abo abgeschlossen habt, an unserem Theorieunterricht teilzunehmen. Dieser findet, um den Stoff altersgerecht vermitteln zu k\u00f6nnen, nach unseren Reitgruppen-Leveln unterteilt statt: Mini-Wurzel-Club und Wurzel-Youngsters sind die Altersgruppe 3-10 Jahre, Wurzel-Juniors, Wurzel-Teens und Wurzel-Reiter sind die \u00e4lteren Reiter.<\/p>\n<p>Der Theorieunterricht als externer Teilnehmer kostet 15\u20ac pro Termin, der Betrag ist vor Ort im B\u00fcro zu bezahlen.<\/p>\n<p>&nbsp;<\/p>\n<strong>Zur Anmeldung und Termin\u00fcbersicht geht es in unserem Reitbuch: <a href=\"https:\/\/wurzel-ranch.reitbuch.com\/course.php\">Kurse | Ponyreitschule &amp; Fjordpferdegest\u00fct Wurzel-Ranch<\/a><br \/>\n<\/strong>Wir freuen uns \u00fcber zahlreiche Teilnahme! \ud83d\ude42<strong><br \/>\n<\/strong>\n\t\t\t\t<img decoding=\"async\" src=\"https:\/\/www.wurzel-ranch.de\/wrhome\/wp-content\/uploads\/DSC_6554_klein.jpg\" alt=\"DSC_6554_klein\" itemprop=\"image\" height=\"413\" width=\"276\" title=\"DSC_6554_klein\" onerror=\"this.style.display='none'\"  \/>\n\t\t\t\t<img decoding=\"async\" src=\"https:\/\/www.wurzel-ranch.de\/wrhome\/wp-content\/plugins\/bb-plugin\/img\/pixel.png\" alt=\"\" itemprop=\"image\" onerror=\"this.style.display='none'\"  \/>\n\n","protected":false},"excerpt":{"rendered":"<p>Theoriestunden Theorie muss nicht langweilig sein &#8211; die Theorieeinheiten finden bei uns nicht als Frontalunterricht, sondern aktiv mit oder an dem Pferd statt. Dazu gibt es jeden Monat ein neues Thema, z.B. H\u00e4ngerverladetraining mit dem Pferd, Reiterfitness oder Fohlen-ABC mit unseren j\u00fcngsten Ponys. Wir bieten euch die M\u00f6glichkeit, auch wenn ihr noch kein Reit-Abo abgeschlossen&hellip;<\/p>\n","protected":false},"author":3,"featured_media":0,"parent":0,"menu_order":0,"comment_status":"closed","ping_status":"closed","template":"","meta":{"footnotes":""},"class_list":["post-5019","page","type-page","status-publish","hentry"],"yoast_head":"<!-- This site is optimized with the Yoast SEO plugin v26.8 - https:\/\/yoast.com\/product\/yoast-seo-wordpress\/ -->\n<title>Theorieunterricht - Wurzel-Ranch<\/title>\n<meta name=\"robots\" content=\"index, follow, max-snippet:-1, max-image-preview:large, max-video-preview:-1\" \/>\n<link rel=\"canonical\" href=\"https:\/\/www.wurzel-ranch.de\/wrhome\/theorieunterricht\/\" \/>\n<meta property=\"og:locale\" content=\"de_DE\" \/>\n<meta property=\"og:type\" content=\"article\" \/>\n<meta property=\"og:title\" content=\"Theorieunterricht - Wurzel-Ranch\" \/>\n<meta property=\"og:description\" content=\"Theoriestunden Theorie muss nicht langweilig sein &#8211; die Theorieeinheiten finden bei uns nicht als Frontalunterricht, sondern aktiv mit oder an dem Pferd statt. Dazu gibt es jeden Monat ein neues Thema, z.B. H\u00e4ngerverladetraining mit dem Pferd, Reiterfitness oder Fohlen-ABC mit unseren j\u00fcngsten Ponys. Wir bieten euch die M\u00f6glichkeit, auch wenn ihr noch kein Reit-Abo abgeschlossen&hellip;\" \/>\n<meta property=\"og:url\" content=\"https:\/\/www.wurzel-ranch.de\/wrhome\/theorieunterricht\/\" \/>\n<meta property=\"og:site_name\" content=\"Wurzel-Ranch\" \/>\n<meta property=\"article:modified_time\" content=\"2024-02-28T10:17:39+00:00\" \/>\n<meta property=\"og:image\" content=\"https:\/\/www.wurzel-ranch.de\/wrhome\/wp-content\/uploads\/DSC_6554_klein.jpg\" \/>\n<meta name=\"twitter:card\" content=\"summary_large_image\" \/>\n<meta name=\"twitter:label1\" content=\"Gesch\u00e4tzte Lesezeit\" \/>\n\t<meta name=\"twitter:data1\" content=\"1\u00a0Minute\" \/>\n<script type=\"application\/ld+json\" class=\"yoast-schema-graph\">{\"@context\":\"https:\/\/schema.org\",\"@graph\":[{\"@type\":\"WebPage\",\"@id\":\"https:\/\/www.wurzel-ranch.de\/wrhome\/theorieunterricht\/\",\"url\":\"https:\/\/www.wurzel-ranch.de\/wrhome\/theorieunterricht\/\",\"name\":\"Theorieunterricht - Wurzel-Ranch\",\"isPartOf\":{\"@id\":\"https:\/\/www.wurzel-ranch.de\/wrhome\/#website\"},\"primaryImageOfPage\":{\"@id\":\"https:\/\/www.wurzel-ranch.de\/wrhome\/theorieunterricht\/#primaryimage\"},\"image\":{\"@id\":\"https:\/\/www.wurzel-ranch.de\/wrhome\/theorieunterricht\/#primaryimage\"},\"thumbnailUrl\":\"https:\/\/www.wurzel-ranch.de\/wrhome\/wp-content\/uploads\/DSC_6554_klein.jpg\",\"datePublished\":\"2023-01-05T20:56:26+00:00\",\"dateModified\":\"2024-02-28T10:17:39+00:00\",\"breadcrumb\":{\"@id\":\"https:\/\/www.wurzel-ranch.de\/wrhome\/theorieunterricht\/#breadcrumb\"},\"inLanguage\":\"de\",\"potentialAction\":[{\"@type\":\"ReadAction\",\"target\":[\"https:\/\/www.wurzel-ranch.de\/wrhome\/theorieunterricht\/\"]}]},{\"@type\":\"ImageObject\",\"inLanguage\":\"de\",\"@id\":\"https:\/\/www.wurzel-ranch.de\/wrhome\/theorieunterricht\/#primaryimage\",\"url\":\"https:\/\/www.wurzel-ranch.de\/wrhome\/wp-content\/uploads\/DSC_6554_klein.jpg\",\"contentUrl\":\"https:\/\/www.wurzel-ranch.de\/wrhome\/wp-content\/uploads\/DSC_6554_klein.jpg\",\"width\":276,\"height\":413},{\"@type\":\"BreadcrumbList\",\"@id\":\"https:\/\/www.wurzel-ranch.de\/wrhome\/theorieunterricht\/#breadcrumb\",\"itemListElement\":[{\"@type\":\"ListItem\",\"position\":1,\"name\":\"Startseite\",\"item\":\"https:\/\/www.wurzel-ranch.de\/wrhome\/\"},{\"@type\":\"ListItem\",\"position\":2,\"name\":\"Theorieunterricht\"}]},{\"@type\":\"WebSite\",\"@id\":\"https:\/\/www.wurzel-ranch.de\/wrhome\/#website\",\"url\":\"https:\/\/www.wurzel-ranch.de\/wrhome\/\",\"name\":\"Wurzel-Ranch\",\"description\":\"\",\"publisher\":{\"@id\":\"https:\/\/www.wurzel-ranch.de\/wrhome\/#organization\"},\"potentialAction\":[{\"@type\":\"SearchAction\",\"target\":{\"@type\":\"EntryPoint\",\"urlTemplate\":\"https:\/\/www.wurzel-ranch.de\/wrhome\/?s={search_term_string}\"},\"query-input\":{\"@type\":\"PropertyValueSpecification\",\"valueRequired\":true,\"valueName\":\"search_term_string\"}}],\"inLanguage\":\"de\"},{\"@type\":\"Organization\",\"@id\":\"https:\/\/www.wurzel-ranch.de\/wrhome\/#organization\",\"name\":\"Wurzel-Ranch\",\"url\":\"https:\/\/www.wurzel-ranch.de\/wrhome\/\",\"logo\":{\"@type\":\"ImageObject\",\"inLanguage\":\"de\",\"@id\":\"https:\/\/www.wurzel-ranch.de\/wrhome\/#\/schema\/logo\/image\/\",\"url\":\"https:\/\/www.wurzel-ranch.de\/wrhome\/wp-content\/uploads\/WurzelRanch.png\",\"contentUrl\":\"https:\/\/www.wurzel-ranch.de\/wrhome\/wp-content\/uploads\/WurzelRanch.png\",\"width\":332,\"height\":376,\"caption\":\"Wurzel-Ranch\"},\"image\":{\"@id\":\"https:\/\/www.wurzel-ranch.de\/wrhome\/#\/schema\/logo\/image\/\"},\"sameAs\":[\"https:\/\/www.instagram.com\/wurzelranch\"]}]}<\/script>\n<!-- \/ Yoast SEO plugin. -->","yoast_head_json":{"title":"Theorieunterricht - Wurzel-Ranch","robots":{"index":"index","follow":"follow","max-snippet":"max-snippet:-1","max-image-preview":"max-image-preview:large","max-video-preview":"max-video-preview:-1"},"canonical":"https:\/\/www.wurzel-ranch.de\/wrhome\/theorieunterricht\/","og_locale":"de_DE","og_type":"article","og_title":"Theorieunterricht - Wurzel-Ranch","og_description":"Theoriestunden Theorie muss nicht langweilig sein &#8211; die Theorieeinheiten finden bei uns nicht als Frontalunterricht, sondern aktiv mit oder an dem Pferd statt. Dazu gibt es jeden Monat ein neues Thema, z.B. H\u00e4ngerverladetraining mit dem Pferd, Reiterfitness oder Fohlen-ABC mit unseren j\u00fcngsten Ponys. Wir bieten euch die M\u00f6glichkeit, auch wenn ihr noch kein Reit-Abo abgeschlossen&hellip;","og_url":"https:\/\/www.wurzel-ranch.de\/wrhome\/theorieunterricht\/","og_site_name":"Wurzel-Ranch","article_modified_time":"2024-02-28T10:17:39+00:00","og_image":[{"url":"https:\/\/www.wurzel-ranch.de\/wrhome\/wp-content\/uploads\/DSC_6554_klein.jpg","type":"","width":"","height":""}],"twitter_card":"summary_large_image","twitter_misc":{"Gesch\u00e4tzte Lesezeit":"1\u00a0Minute"},"schema":{"@context":"https:\/\/schema.org","@graph":[{"@type":"WebPage","@id":"https:\/\/www.wurzel-ranch.de\/wrhome\/theorieunterricht\/","url":"https:\/\/www.wurzel-ranch.de\/wrhome\/theorieunterricht\/","name":"Theorieunterricht - Wurzel-Ranch","isPartOf":{"@id":"https:\/\/www.wurzel-ranch.de\/wrhome\/#website"},"primaryImageOfPage":{"@id":"https:\/\/www.wurzel-ranch.de\/wrhome\/theorieunterricht\/#primaryimage"},"image":{"@id":"https:\/\/www.wurzel-ranch.de\/wrhome\/theorieunterricht\/#primaryimage"},"thumbnailUrl":"https:\/\/www.wurzel-ranch.de\/wrhome\/wp-content\/uploads\/DSC_6554_klein.jpg","datePublished":"2023-01-05T20:56:26+00:00","dateModified":"2024-02-28T10:17:39+00:00","breadcrumb":{"@id":"https:\/\/www.wurzel-ranch.de\/wrhome\/theorieunterricht\/#breadcrumb"},"inLanguage":"de","potentialAction":[{"@type":"ReadAction","target":["https:\/\/www.wurzel-ranch.de\/wrhome\/theorieunterricht\/"]}]},{"@type":"ImageObject","inLanguage":"de","@id":"https:\/\/www.wurzel-ranch.de\/wrhome\/theorieunterricht\/#primaryimage","url":"https:\/\/www.wurzel-ranch.de\/wrhome\/wp-content\/uploads\/DSC_6554_klein.jpg","contentUrl":"https:\/\/www.wurzel-ranch.de\/wrhome\/wp-content\/uploads\/DSC_6554_klein.jpg","width":276,"height":413},{"@type":"BreadcrumbList","@id":"https:\/\/www.wurzel-ranch.de\/wrhome\/theorieunterricht\/#breadcrumb","itemListElement":[{"@type":"ListItem","position":1,"name":"Startseite","item":"https:\/\/www.wurzel-ranch.de\/wrhome\/"},{"@type":"ListItem","position":2,"name":"Theorieunterricht"}]},{"@type":"WebSite","@id":"https:\/\/www.wurzel-ranch.de\/wrhome\/#website","url":"https:\/\/www.wurzel-ranch.de\/wrhome\/","name":"Wurzel-Ranch","description":"","publisher":{"@id":"https:\/\/www.wurzel-ranch.de\/wrhome\/#organization"},"potentialAction":[{"@type":"SearchAction","target":{"@type":"EntryPoint","urlTemplate":"https:\/\/www.wurzel-ranch.de\/wrhome\/?s={search_term_string}"},"query-input":{"@type":"PropertyValueSpecification","valueRequired":true,"valueName":"search_term_string"}}],"inLanguage":"de"},{"@type":"Organization","@id":"https:\/\/www.wurzel-ranch.de\/wrhome\/#organization","name":"Wurzel-Ranch","url":"https:\/\/www.wurzel-ranch.de\/wrhome\/","logo":{"@type":"ImageObject","inLanguage":"de","@id":"https:\/\/www.wurzel-ranch.de\/wrhome\/#\/schema\/logo\/image\/","url":"https:\/\/www.wurzel-ranch.de\/wrhome\/wp-content\/uploads\/WurzelRanch.png","contentUrl":"https:\/\/www.wurzel-ranch.de\/wrhome\/wp-content\/uploads\/WurzelRanch.png","width":332,"height":376,"caption":"Wurzel-Ranch"},"image":{"@id":"https:\/\/www.wurzel-ranch.de\/wrhome\/#\/schema\/logo\/image\/"},"sameAs":["https:\/\/www.instagram.com\/wurzelranch"]}]}},"_links":{"self":[{"href":"https:\/\/www.wurzel-ranch.de\/wrhome\/wp-json\/wp\/v2\/pages\/5019","targetHints":{"allow":["GET"]}}],"collection":[{"href":"https:\/\/www.wurzel-ranch.de\/wrhome\/wp-json\/wp\/v2\/pages"}],"about":[{"href":"https:\/\/www.wurzel-ranch.de\/wrhome\/wp-json\/wp\/v2\/types\/page"}],"author":[{"embeddable":true,"href":"https:\/\/www.wurzel-ranch.de\/wrhome\/wp-json\/wp\/v2\/users\/3"}],"replies":[{"embeddable":true,"href":"https:\/\/www.wurzel-ranch.de\/wrhome\/wp-json\/wp\/v2\/comments?post=5019"}],"version-history":[{"count":0,"href":"https:\/\/www.wurzel-ranch.de\/wrhome\/wp-json\/wp\/v2\/pages\/5019\/revisions"}],"wp:attachment":[{"href":"https:\/\/www.wurzel-ranch.de\/wrhome\/wp-json\/wp\/v2\/media?parent=5019"}],"curies":[{"name":"wp","href":"https:\/\/api.w.org\/{rel}","templated":true}]}}