{"id":3889,"date":"2022-03-10T11:04:54","date_gmt":"2022-03-10T09:04:54","guid":{"rendered":"https:\/\/www.wurzel-ranch.de\/wrhome\/?page_id=3889"},"modified":"2023-02-24T13:38:57","modified_gmt":"2023-02-24T11:38:57","slug":"schafwanderungen","status":"publish","type":"page","link":"https:\/\/www.wurzel-ranch.de\/wrhome\/schafwanderungen\/","title":{"rendered":"Schafwanderungen"},"content":{"rendered":"\n<h2>\n\t\tSchafwanderungen\n\t<\/h2>\n\t<p>Auf der Wurzel-Ranch gibt es nicht nur Ponys sondern auch noch andere vierbeinige Bewohner. Dazu geh\u00f6ren unsere lieben Schafe Anne und Liese. Diese geh\u00f6ren zur seltenen Rasse der Brillenschafe.<\/p>\n<p>Zun\u00e4chst putzen wir gemeinsam die beiden damit sich alle kennenlernen k\u00f6nnen. Danach machen wir eine Wanderung durch die angrenzenden W\u00e4lder. Hierbei werdet ihr nat\u00fcrlich begeleitet.<\/p>\n<p>&nbsp;<\/p>\n<p><strong>Dauer: <\/strong>1h<\/p>\n<p><strong>Kosten: <\/strong>20\u20ac pro Schaf (maximal 2 Schafe verf\u00fcgbar)<\/p>\n<p><em>Weitere Mitwanderer sind gern willkommen und brauchen keinen zus\u00e4tzlichen Aufpreis zahlen<\/em><\/p>\n<p><strong>Zur Anmeldung: <\/strong><em><a href=\"https:\/\/www.wurzel-ranch.de\/wrhome\/anmeldung_schafwanderung\/\"><u>Anmeldung Schafwanderung<\/u><\/a><\/em><\/p>\n<p>&nbsp;<\/p>\n\t\t\t\t<img decoding=\"async\" src=\"https:\/\/www.wurzel-ranch.de\/wrhome\/wp-content\/uploads\/IMG_3780_Maxi-1024x683.jpg\" alt=\"IMG_3780_Maxi\" itemprop=\"image\" height=\"683\" width=\"1024\" title=\"IMG_3780_Maxi\" onerror=\"this.style.display='none'\"  \/>\n\t\t\t\t<img decoding=\"async\" src=\"https:\/\/www.wurzel-ranch.de\/wrhome\/wp-content\/plugins\/bb-plugin\/img\/pixel.png\" alt=\"\" itemprop=\"image\" onerror=\"this.style.display='none'\"  \/>\n\t\t\t\t<img decoding=\"async\" src=\"https:\/\/www.wurzel-ranch.de\/wrhome\/wp-content\/uploads\/20220422_145249_Schafwanderung_2.jpg\" alt=\"20220422_145249_Schafwanderung_2\" itemprop=\"image\" height=\"463\" width=\"347\" title=\"20220422_145249_Schafwanderung_2\" onerror=\"this.style.display='none'\"  \/>\n\n","protected":false},"excerpt":{"rendered":"<p>Schafwanderungen Auf der Wurzel-Ranch gibt es nicht nur Ponys sondern auch noch andere vierbeinige Bewohner. Dazu geh\u00f6ren unsere lieben Schafe Anne und Liese. Diese geh\u00f6ren zur seltenen Rasse der Brillenschafe. Zun\u00e4chst putzen wir gemeinsam die beiden damit sich alle kennenlernen k\u00f6nnen. Danach machen wir eine Wanderung durch die angrenzenden W\u00e4lder. Hierbei werdet ihr nat\u00fcrlich begeleitet.&hellip;<\/p>\n","protected":false},"author":3,"featured_media":0,"parent":0,"menu_order":0,"comment_status":"closed","ping_status":"closed","template":"","meta":{"footnotes":""},"class_list":["post-3889","page","type-page","status-publish","hentry"],"yoast_head":"<!-- This site is optimized with the Yoast SEO plugin v26.8 - https:\/\/yoast.com\/product\/yoast-seo-wordpress\/ -->\n<title>Schafwanderungen - Wurzel-Ranch<\/title>\n<meta name=\"robots\" content=\"index, follow, max-snippet:-1, max-image-preview:large, max-video-preview:-1\" \/>\n<link rel=\"canonical\" href=\"https:\/\/www.wurzel-ranch.de\/wrhome\/schafwanderungen\/\" \/>\n<meta property=\"og:locale\" content=\"de_DE\" \/>\n<meta property=\"og:type\" content=\"article\" \/>\n<meta property=\"og:title\" content=\"Schafwanderungen - Wurzel-Ranch\" \/>\n<meta property=\"og:description\" content=\"Schafwanderungen Auf der Wurzel-Ranch gibt es nicht nur Ponys sondern auch noch andere vierbeinige Bewohner. Dazu geh\u00f6ren unsere lieben Schafe Anne und Liese. Diese geh\u00f6ren zur seltenen Rasse der Brillenschafe. Zun\u00e4chst putzen wir gemeinsam die beiden damit sich alle kennenlernen k\u00f6nnen. Danach machen wir eine Wanderung durch die angrenzenden W\u00e4lder. Hierbei werdet ihr nat\u00fcrlich begeleitet.&hellip;\" \/>\n<meta property=\"og:url\" content=\"https:\/\/www.wurzel-ranch.de\/wrhome\/schafwanderungen\/\" \/>\n<meta property=\"og:site_name\" content=\"Wurzel-Ranch\" \/>\n<meta property=\"article:modified_time\" content=\"2023-02-24T11:38:57+00:00\" \/>\n<meta property=\"og:image\" content=\"https:\/\/www.wurzel-ranch.de\/wrhome\/wp-content\/uploads\/IMG_3780_Maxi-1024x683.jpg\" \/>\n<meta name=\"twitter:card\" content=\"summary_large_image\" \/>\n<script type=\"application\/ld+json\" class=\"yoast-schema-graph\">{\"@context\":\"https:\/\/schema.org\",\"@graph\":[{\"@type\":\"WebPage\",\"@id\":\"https:\/\/www.wurzel-ranch.de\/wrhome\/schafwanderungen\/\",\"url\":\"https:\/\/www.wurzel-ranch.de\/wrhome\/schafwanderungen\/\",\"name\":\"Schafwanderungen - Wurzel-Ranch\",\"isPartOf\":{\"@id\":\"https:\/\/www.wurzel-ranch.de\/wrhome\/#website\"},\"primaryImageOfPage\":{\"@id\":\"https:\/\/www.wurzel-ranch.de\/wrhome\/schafwanderungen\/#primaryimage\"},\"image\":{\"@id\":\"https:\/\/www.wurzel-ranch.de\/wrhome\/schafwanderungen\/#primaryimage\"},\"thumbnailUrl\":\"https:\/\/www.wurzel-ranch.de\/wrhome\/wp-content\/uploads\/IMG_3780_Maxi-1024x683.jpg\",\"datePublished\":\"2022-03-10T09:04:54+00:00\",\"dateModified\":\"2023-02-24T11:38:57+00:00\",\"breadcrumb\":{\"@id\":\"https:\/\/www.wurzel-ranch.de\/wrhome\/schafwanderungen\/#breadcrumb\"},\"inLanguage\":\"de\",\"potentialAction\":[{\"@type\":\"ReadAction\",\"target\":[\"https:\/\/www.wurzel-ranch.de\/wrhome\/schafwanderungen\/\"]}]},{\"@type\":\"ImageObject\",\"inLanguage\":\"de\",\"@id\":\"https:\/\/www.wurzel-ranch.de\/wrhome\/schafwanderungen\/#primaryimage\",\"url\":\"https:\/\/www.wurzel-ranch.de\/wrhome\/wp-content\/uploads\/IMG_3780_Maxi-scaled.jpg\",\"contentUrl\":\"https:\/\/www.wurzel-ranch.de\/wrhome\/wp-content\/uploads\/IMG_3780_Maxi-scaled.jpg\",\"width\":2560,\"height\":1707},{\"@type\":\"BreadcrumbList\",\"@id\":\"https:\/\/www.wurzel-ranch.de\/wrhome\/schafwanderungen\/#breadcrumb\",\"itemListElement\":[{\"@type\":\"ListItem\",\"position\":1,\"name\":\"Startseite\",\"item\":\"https:\/\/www.wurzel-ranch.de\/wrhome\/\"},{\"@type\":\"ListItem\",\"position\":2,\"name\":\"Schafwanderungen\"}]},{\"@type\":\"WebSite\",\"@id\":\"https:\/\/www.wurzel-ranch.de\/wrhome\/#website\",\"url\":\"https:\/\/www.wurzel-ranch.de\/wrhome\/\",\"name\":\"Wurzel-Ranch\",\"description\":\"\",\"publisher\":{\"@id\":\"https:\/\/www.wurzel-ranch.de\/wrhome\/#organization\"},\"potentialAction\":[{\"@type\":\"SearchAction\",\"target\":{\"@type\":\"EntryPoint\",\"urlTemplate\":\"https:\/\/www.wurzel-ranch.de\/wrhome\/?s={search_term_string}\"},\"query-input\":{\"@type\":\"PropertyValueSpecification\",\"valueRequired\":true,\"valueName\":\"search_term_string\"}}],\"inLanguage\":\"de\"},{\"@type\":\"Organization\",\"@id\":\"https:\/\/www.wurzel-ranch.de\/wrhome\/#organization\",\"name\":\"Wurzel-Ranch\",\"url\":\"https:\/\/www.wurzel-ranch.de\/wrhome\/\",\"logo\":{\"@type\":\"ImageObject\",\"inLanguage\":\"de\",\"@id\":\"https:\/\/www.wurzel-ranch.de\/wrhome\/#\/schema\/logo\/image\/\",\"url\":\"https:\/\/www.wurzel-ranch.de\/wrhome\/wp-content\/uploads\/WurzelRanch.png\",\"contentUrl\":\"https:\/\/www.wurzel-ranch.de\/wrhome\/wp-content\/uploads\/WurzelRanch.png\",\"width\":332,\"height\":376,\"caption\":\"Wurzel-Ranch\"},\"image\":{\"@id\":\"https:\/\/www.wurzel-ranch.de\/wrhome\/#\/schema\/logo\/image\/\"},\"sameAs\":[\"https:\/\/www.instagram.com\/wurzelranch\"]}]}<\/script>\n<!-- \/ Yoast SEO plugin. -->","yoast_head_json":{"title":"Schafwanderungen - Wurzel-Ranch","robots":{"index":"index","follow":"follow","max-snippet":"max-snippet:-1","max-image-preview":"max-image-preview:large","max-video-preview":"max-video-preview:-1"},"canonical":"https:\/\/www.wurzel-ranch.de\/wrhome\/schafwanderungen\/","og_locale":"de_DE","og_type":"article","og_title":"Schafwanderungen - Wurzel-Ranch","og_description":"Schafwanderungen Auf der Wurzel-Ranch gibt es nicht nur Ponys sondern auch noch andere vierbeinige Bewohner. Dazu geh\u00f6ren unsere lieben Schafe Anne und Liese. Diese geh\u00f6ren zur seltenen Rasse der Brillenschafe. Zun\u00e4chst putzen wir gemeinsam die beiden damit sich alle kennenlernen k\u00f6nnen. Danach machen wir eine Wanderung durch die angrenzenden W\u00e4lder. Hierbei werdet ihr nat\u00fcrlich begeleitet.&hellip;","og_url":"https:\/\/www.wurzel-ranch.de\/wrhome\/schafwanderungen\/","og_site_name":"Wurzel-Ranch","article_modified_time":"2023-02-24T11:38:57+00:00","og_image":[{"url":"https:\/\/www.wurzel-ranch.de\/wrhome\/wp-content\/uploads\/IMG_3780_Maxi-1024x683.jpg","type":"","width":"","height":""}],"twitter_card":"summary_large_image","schema":{"@context":"https:\/\/schema.org","@graph":[{"@type":"WebPage","@id":"https:\/\/www.wurzel-ranch.de\/wrhome\/schafwanderungen\/","url":"https:\/\/www.wurzel-ranch.de\/wrhome\/schafwanderungen\/","name":"Schafwanderungen - Wurzel-Ranch","isPartOf":{"@id":"https:\/\/www.wurzel-ranch.de\/wrhome\/#website"},"primaryImageOfPage":{"@id":"https:\/\/www.wurzel-ranch.de\/wrhome\/schafwanderungen\/#primaryimage"},"image":{"@id":"https:\/\/www.wurzel-ranch.de\/wrhome\/schafwanderungen\/#primaryimage"},"thumbnailUrl":"https:\/\/www.wurzel-ranch.de\/wrhome\/wp-content\/uploads\/IMG_3780_Maxi-1024x683.jpg","datePublished":"2022-03-10T09:04:54+00:00","dateModified":"2023-02-24T11:38:57+00:00","breadcrumb":{"@id":"https:\/\/www.wurzel-ranch.de\/wrhome\/schafwanderungen\/#breadcrumb"},"inLanguage":"de","potentialAction":[{"@type":"ReadAction","target":["https:\/\/www.wurzel-ranch.de\/wrhome\/schafwanderungen\/"]}]},{"@type":"ImageObject","inLanguage":"de","@id":"https:\/\/www.wurzel-ranch.de\/wrhome\/schafwanderungen\/#primaryimage","url":"https:\/\/www.wurzel-ranch.de\/wrhome\/wp-content\/uploads\/IMG_3780_Maxi-scaled.jpg","contentUrl":"https:\/\/www.wurzel-ranch.de\/wrhome\/wp-content\/uploads\/IMG_3780_Maxi-scaled.jpg","width":2560,"height":1707},{"@type":"BreadcrumbList","@id":"https:\/\/www.wurzel-ranch.de\/wrhome\/schafwanderungen\/#breadcrumb","itemListElement":[{"@type":"ListItem","position":1,"name":"Startseite","item":"https:\/\/www.wurzel-ranch.de\/wrhome\/"},{"@type":"ListItem","position":2,"name":"Schafwanderungen"}]},{"@type":"WebSite","@id":"https:\/\/www.wurzel-ranch.de\/wrhome\/#website","url":"https:\/\/www.wurzel-ranch.de\/wrhome\/","name":"Wurzel-Ranch","description":"","publisher":{"@id":"https:\/\/www.wurzel-ranch.de\/wrhome\/#organization"},"potentialAction":[{"@type":"SearchAction","target":{"@type":"EntryPoint","urlTemplate":"https:\/\/www.wurzel-ranch.de\/wrhome\/?s={search_term_string}"},"query-input":{"@type":"PropertyValueSpecification","valueRequired":true,"valueName":"search_term_string"}}],"inLanguage":"de"},{"@type":"Organization","@id":"https:\/\/www.wurzel-ranch.de\/wrhome\/#organization","name":"Wurzel-Ranch","url":"https:\/\/www.wurzel-ranch.de\/wrhome\/","logo":{"@type":"ImageObject","inLanguage":"de","@id":"https:\/\/www.wurzel-ranch.de\/wrhome\/#\/schema\/logo\/image\/","url":"https:\/\/www.wurzel-ranch.de\/wrhome\/wp-content\/uploads\/WurzelRanch.png","contentUrl":"https:\/\/www.wurzel-ranch.de\/wrhome\/wp-content\/uploads\/WurzelRanch.png","width":332,"height":376,"caption":"Wurzel-Ranch"},"image":{"@id":"https:\/\/www.wurzel-ranch.de\/wrhome\/#\/schema\/logo\/image\/"},"sameAs":["https:\/\/www.instagram.com\/wurzelranch"]}]}},"_links":{"self":[{"href":"https:\/\/www.wurzel-ranch.de\/wrhome\/wp-json\/wp\/v2\/pages\/3889","targetHints":{"allow":["GET"]}}],"collection":[{"href":"https:\/\/www.wurzel-ranch.de\/wrhome\/wp-json\/wp\/v2\/pages"}],"about":[{"href":"https:\/\/www.wurzel-ranch.de\/wrhome\/wp-json\/wp\/v2\/types\/page"}],"author":[{"embeddable":true,"href":"https:\/\/www.wurzel-ranch.de\/wrhome\/wp-json\/wp\/v2\/users\/3"}],"replies":[{"embeddable":true,"href":"https:\/\/www.wurzel-ranch.de\/wrhome\/wp-json\/wp\/v2\/comments?post=3889"}],"version-history":[{"count":0,"href":"https:\/\/www.wurzel-ranch.de\/wrhome\/wp-json\/wp\/v2\/pages\/3889\/revisions"}],"wp:attachment":[{"href":"https:\/\/www.wurzel-ranch.de\/wrhome\/wp-json\/wp\/v2\/media?parent=3889"}],"curies":[{"name":"wp","href":"https:\/\/api.w.org\/{rel}","templated":true}]}}