{"id":3887,"date":"2022-03-10T11:04:18","date_gmt":"2022-03-10T09:04:18","guid":{"rendered":"https:\/\/www.wurzel-ranch.de\/wrhome\/?page_id=3887"},"modified":"2023-02-14T12:34:03","modified_gmt":"2023-02-14T10:34:03","slug":"alpakawanderungen","status":"publish","type":"page","link":"https:\/\/www.wurzel-ranch.de\/wrhome\/alpakawanderungen\/","title":{"rendered":"Alpakawanderungen"},"content":{"rendered":"\n<h2>\n\t\tAlpakawanderungen\n\t<\/h2>\n\t<p>Auf der Wurzel-Ranch gibt es nicht nur Ponys sondern auch noch andere vierbeinige Bewohner. Dazu geh\u00f6ren unsere flauschigen 4 Alpakas Sid, Odin, Jella und Inca.<\/p>\n<p>Zun\u00e4chst bekommt ihr beim Kennenlernen die wichtigsten Infos \u00fcber Alpakas erkl\u00e4rt, danach machen wir gemeinsam eine Wanderung durch die angrenzenden W\u00e4lder. Je nach Witterung kann es sein, dass die Alpakas hier die ein oder andere kleine Pause f\u00fcr ein ausgiebiges Sandbad einlegen. \ud83d\ude42<\/p>\n<p>Die Wanderung findet grunds\u00e4tzlich bei jedem Wetter statt. Sollte es aber stark regnen oder st\u00fcrmen, m\u00fcssen wir den Termin verschieben.<\/p>\n<p>Kinder ab 12 Jahren (und Erwachsene nat\u00fcrlich auch\u00a0\ud83d\ude09) d\u00fcrfen ein Alpaka allein f\u00fchren,<\/p>\n<p>Kinder von 10 &#8211; 12 Jahren d\u00fcrfen ein Alpaka zu zweit f\u00fchren (sie werden dann mit 2 F\u00fchrstricken von links und rechts gef\u00fchrt)<\/p>\n<p>und bei Kindern bis 10 Jahren muss jeweils ein Erwachsener mitf\u00fchren<\/p>\n<p>&nbsp;<\/p>\n<p><strong>Dauer: <\/strong>ca. 1h<\/p>\n<p><strong>Kosten: <\/strong>25\u20ac pro Alpaka (maximal 4 Alpakas verf\u00fcgbar)<\/p>\n<p><em>Weitere Mitwanderer sind gern willkommen und brauchen keinen zus\u00e4tzlichen Aufpreis zahlen<\/em><\/p>\n<p>&nbsp;<\/p>\n<p><strong>Zur Anmeldung: <\/strong><em><a href=\"https:\/\/www.wurzel-ranch.de\/wrhome\/anmeldung_alpaka\/\"><u>Anmeldung Alpakawanderung<\/u><\/a><\/em><\/p>\n<p>&nbsp;<\/p>\n\t\t\t\t<img decoding=\"async\" src=\"https:\/\/www.wurzel-ranch.de\/wrhome\/wp-content\/uploads\/IMG_3247_2-scaled.jpg\" alt=\"IMG_3247_2\" itemprop=\"image\" height=\"1707\" width=\"2560\" title=\"IMG_3247_2\" onerror=\"this.style.display='none'\"  \/>\n\t\t\t\t<img decoding=\"async\" src=\"https:\/\/www.wurzel-ranch.de\/wrhome\/wp-content\/uploads\/Alpaka_Gruppe_Maxi-600x400.jpg\" alt=\"Alpaka_Gruppe_Maxi\" itemprop=\"image\" height=\"400\" width=\"600\" title=\"Alpaka_Gruppe_Maxi\" onerror=\"this.style.display='none'\"  \/>\n\n","protected":false},"excerpt":{"rendered":"<p>Alpakawanderungen Auf der Wurzel-Ranch gibt es nicht nur Ponys sondern auch noch andere vierbeinige Bewohner. Dazu geh\u00f6ren unsere flauschigen 4 Alpakas Sid, Odin, Jella und Inca. Zun\u00e4chst bekommt ihr beim Kennenlernen die wichtigsten Infos \u00fcber Alpakas erkl\u00e4rt, danach machen wir gemeinsam eine Wanderung durch die angrenzenden W\u00e4lder. Je nach Witterung kann es sein, dass die&hellip;<\/p>\n","protected":false},"author":3,"featured_media":0,"parent":0,"menu_order":0,"comment_status":"closed","ping_status":"closed","template":"","meta":{"footnotes":""},"class_list":["post-3887","page","type-page","status-publish","hentry"],"yoast_head":"<!-- This site is optimized with the Yoast SEO plugin v26.8 - https:\/\/yoast.com\/product\/yoast-seo-wordpress\/ -->\n<title>Alpakawanderungen - Wurzel-Ranch<\/title>\n<meta name=\"robots\" content=\"index, follow, max-snippet:-1, max-image-preview:large, max-video-preview:-1\" \/>\n<link rel=\"canonical\" href=\"https:\/\/www.wurzel-ranch.de\/wrhome\/alpakawanderungen\/\" \/>\n<meta property=\"og:locale\" content=\"de_DE\" \/>\n<meta property=\"og:type\" content=\"article\" \/>\n<meta property=\"og:title\" content=\"Alpakawanderungen - Wurzel-Ranch\" \/>\n<meta property=\"og:description\" content=\"Alpakawanderungen Auf der Wurzel-Ranch gibt es nicht nur Ponys sondern auch noch andere vierbeinige Bewohner. Dazu geh\u00f6ren unsere flauschigen 4 Alpakas Sid, Odin, Jella und Inca. Zun\u00e4chst bekommt ihr beim Kennenlernen die wichtigsten Infos \u00fcber Alpakas erkl\u00e4rt, danach machen wir gemeinsam eine Wanderung durch die angrenzenden W\u00e4lder. Je nach Witterung kann es sein, dass die&hellip;\" \/>\n<meta property=\"og:url\" content=\"https:\/\/www.wurzel-ranch.de\/wrhome\/alpakawanderungen\/\" \/>\n<meta property=\"og:site_name\" content=\"Wurzel-Ranch\" \/>\n<meta property=\"article:modified_time\" content=\"2023-02-14T10:34:03+00:00\" \/>\n<meta property=\"og:image\" content=\"https:\/\/www.wurzel-ranch.de\/wrhome\/wp-content\/uploads\/IMG_3247_2-scaled.jpg\" \/>\n<meta name=\"twitter:card\" content=\"summary_large_image\" \/>\n<meta name=\"twitter:label1\" content=\"Gesch\u00e4tzte Lesezeit\" \/>\n\t<meta name=\"twitter:data1\" content=\"1\u00a0Minute\" \/>\n<script type=\"application\/ld+json\" class=\"yoast-schema-graph\">{\"@context\":\"https:\/\/schema.org\",\"@graph\":[{\"@type\":\"WebPage\",\"@id\":\"https:\/\/www.wurzel-ranch.de\/wrhome\/alpakawanderungen\/\",\"url\":\"https:\/\/www.wurzel-ranch.de\/wrhome\/alpakawanderungen\/\",\"name\":\"Alpakawanderungen - Wurzel-Ranch\",\"isPartOf\":{\"@id\":\"https:\/\/www.wurzel-ranch.de\/wrhome\/#website\"},\"primaryImageOfPage\":{\"@id\":\"https:\/\/www.wurzel-ranch.de\/wrhome\/alpakawanderungen\/#primaryimage\"},\"image\":{\"@id\":\"https:\/\/www.wurzel-ranch.de\/wrhome\/alpakawanderungen\/#primaryimage\"},\"thumbnailUrl\":\"https:\/\/www.wurzel-ranch.de\/wrhome\/wp-content\/uploads\/IMG_3247_2-scaled.jpg\",\"datePublished\":\"2022-03-10T09:04:18+00:00\",\"dateModified\":\"2023-02-14T10:34:03+00:00\",\"breadcrumb\":{\"@id\":\"https:\/\/www.wurzel-ranch.de\/wrhome\/alpakawanderungen\/#breadcrumb\"},\"inLanguage\":\"de\",\"potentialAction\":[{\"@type\":\"ReadAction\",\"target\":[\"https:\/\/www.wurzel-ranch.de\/wrhome\/alpakawanderungen\/\"]}]},{\"@type\":\"ImageObject\",\"inLanguage\":\"de\",\"@id\":\"https:\/\/www.wurzel-ranch.de\/wrhome\/alpakawanderungen\/#primaryimage\",\"url\":\"https:\/\/www.wurzel-ranch.de\/wrhome\/wp-content\/uploads\/IMG_3247_2-scaled.jpg\",\"contentUrl\":\"https:\/\/www.wurzel-ranch.de\/wrhome\/wp-content\/uploads\/IMG_3247_2-scaled.jpg\",\"width\":2560,\"height\":1707},{\"@type\":\"BreadcrumbList\",\"@id\":\"https:\/\/www.wurzel-ranch.de\/wrhome\/alpakawanderungen\/#breadcrumb\",\"itemListElement\":[{\"@type\":\"ListItem\",\"position\":1,\"name\":\"Startseite\",\"item\":\"https:\/\/www.wurzel-ranch.de\/wrhome\/\"},{\"@type\":\"ListItem\",\"position\":2,\"name\":\"Alpakawanderungen\"}]},{\"@type\":\"WebSite\",\"@id\":\"https:\/\/www.wurzel-ranch.de\/wrhome\/#website\",\"url\":\"https:\/\/www.wurzel-ranch.de\/wrhome\/\",\"name\":\"Wurzel-Ranch\",\"description\":\"\",\"publisher\":{\"@id\":\"https:\/\/www.wurzel-ranch.de\/wrhome\/#organization\"},\"potentialAction\":[{\"@type\":\"SearchAction\",\"target\":{\"@type\":\"EntryPoint\",\"urlTemplate\":\"https:\/\/www.wurzel-ranch.de\/wrhome\/?s={search_term_string}\"},\"query-input\":{\"@type\":\"PropertyValueSpecification\",\"valueRequired\":true,\"valueName\":\"search_term_string\"}}],\"inLanguage\":\"de\"},{\"@type\":\"Organization\",\"@id\":\"https:\/\/www.wurzel-ranch.de\/wrhome\/#organization\",\"name\":\"Wurzel-Ranch\",\"url\":\"https:\/\/www.wurzel-ranch.de\/wrhome\/\",\"logo\":{\"@type\":\"ImageObject\",\"inLanguage\":\"de\",\"@id\":\"https:\/\/www.wurzel-ranch.de\/wrhome\/#\/schema\/logo\/image\/\",\"url\":\"https:\/\/www.wurzel-ranch.de\/wrhome\/wp-content\/uploads\/WurzelRanch.png\",\"contentUrl\":\"https:\/\/www.wurzel-ranch.de\/wrhome\/wp-content\/uploads\/WurzelRanch.png\",\"width\":332,\"height\":376,\"caption\":\"Wurzel-Ranch\"},\"image\":{\"@id\":\"https:\/\/www.wurzel-ranch.de\/wrhome\/#\/schema\/logo\/image\/\"},\"sameAs\":[\"https:\/\/www.instagram.com\/wurzelranch\"]}]}<\/script>\n<!-- \/ Yoast SEO plugin. -->","yoast_head_json":{"title":"Alpakawanderungen - Wurzel-Ranch","robots":{"index":"index","follow":"follow","max-snippet":"max-snippet:-1","max-image-preview":"max-image-preview:large","max-video-preview":"max-video-preview:-1"},"canonical":"https:\/\/www.wurzel-ranch.de\/wrhome\/alpakawanderungen\/","og_locale":"de_DE","og_type":"article","og_title":"Alpakawanderungen - Wurzel-Ranch","og_description":"Alpakawanderungen Auf der Wurzel-Ranch gibt es nicht nur Ponys sondern auch noch andere vierbeinige Bewohner. Dazu geh\u00f6ren unsere flauschigen 4 Alpakas Sid, Odin, Jella und Inca. Zun\u00e4chst bekommt ihr beim Kennenlernen die wichtigsten Infos \u00fcber Alpakas erkl\u00e4rt, danach machen wir gemeinsam eine Wanderung durch die angrenzenden W\u00e4lder. Je nach Witterung kann es sein, dass die&hellip;","og_url":"https:\/\/www.wurzel-ranch.de\/wrhome\/alpakawanderungen\/","og_site_name":"Wurzel-Ranch","article_modified_time":"2023-02-14T10:34:03+00:00","og_image":[{"url":"https:\/\/www.wurzel-ranch.de\/wrhome\/wp-content\/uploads\/IMG_3247_2-scaled.jpg","type":"","width":"","height":""}],"twitter_card":"summary_large_image","twitter_misc":{"Gesch\u00e4tzte Lesezeit":"1\u00a0Minute"},"schema":{"@context":"https:\/\/schema.org","@graph":[{"@type":"WebPage","@id":"https:\/\/www.wurzel-ranch.de\/wrhome\/alpakawanderungen\/","url":"https:\/\/www.wurzel-ranch.de\/wrhome\/alpakawanderungen\/","name":"Alpakawanderungen - Wurzel-Ranch","isPartOf":{"@id":"https:\/\/www.wurzel-ranch.de\/wrhome\/#website"},"primaryImageOfPage":{"@id":"https:\/\/www.wurzel-ranch.de\/wrhome\/alpakawanderungen\/#primaryimage"},"image":{"@id":"https:\/\/www.wurzel-ranch.de\/wrhome\/alpakawanderungen\/#primaryimage"},"thumbnailUrl":"https:\/\/www.wurzel-ranch.de\/wrhome\/wp-content\/uploads\/IMG_3247_2-scaled.jpg","datePublished":"2022-03-10T09:04:18+00:00","dateModified":"2023-02-14T10:34:03+00:00","breadcrumb":{"@id":"https:\/\/www.wurzel-ranch.de\/wrhome\/alpakawanderungen\/#breadcrumb"},"inLanguage":"de","potentialAction":[{"@type":"ReadAction","target":["https:\/\/www.wurzel-ranch.de\/wrhome\/alpakawanderungen\/"]}]},{"@type":"ImageObject","inLanguage":"de","@id":"https:\/\/www.wurzel-ranch.de\/wrhome\/alpakawanderungen\/#primaryimage","url":"https:\/\/www.wurzel-ranch.de\/wrhome\/wp-content\/uploads\/IMG_3247_2-scaled.jpg","contentUrl":"https:\/\/www.wurzel-ranch.de\/wrhome\/wp-content\/uploads\/IMG_3247_2-scaled.jpg","width":2560,"height":1707},{"@type":"BreadcrumbList","@id":"https:\/\/www.wurzel-ranch.de\/wrhome\/alpakawanderungen\/#breadcrumb","itemListElement":[{"@type":"ListItem","position":1,"name":"Startseite","item":"https:\/\/www.wurzel-ranch.de\/wrhome\/"},{"@type":"ListItem","position":2,"name":"Alpakawanderungen"}]},{"@type":"WebSite","@id":"https:\/\/www.wurzel-ranch.de\/wrhome\/#website","url":"https:\/\/www.wurzel-ranch.de\/wrhome\/","name":"Wurzel-Ranch","description":"","publisher":{"@id":"https:\/\/www.wurzel-ranch.de\/wrhome\/#organization"},"potentialAction":[{"@type":"SearchAction","target":{"@type":"EntryPoint","urlTemplate":"https:\/\/www.wurzel-ranch.de\/wrhome\/?s={search_term_string}"},"query-input":{"@type":"PropertyValueSpecification","valueRequired":true,"valueName":"search_term_string"}}],"inLanguage":"de"},{"@type":"Organization","@id":"https:\/\/www.wurzel-ranch.de\/wrhome\/#organization","name":"Wurzel-Ranch","url":"https:\/\/www.wurzel-ranch.de\/wrhome\/","logo":{"@type":"ImageObject","inLanguage":"de","@id":"https:\/\/www.wurzel-ranch.de\/wrhome\/#\/schema\/logo\/image\/","url":"https:\/\/www.wurzel-ranch.de\/wrhome\/wp-content\/uploads\/WurzelRanch.png","contentUrl":"https:\/\/www.wurzel-ranch.de\/wrhome\/wp-content\/uploads\/WurzelRanch.png","width":332,"height":376,"caption":"Wurzel-Ranch"},"image":{"@id":"https:\/\/www.wurzel-ranch.de\/wrhome\/#\/schema\/logo\/image\/"},"sameAs":["https:\/\/www.instagram.com\/wurzelranch"]}]}},"_links":{"self":[{"href":"https:\/\/www.wurzel-ranch.de\/wrhome\/wp-json\/wp\/v2\/pages\/3887","targetHints":{"allow":["GET"]}}],"collection":[{"href":"https:\/\/www.wurzel-ranch.de\/wrhome\/wp-json\/wp\/v2\/pages"}],"about":[{"href":"https:\/\/www.wurzel-ranch.de\/wrhome\/wp-json\/wp\/v2\/types\/page"}],"author":[{"embeddable":true,"href":"https:\/\/www.wurzel-ranch.de\/wrhome\/wp-json\/wp\/v2\/users\/3"}],"replies":[{"embeddable":true,"href":"https:\/\/www.wurzel-ranch.de\/wrhome\/wp-json\/wp\/v2\/comments?post=3887"}],"version-history":[{"count":0,"href":"https:\/\/www.wurzel-ranch.de\/wrhome\/wp-json\/wp\/v2\/pages\/3887\/revisions"}],"wp:attachment":[{"href":"https:\/\/www.wurzel-ranch.de\/wrhome\/wp-json\/wp\/v2\/media?parent=3887"}],"curies":[{"name":"wp","href":"https:\/\/api.w.org\/{rel}","templated":true}]}}