{"id":381,"date":"2018-06-07T12:20:20","date_gmt":"2018-06-07T12:20:20","guid":{"rendered":"http:\/\/www.wurzel-ranch.de\/wrhome\/?page_id=381"},"modified":"2020-05-13T23:38:33","modified_gmt":"2020-05-13T21:38:33","slug":"uber-uns","status":"publish","type":"page","link":"https:\/\/www.wurzel-ranch.de\/wrhome\/uber-uns\/","title":{"rendered":"\u00fcber  uns"},"content":{"rendered":"\n\t\t\t\t<img decoding=\"async\" src=\"http:\/\/www.wurzel-ranch.de\/wrhome\/wp-content\/uploads\/wr_logo150px.png\" alt=\"wr_logo150px\" itemprop=\"image\" title=\"wr_logo150px\" onerror=\"this.style.display='none'\"  \/>\n<h1>\n\t\tFjordpferdegest\u00fct Wurzel-Ranch\n\t<\/h1>\n\t<p>Mitten im Herzen Niederbayerns,\u00a0 ca. 15 km s\u00fcd-\u00f6stlich von Landshut, liegt unser Fjordpferdegest\u00fct in reizvoller, l\u00e4ndlicher Umgebung.<\/p>\n<p>Von der A 92 (Ausfahrt Landshut-Nord) sind wir innerhalb von nur 20 Minuten zu erreichen.<\/p>\nWir freuen uns \u00fcber Ihr Interesse und \u00fcber Ihren Besuch nach telefonischer Voranmeldung.<br \/>\n\n<p>Image already added<\/p>\n\t\t\t\t<img decoding=\"async\" src=\"http:\/\/www.wurzel-ranch.de\/wrhome\/wp-content\/uploads\/wurzelschau2003.jpg\" alt=\"wurzelschau2003\" itemprop=\"image\" title=\"wurzelschau2003\" onerror=\"this.style.display='none'\"  \/>\n<h3>\n\t\tHistorie\n\t<\/h3>\n\t<h5>Wie aus einem Traum Realit\u00e4t wurde<\/h5>\n<p>Image already added<\/p>\n\t\t\t<a href=\"http:\/\/www.wurzel-ranch.de\/wrhome\/historie\/\" target=\"_self\" role=\"button\" rel=\"noopener noreferrer\">\n\t\t\t\t\t\t\tGeschichte\n\t\t\t<\/a>\n\t\t\t\t<a href=\"#\" target=\"_self\" itemprop=\"url\" rel=\"noopener noreferrer\">\n\t\t\t\t<img decoding=\"async\" src=\"http:\/\/www.wurzel-ranch.de\/wrhome\/wp-content\/uploads\/DSC04991.jpg\" alt=\"DSC04991\" itemprop=\"image\" title=\"DSC04991\" onerror=\"this.style.display='none'\"  \/>\n\t\t\t\t<\/a>\n<h3>\n\t\tTeam &#8220;Zwei Beine&#8221;\n\t<\/h3>\n\t<h5>Die fleissigen Helfer&#8230;<\/h5>\n<p>Image already added<\/p>\n\t\t\t<a href=\"http:\/\/www.wurzel-ranch.de\/wrhome\/team-zwei-beine-3\/\" target=\"_self\" role=\"button\" rel=\"noopener noreferrer\">\n\t\t\t\t\t\t\tTeam &#8220;zwei Beine&#8221;\n\t\t\t<\/a>\n\t\t\t\t<img decoding=\"async\" src=\"http:\/\/www.wurzel-ranch.de\/wrhome\/wp-content\/uploads\/DSC05178.jpg\" alt=\"DSC05178\" itemprop=\"image\" title=\"DSC05178\" onerror=\"this.style.display='none'\"  \/>\n<h3>\n\t\tTeam &#8220;Vier Beine&#8221;\n\t<\/h3>\n\t<h5>Die &#8220;Hauptakteure&#8221;<\/h5>\n<p>Image already added<\/p>\n\t\t\t<a href=\"http:\/\/www.wurzel-ranch.de\/wrhome\/team-zwei-beine-2\/\" target=\"_self\" role=\"button\" rel=\"noopener noreferrer\">\n\t\t\t\t\t\t\tTeam &#8220;vier Beine&#8221;\n\t\t\t<\/a>\n","protected":false},"excerpt":{"rendered":"<p>Fjordpferdegest\u00fct Wurzel-Ranch Mitten im Herzen Niederbayerns,\u00a0 ca. 15 km s\u00fcd-\u00f6stlich von Landshut, liegt unser Fjordpferdegest\u00fct in reizvoller, l\u00e4ndlicher Umgebung. Von der A 92 (Ausfahrt Landshut-Nord) sind wir innerhalb von nur 20 Minuten zu erreichen. Wir freuen uns \u00fcber Ihr Interesse und \u00fcber Ihren Besuch nach telefonischer Voranmeldung. Image already added Historie Wie aus einem Traum&hellip;<\/p>\n","protected":false},"author":3,"featured_media":0,"parent":0,"menu_order":0,"comment_status":"closed","ping_status":"closed","template":"","meta":{"footnotes":""},"class_list":["post-381","page","type-page","status-publish","hentry"],"yoast_head":"<!-- This site is optimized with the Yoast SEO plugin v26.8 - https:\/\/yoast.com\/product\/yoast-seo-wordpress\/ -->\n<title>\u00fcber uns - Wurzel-Ranch<\/title>\n<meta name=\"robots\" content=\"index, follow, max-snippet:-1, max-image-preview:large, max-video-preview:-1\" \/>\n<link rel=\"canonical\" href=\"https:\/\/www.wurzel-ranch.de\/wrhome\/uber-uns\/\" \/>\n<meta property=\"og:locale\" content=\"de_DE\" \/>\n<meta property=\"og:type\" content=\"article\" \/>\n<meta property=\"og:title\" content=\"\u00fcber uns - Wurzel-Ranch\" \/>\n<meta property=\"og:description\" content=\"Fjordpferdegest\u00fct Wurzel-Ranch Mitten im Herzen Niederbayerns,\u00a0 ca. 15 km s\u00fcd-\u00f6stlich von Landshut, liegt unser Fjordpferdegest\u00fct in reizvoller, l\u00e4ndlicher Umgebung. Von der A 92 (Ausfahrt Landshut-Nord) sind wir innerhalb von nur 20 Minuten zu erreichen. Wir freuen uns \u00fcber Ihr Interesse und \u00fcber Ihren Besuch nach telefonischer Voranmeldung. Image already added Historie Wie aus einem Traum&hellip;\" \/>\n<meta property=\"og:url\" content=\"https:\/\/www.wurzel-ranch.de\/wrhome\/uber-uns\/\" \/>\n<meta property=\"og:site_name\" content=\"Wurzel-Ranch\" \/>\n<meta property=\"article:modified_time\" content=\"2020-05-13T21:38:33+00:00\" \/>\n<meta property=\"og:image\" content=\"http:\/\/www.wurzel-ranch.de\/wrhome\/wp-content\/uploads\/wr_logo150px.png\" \/>\n<meta name=\"twitter:card\" content=\"summary_large_image\" \/>\n<script type=\"application\/ld+json\" class=\"yoast-schema-graph\">{\"@context\":\"https:\/\/schema.org\",\"@graph\":[{\"@type\":\"WebPage\",\"@id\":\"https:\/\/www.wurzel-ranch.de\/wrhome\/uber-uns\/\",\"url\":\"https:\/\/www.wurzel-ranch.de\/wrhome\/uber-uns\/\",\"name\":\"\u00fcber uns - Wurzel-Ranch\",\"isPartOf\":{\"@id\":\"https:\/\/www.wurzel-ranch.de\/wrhome\/#website\"},\"primaryImageOfPage\":{\"@id\":\"https:\/\/www.wurzel-ranch.de\/wrhome\/uber-uns\/#primaryimage\"},\"image\":{\"@id\":\"https:\/\/www.wurzel-ranch.de\/wrhome\/uber-uns\/#primaryimage\"},\"thumbnailUrl\":\"http:\/\/www.wurzel-ranch.de\/wrhome\/wp-content\/uploads\/wr_logo150px.png\",\"datePublished\":\"2018-06-07T12:20:20+00:00\",\"dateModified\":\"2020-05-13T21:38:33+00:00\",\"breadcrumb\":{\"@id\":\"https:\/\/www.wurzel-ranch.de\/wrhome\/uber-uns\/#breadcrumb\"},\"inLanguage\":\"de\",\"potentialAction\":[{\"@type\":\"ReadAction\",\"target\":[\"https:\/\/www.wurzel-ranch.de\/wrhome\/uber-uns\/\"]}]},{\"@type\":\"ImageObject\",\"inLanguage\":\"de\",\"@id\":\"https:\/\/www.wurzel-ranch.de\/wrhome\/uber-uns\/#primaryimage\",\"url\":\"https:\/\/www.wurzel-ranch.de\/wrhome\/wp-content\/uploads\/wr_logo150px.png\",\"contentUrl\":\"https:\/\/www.wurzel-ranch.de\/wrhome\/wp-content\/uploads\/wr_logo150px.png\",\"width\":150,\"height\":170},{\"@type\":\"BreadcrumbList\",\"@id\":\"https:\/\/www.wurzel-ranch.de\/wrhome\/uber-uns\/#breadcrumb\",\"itemListElement\":[{\"@type\":\"ListItem\",\"position\":1,\"name\":\"Startseite\",\"item\":\"https:\/\/www.wurzel-ranch.de\/wrhome\/\"},{\"@type\":\"ListItem\",\"position\":2,\"name\":\"\u00fcber uns\"}]},{\"@type\":\"WebSite\",\"@id\":\"https:\/\/www.wurzel-ranch.de\/wrhome\/#website\",\"url\":\"https:\/\/www.wurzel-ranch.de\/wrhome\/\",\"name\":\"Wurzel-Ranch\",\"description\":\"\",\"publisher\":{\"@id\":\"https:\/\/www.wurzel-ranch.de\/wrhome\/#organization\"},\"potentialAction\":[{\"@type\":\"SearchAction\",\"target\":{\"@type\":\"EntryPoint\",\"urlTemplate\":\"https:\/\/www.wurzel-ranch.de\/wrhome\/?s={search_term_string}\"},\"query-input\":{\"@type\":\"PropertyValueSpecification\",\"valueRequired\":true,\"valueName\":\"search_term_string\"}}],\"inLanguage\":\"de\"},{\"@type\":\"Organization\",\"@id\":\"https:\/\/www.wurzel-ranch.de\/wrhome\/#organization\",\"name\":\"Wurzel-Ranch\",\"url\":\"https:\/\/www.wurzel-ranch.de\/wrhome\/\",\"logo\":{\"@type\":\"ImageObject\",\"inLanguage\":\"de\",\"@id\":\"https:\/\/www.wurzel-ranch.de\/wrhome\/#\/schema\/logo\/image\/\",\"url\":\"https:\/\/www.wurzel-ranch.de\/wrhome\/wp-content\/uploads\/WurzelRanch.png\",\"contentUrl\":\"https:\/\/www.wurzel-ranch.de\/wrhome\/wp-content\/uploads\/WurzelRanch.png\",\"width\":332,\"height\":376,\"caption\":\"Wurzel-Ranch\"},\"image\":{\"@id\":\"https:\/\/www.wurzel-ranch.de\/wrhome\/#\/schema\/logo\/image\/\"},\"sameAs\":[\"https:\/\/www.instagram.com\/wurzelranch\"]}]}<\/script>\n<!-- \/ Yoast SEO plugin. -->","yoast_head_json":{"title":"\u00fcber uns - Wurzel-Ranch","robots":{"index":"index","follow":"follow","max-snippet":"max-snippet:-1","max-image-preview":"max-image-preview:large","max-video-preview":"max-video-preview:-1"},"canonical":"https:\/\/www.wurzel-ranch.de\/wrhome\/uber-uns\/","og_locale":"de_DE","og_type":"article","og_title":"\u00fcber uns - Wurzel-Ranch","og_description":"Fjordpferdegest\u00fct Wurzel-Ranch Mitten im Herzen Niederbayerns,\u00a0 ca. 15 km s\u00fcd-\u00f6stlich von Landshut, liegt unser Fjordpferdegest\u00fct in reizvoller, l\u00e4ndlicher Umgebung. Von der A 92 (Ausfahrt Landshut-Nord) sind wir innerhalb von nur 20 Minuten zu erreichen. Wir freuen uns \u00fcber Ihr Interesse und \u00fcber Ihren Besuch nach telefonischer Voranmeldung. Image already added Historie Wie aus einem Traum&hellip;","og_url":"https:\/\/www.wurzel-ranch.de\/wrhome\/uber-uns\/","og_site_name":"Wurzel-Ranch","article_modified_time":"2020-05-13T21:38:33+00:00","og_image":[{"url":"http:\/\/www.wurzel-ranch.de\/wrhome\/wp-content\/uploads\/wr_logo150px.png","type":"","width":"","height":""}],"twitter_card":"summary_large_image","schema":{"@context":"https:\/\/schema.org","@graph":[{"@type":"WebPage","@id":"https:\/\/www.wurzel-ranch.de\/wrhome\/uber-uns\/","url":"https:\/\/www.wurzel-ranch.de\/wrhome\/uber-uns\/","name":"\u00fcber uns - Wurzel-Ranch","isPartOf":{"@id":"https:\/\/www.wurzel-ranch.de\/wrhome\/#website"},"primaryImageOfPage":{"@id":"https:\/\/www.wurzel-ranch.de\/wrhome\/uber-uns\/#primaryimage"},"image":{"@id":"https:\/\/www.wurzel-ranch.de\/wrhome\/uber-uns\/#primaryimage"},"thumbnailUrl":"http:\/\/www.wurzel-ranch.de\/wrhome\/wp-content\/uploads\/wr_logo150px.png","datePublished":"2018-06-07T12:20:20+00:00","dateModified":"2020-05-13T21:38:33+00:00","breadcrumb":{"@id":"https:\/\/www.wurzel-ranch.de\/wrhome\/uber-uns\/#breadcrumb"},"inLanguage":"de","potentialAction":[{"@type":"ReadAction","target":["https:\/\/www.wurzel-ranch.de\/wrhome\/uber-uns\/"]}]},{"@type":"ImageObject","inLanguage":"de","@id":"https:\/\/www.wurzel-ranch.de\/wrhome\/uber-uns\/#primaryimage","url":"https:\/\/www.wurzel-ranch.de\/wrhome\/wp-content\/uploads\/wr_logo150px.png","contentUrl":"https:\/\/www.wurzel-ranch.de\/wrhome\/wp-content\/uploads\/wr_logo150px.png","width":150,"height":170},{"@type":"BreadcrumbList","@id":"https:\/\/www.wurzel-ranch.de\/wrhome\/uber-uns\/#breadcrumb","itemListElement":[{"@type":"ListItem","position":1,"name":"Startseite","item":"https:\/\/www.wurzel-ranch.de\/wrhome\/"},{"@type":"ListItem","position":2,"name":"\u00fcber uns"}]},{"@type":"WebSite","@id":"https:\/\/www.wurzel-ranch.de\/wrhome\/#website","url":"https:\/\/www.wurzel-ranch.de\/wrhome\/","name":"Wurzel-Ranch","description":"","publisher":{"@id":"https:\/\/www.wurzel-ranch.de\/wrhome\/#organization"},"potentialAction":[{"@type":"SearchAction","target":{"@type":"EntryPoint","urlTemplate":"https:\/\/www.wurzel-ranch.de\/wrhome\/?s={search_term_string}"},"query-input":{"@type":"PropertyValueSpecification","valueRequired":true,"valueName":"search_term_string"}}],"inLanguage":"de"},{"@type":"Organization","@id":"https:\/\/www.wurzel-ranch.de\/wrhome\/#organization","name":"Wurzel-Ranch","url":"https:\/\/www.wurzel-ranch.de\/wrhome\/","logo":{"@type":"ImageObject","inLanguage":"de","@id":"https:\/\/www.wurzel-ranch.de\/wrhome\/#\/schema\/logo\/image\/","url":"https:\/\/www.wurzel-ranch.de\/wrhome\/wp-content\/uploads\/WurzelRanch.png","contentUrl":"https:\/\/www.wurzel-ranch.de\/wrhome\/wp-content\/uploads\/WurzelRanch.png","width":332,"height":376,"caption":"Wurzel-Ranch"},"image":{"@id":"https:\/\/www.wurzel-ranch.de\/wrhome\/#\/schema\/logo\/image\/"},"sameAs":["https:\/\/www.instagram.com\/wurzelranch"]}]}},"_links":{"self":[{"href":"https:\/\/www.wurzel-ranch.de\/wrhome\/wp-json\/wp\/v2\/pages\/381","targetHints":{"allow":["GET"]}}],"collection":[{"href":"https:\/\/www.wurzel-ranch.de\/wrhome\/wp-json\/wp\/v2\/pages"}],"about":[{"href":"https:\/\/www.wurzel-ranch.de\/wrhome\/wp-json\/wp\/v2\/types\/page"}],"author":[{"embeddable":true,"href":"https:\/\/www.wurzel-ranch.de\/wrhome\/wp-json\/wp\/v2\/users\/3"}],"replies":[{"embeddable":true,"href":"https:\/\/www.wurzel-ranch.de\/wrhome\/wp-json\/wp\/v2\/comments?post=381"}],"version-history":[{"count":0,"href":"https:\/\/www.wurzel-ranch.de\/wrhome\/wp-json\/wp\/v2\/pages\/381\/revisions"}],"wp:attachment":[{"href":"https:\/\/www.wurzel-ranch.de\/wrhome\/wp-json\/wp\/v2\/media?parent=381"}],"curies":[{"name":"wp","href":"https:\/\/api.w.org\/{rel}","templated":true}]}}