{"id":1722,"date":"2020-06-22T23:56:00","date_gmt":"2020-06-22T21:56:00","guid":{"rendered":"https:\/\/www.wurzel-ranch.de\/wrhome\/?page_id=1722"},"modified":"2023-01-05T22:55:38","modified_gmt":"2023-01-05T20:55:38","slug":"theorie2home","status":"publish","type":"page","link":"https:\/\/www.wurzel-ranch.de\/wrhome\/theorie2home\/","title":{"rendered":"Theorie f\u00fcr zu Hause"},"content":{"rendered":"\n<img decoding=\"async\" loading=\"false\" src=\"https:\/\/www.wurzel-ranch.de\/wrhome\/wp-content\/uploads\/Theorieunterricht.png\" alt=\"\">\t\t\t\n\t\t\t\t\n\t\t\t<p>Theorieinhalte f\u00fcr zu Hause &#8211; hier zum Download!<\/p>\n\t<p><em>Haltung F\u00fctterung und Bewegung von Pferden<\/em><\/p>\n<div class='w3eden'><!-- WPDM Link Template: Default Template -->\n\n<div class=\"link-template-default card mb-2\">\n    <div class=\"card-body\">\n        <div class=\"media\">\n            <div class=\"mr-3 img-48\"><img decoding=\"async\" class=\"wpdm_icon\" alt=\"Icon\"   src=\"https:\/\/www.wurzel-ranch.de\/wrhome\/wp-content\/uploads\/FN_Logo-1.png\" \/><\/div>\n            <div class=\"media-body\">\n                <h3 class=\"package-title\"><a href='https:\/\/www.wurzel-ranch.de\/wrhome\/download\/fn-arbeitsblatt-haltung-fuetterung-und-bewegung-anfaenger\/'>FN-Arbeitsblatt Haltung, F\u00fctterung und Bewegung - Anf\u00e4nger<\/a><\/h3>\n                <div class=\"text-muted text-small\"><i class=\"fas fa-copy\"><\/i> 1 Datei(en) <i class=\"fas fa-hdd ml-3\"><\/i> 31.60 KB<\/div>\n            <\/div>\n            <div class=\"ml-3\">\n                <a class='wpdm-download-link download-on-click btn btn-primary ' rel='nofollow' href='#' data-downloadurl=\"https:\/\/www.wurzel-ranch.de\/wrhome\/download\/fn-arbeitsblatt-haltung-fuetterung-und-bewegung-anfaenger\/?wpdmdl=1727&refresh=69e731f1d1a691776759281\">Download<\/a>\n            <\/div>\n        <\/div>\n    <\/div>\n<\/div>\n\n<\/div>\n<div class='w3eden'><!-- WPDM Link Template: Default Template -->\n\n<div class=\"link-template-default card mb-2\">\n    <div class=\"card-body\">\n        <div class=\"media\">\n            <div class=\"mr-3 img-48\"><img decoding=\"async\" class=\"wpdm_icon\" alt=\"Icon\"   src=\"https:\/\/www.wurzel-ranch.de\/wrhome\/wp-content\/uploads\/FN_Logo-1.png\" \/><\/div>\n            <div class=\"media-body\">\n                <h3 class=\"package-title\"><a href='https:\/\/www.wurzel-ranch.de\/wrhome\/download\/fn-arbeitsblatt-haltung-fuetterung-und-bewegung-fortgeschrittene\/'>FN-Arbeitsblatt Haltung, F\u00fctterung und Bewegung - Fortgeschrittene<\/a><\/h3>\n                <div class=\"text-muted text-small\"><i class=\"fas fa-copy\"><\/i> 1 Datei(en) <i class=\"fas fa-hdd ml-3\"><\/i> 35.18 KB<\/div>\n            <\/div>\n            <div class=\"ml-3\">\n                <a class='wpdm-download-link download-on-click btn btn-primary ' rel='nofollow' href='#' data-downloadurl=\"https:\/\/www.wurzel-ranch.de\/wrhome\/download\/fn-arbeitsblatt-haltung-fuetterung-und-bewegung-fortgeschrittene\/?wpdmdl=1729&refresh=69e731f1e20661776759281\">Download<\/a>\n            <\/div>\n        <\/div>\n    <\/div>\n<\/div>\n\n<\/div>\n\t<p><em>Pferdepflege Gesundheit &amp; Exterieur Interieur &amp; Rassen<\/em><\/p>\n<div class='w3eden'><!-- WPDM Link Template: Default Template -->\n\n<div class=\"link-template-default card mb-2\">\n    <div class=\"card-body\">\n        <div class=\"media\">\n            <div class=\"mr-3 img-48\"><img decoding=\"async\" class=\"wpdm_icon\" alt=\"Icon\"   src=\"https:\/\/www.wurzel-ranch.de\/wrhome\/wp-content\/uploads\/FN_Logo-1.png\" \/><\/div>\n            <div class=\"media-body\">\n                <h3 class=\"package-title\"><a href='https:\/\/www.wurzel-ranch.de\/wrhome\/download\/fn-arbeitsblatt-rassen-gesundheit-anfaenger\/'>FN-Arbeitsblatt Rassen & Gesundheit - Anf\u00e4nger<\/a><\/h3>\n                <div class=\"text-muted text-small\"><i class=\"fas fa-copy\"><\/i> 1 Datei(en) <i class=\"fas fa-hdd ml-3\"><\/i> 135.44 KB<\/div>\n            <\/div>\n            <div class=\"ml-3\">\n                <a class='wpdm-download-link download-on-click btn btn-primary ' rel='nofollow' href='#' data-downloadurl=\"https:\/\/www.wurzel-ranch.de\/wrhome\/download\/fn-arbeitsblatt-rassen-gesundheit-anfaenger\/?wpdmdl=1848&refresh=69e731f1e8cd71776759281\">Download<\/a>\n            <\/div>\n        <\/div>\n    <\/div>\n<\/div>\n\n<\/div>\n<div class='w3eden'><!-- WPDM Link Template: Default Template -->\n\n<div class=\"link-template-default card mb-2\">\n    <div class=\"card-body\">\n        <div class=\"media\">\n            <div class=\"mr-3 img-48\"><img decoding=\"async\" class=\"wpdm_icon\" alt=\"Icon\"   src=\"https:\/\/www.wurzel-ranch.de\/wrhome\/wp-content\/uploads\/FN_Logo-1.png\" \/><\/div>\n            <div class=\"media-body\">\n                <h3 class=\"package-title\"><a href='https:\/\/www.wurzel-ranch.de\/wrhome\/download\/fn-arbeitsblatt-rassen-gesundheit-fortgeschrittene\/'>FN-Arbeitsblatt Rassen & Gesundheit - Fortgeschrittene<\/a><\/h3>\n                <div class=\"text-muted text-small\"><i class=\"fas fa-copy\"><\/i> 1 Datei(en) <i class=\"fas fa-hdd ml-3\"><\/i> 32.16 KB<\/div>\n            <\/div>\n            <div class=\"ml-3\">\n                <a class='wpdm-download-link download-on-click btn btn-primary ' rel='nofollow' href='#' data-downloadurl=\"https:\/\/www.wurzel-ranch.de\/wrhome\/download\/fn-arbeitsblatt-rassen-gesundheit-fortgeschrittene\/?wpdmdl=1852&refresh=69e731f1eda2c1776759281\">Download<\/a>\n            <\/div>\n        <\/div>\n    <\/div>\n<\/div>\n\n<\/div>\n\t<p><em>Ausr\u00fcstung von Reiter und Pferd<\/em><\/p>\n<div class='w3eden'><!-- WPDM Link Template: Default Template -->\n\n<div class=\"link-template-default card mb-2\">\n    <div class=\"card-body\">\n        <div class=\"media\">\n            <div class=\"mr-3 img-48\"><img decoding=\"async\" class=\"wpdm_icon\" alt=\"Icon\"   src=\"https:\/\/www.wurzel-ranch.de\/wrhome\/wp-content\/uploads\/FN_Logo-1.png\" \/><\/div>\n            <div class=\"media-body\">\n                <h3 class=\"package-title\"><a href='https:\/\/www.wurzel-ranch.de\/wrhome\/download\/fn-arbeitsblatt-ausruestung-anfaenger\/'>FN-Arbeitsblatt Ausr\u00fcstung - Anf\u00e4nger<\/a><\/h3>\n                <div class=\"text-muted text-small\"><i class=\"fas fa-copy\"><\/i> 1 Datei(en) <i class=\"fas fa-hdd ml-3\"><\/i> 174.73 KB<\/div>\n            <\/div>\n            <div class=\"ml-3\">\n                <a class='wpdm-download-link download-on-click btn btn-primary ' rel='nofollow' href='#' data-downloadurl=\"https:\/\/www.wurzel-ranch.de\/wrhome\/download\/fn-arbeitsblatt-ausruestung-anfaenger\/?wpdmdl=1858&refresh=69e731f1f290b1776759281\">Download<\/a>\n            <\/div>\n        <\/div>\n    <\/div>\n<\/div>\n\n<\/div>\n<div class='w3eden'><!-- WPDM Link Template: Default Template -->\n\n<div class=\"link-template-default card mb-2\">\n    <div class=\"card-body\">\n        <div class=\"media\">\n            <div class=\"mr-3 img-48\"><img decoding=\"async\" class=\"wpdm_icon\" alt=\"Icon\"   src=\"https:\/\/www.wurzel-ranch.de\/wrhome\/wp-content\/uploads\/FN_Logo-1.png\" \/><\/div>\n            <div class=\"media-body\">\n                <h3 class=\"package-title\"><a href='https:\/\/www.wurzel-ranch.de\/wrhome\/download\/fn-arbeitsblatt-ausruestung-fortgeschrittene\/'>FN-Arbeitsblatt Ausr\u00fcstung - Fortgeschrittene<\/a><\/h3>\n                <div class=\"text-muted text-small\"><i class=\"fas fa-copy\"><\/i> 1 Datei(en) <i class=\"fas fa-hdd ml-3\"><\/i> 143.54 KB<\/div>\n            <\/div>\n            <div class=\"ml-3\">\n                <a class='wpdm-download-link download-on-click btn btn-primary ' rel='nofollow' href='#' data-downloadurl=\"https:\/\/www.wurzel-ranch.de\/wrhome\/download\/fn-arbeitsblatt-ausruestung-fortgeschrittene\/?wpdmdl=1860&refresh=69e731f2071581776759282\">Download<\/a>\n            <\/div>\n        <\/div>\n    <\/div>\n<\/div>\n\n<\/div>\n\t<p><em>Reiterliches Miteinander + Sicherheit<\/em><\/p>\n<div class='w3eden'><!-- WPDM Link Template: Default Template -->\n\n<div class=\"link-template-default card mb-2\">\n    <div class=\"card-body\">\n        <div class=\"media\">\n            <div class=\"mr-3 img-48\"><img decoding=\"async\" class=\"wpdm_icon\" alt=\"Icon\"   src=\"https:\/\/www.wurzel-ranch.de\/wrhome\/wp-content\/uploads\/FN_Logo-1.png\" \/><\/div>\n            <div class=\"media-body\">\n                <h3 class=\"package-title\"><a href='https:\/\/www.wurzel-ranch.de\/wrhome\/download\/fn-arbeitsblatt-reiterliches-miteinander-und-sicherheit-anfaenger\/'>FN-Arbeitsblatt Reiterliches Miteinander und Sicherheit - Anf\u00e4nger<\/a><\/h3>\n                <div class=\"text-muted text-small\"><i class=\"fas fa-copy\"><\/i> 1 Datei(en) <i class=\"fas fa-hdd ml-3\"><\/i> 120.41 KB<\/div>\n            <\/div>\n            <div class=\"ml-3\">\n                <a class='wpdm-download-link download-on-click btn btn-primary ' rel='nofollow' href='#' data-downloadurl=\"https:\/\/www.wurzel-ranch.de\/wrhome\/download\/fn-arbeitsblatt-reiterliches-miteinander-und-sicherheit-anfaenger\/?wpdmdl=1867&refresh=69e731f20e3ed1776759282\">Download<\/a>\n            <\/div>\n        <\/div>\n    <\/div>\n<\/div>\n\n<\/div>\n<div class='w3eden'><!-- WPDM Link Template: Default Template -->\n\n<div class=\"link-template-default card mb-2\">\n    <div class=\"card-body\">\n        <div class=\"media\">\n            <div class=\"mr-3 img-48\"><img decoding=\"async\" class=\"wpdm_icon\" alt=\"Icon\"   src=\"https:\/\/www.wurzel-ranch.de\/wrhome\/wp-content\/uploads\/FN_Logo-1.png\" \/><\/div>\n            <div class=\"media-body\">\n                <h3 class=\"package-title\"><a href='https:\/\/www.wurzel-ranch.de\/wrhome\/download\/fn-arbeitsblatt-reiterliches-miteinander-und-sicherheit-fortgeschrittene\/'>FN-Arbeitsblatt Reiterliches Miteinander und Sicherheit - Fortgeschrittene<\/a><\/h3>\n                <div class=\"text-muted text-small\"><i class=\"fas fa-copy\"><\/i> 1 Datei(en) <i class=\"fas fa-hdd ml-3\"><\/i> 31.98 KB<\/div>\n            <\/div>\n            <div class=\"ml-3\">\n                <a class='wpdm-download-link download-on-click btn btn-primary ' rel='nofollow' href='#' data-downloadurl=\"https:\/\/www.wurzel-ranch.de\/wrhome\/download\/fn-arbeitsblatt-reiterliches-miteinander-und-sicherheit-fortgeschrittene\/?wpdmdl=1869&refresh=69e731f2140291776759282\">Download<\/a>\n            <\/div>\n        <\/div>\n    <\/div>\n<\/div>\n\n<\/div>\n\t<p><em>Praktisches Reiten<\/em><\/p>\n<div class='w3eden'><!-- WPDM Link Template: Default Template -->\n\n<div class=\"link-template-default card mb-2\">\n    <div class=\"card-body\">\n        <div class=\"media\">\n            <div class=\"mr-3 img-48\"><img decoding=\"async\" class=\"wpdm_icon\" alt=\"Icon\"   src=\"https:\/\/www.wurzel-ranch.de\/wrhome\/wp-content\/uploads\/FN_Logo-1.png\" \/><\/div>\n            <div class=\"media-body\">\n                <h3 class=\"package-title\"><a href='https:\/\/www.wurzel-ranch.de\/wrhome\/download\/fn-arbeitsblatt-praktisches-reiten-anfaenger\/'>FN-Arbeitsblatt Praktisches Reiten - Anf\u00e4nger<\/a><\/h3>\n                <div class=\"text-muted text-small\"><i class=\"fas fa-copy\"><\/i> 1 Datei(en) <i class=\"fas fa-hdd ml-3\"><\/i> 33.59 KB<\/div>\n            <\/div>\n            <div class=\"ml-3\">\n                <a class='wpdm-download-link download-on-click btn btn-primary ' rel='nofollow' href='#' data-downloadurl=\"https:\/\/www.wurzel-ranch.de\/wrhome\/download\/fn-arbeitsblatt-praktisches-reiten-anfaenger\/?wpdmdl=1863&refresh=69e731f2197e01776759282\">Download<\/a>\n            <\/div>\n        <\/div>\n    <\/div>\n<\/div>\n\n<\/div>\n<div class='w3eden'><!-- WPDM Link Template: Default Template -->\n\n<div class=\"link-template-default card mb-2\">\n    <div class=\"card-body\">\n        <div class=\"media\">\n            <div class=\"mr-3 img-48\"><img decoding=\"async\" class=\"wpdm_icon\" alt=\"Icon\"   src=\"https:\/\/www.wurzel-ranch.de\/wrhome\/wp-content\/uploads\/FN_Logo-1.png\" \/><\/div>\n            <div class=\"media-body\">\n                <h3 class=\"package-title\"><a href='https:\/\/www.wurzel-ranch.de\/wrhome\/download\/fn-arbeitsblatt-praktisches-reiten-fortgeschrittene\/'>FN-Arbeitsblatt Praktisches Reiten - Fortgeschrittene<\/a><\/h3>\n                <div class=\"text-muted text-small\"><i class=\"fas fa-copy\"><\/i> 1 Datei(en) <i class=\"fas fa-hdd ml-3\"><\/i> 37.97 KB<\/div>\n            <\/div>\n            <div class=\"ml-3\">\n                <a class='wpdm-download-link download-on-click btn btn-primary ' rel='nofollow' href='#' data-downloadurl=\"https:\/\/www.wurzel-ranch.de\/wrhome\/download\/fn-arbeitsblatt-praktisches-reiten-fortgeschrittene\/?wpdmdl=1865&refresh=69e731f21e5a31776759282\">Download<\/a>\n            <\/div>\n        <\/div>\n    <\/div>\n<\/div>\n\n<\/div>\n\t<p><em>Pferdeverhalten &amp; Kommunikation zwischen Mensch und Pferd<\/em><\/p>\n<div class='w3eden'><!-- WPDM Link Template: Default Template -->\n\n<div class=\"link-template-default card mb-2\">\n    <div class=\"card-body\">\n        <div class=\"media\">\n            <div class=\"mr-3 img-48\"><img decoding=\"async\" class=\"wpdm_icon\" alt=\"Icon\"   src=\"https:\/\/www.wurzel-ranch.de\/wrhome\/wp-content\/uploads\/FN_Logo-1.png\" \/><\/div>\n            <div class=\"media-body\">\n                <h3 class=\"package-title\"><a href='https:\/\/www.wurzel-ranch.de\/wrhome\/download\/fn-arbeitsblatt-pferdeverhalten-anfaenger\/'>FN-Arbeitsblatt Pferdeverhalten - Anf\u00e4nger<\/a><\/h3>\n                <div class=\"text-muted text-small\"><i class=\"fas fa-copy\"><\/i> 1 Datei(en) <i class=\"fas fa-hdd ml-3\"><\/i> 163.37 KB<\/div>\n            <\/div>\n            <div class=\"ml-3\">\n                <a class='wpdm-download-link download-on-click btn btn-primary ' rel='nofollow' href='#' data-downloadurl=\"https:\/\/www.wurzel-ranch.de\/wrhome\/download\/fn-arbeitsblatt-pferdeverhalten-anfaenger\/?wpdmdl=1854&refresh=69e731f2238371776759282\">Download<\/a>\n            <\/div>\n        <\/div>\n    <\/div>\n<\/div>\n\n<\/div>\n<div class='w3eden'><!-- WPDM Link Template: Default Template -->\n\n<div class=\"link-template-default card mb-2\">\n    <div class=\"card-body\">\n        <div class=\"media\">\n            <div class=\"mr-3 img-48\"><img decoding=\"async\" class=\"wpdm_icon\" alt=\"Icon\"   src=\"https:\/\/www.wurzel-ranch.de\/wrhome\/wp-content\/uploads\/FN_Logo-1.png\" \/><\/div>\n            <div class=\"media-body\">\n                <h3 class=\"package-title\"><a href='https:\/\/www.wurzel-ranch.de\/wrhome\/download\/fn-arbeitsblatt-pferdeverhalten-fortgeschrittene\/'>FN-Arbeitsblatt Pferdeverhalten - Fortgeschrittene<\/a><\/h3>\n                <div class=\"text-muted text-small\"><i class=\"fas fa-copy\"><\/i> 1 Datei(en) <i class=\"fas fa-hdd ml-3\"><\/i> 32.26 KB<\/div>\n            <\/div>\n            <div class=\"ml-3\">\n                <a class='wpdm-download-link download-on-click btn btn-primary ' rel='nofollow' href='#' data-downloadurl=\"https:\/\/www.wurzel-ranch.de\/wrhome\/download\/fn-arbeitsblatt-pferdeverhalten-fortgeschrittene\/?wpdmdl=1856&refresh=69e731f227a431776759282\">Download<\/a>\n            <\/div>\n        <\/div>\n    <\/div>\n<\/div>\n\n<\/div>\n","protected":false},"excerpt":{"rendered":"<p>Theorieinhalte f\u00fcr zu Hause &#8211; hier zum Download! Haltung F\u00fctterung und Bewegung von Pferden Pferdepflege Gesundheit &amp; Exterieur Interieur &amp; Rassen Ausr\u00fcstung von Reiter und Pferd Reiterliches Miteinander + Sicherheit Praktisches Reiten Pferdeverhalten &amp; Kommunikation zwischen Mensch und Pferd<\/p>\n","protected":false},"author":3,"featured_media":0,"parent":0,"menu_order":0,"comment_status":"closed","ping_status":"closed","template":"","meta":{"footnotes":""},"class_list":["post-1722","page","type-page","status-publish","hentry"],"yoast_head":"<!-- This site is optimized with the Yoast SEO plugin v26.8 - https:\/\/yoast.com\/product\/yoast-seo-wordpress\/ -->\n<title>Theorie f\u00fcr zu Hause - Wurzel-Ranch<\/title>\n<meta name=\"robots\" content=\"index, follow, max-snippet:-1, max-image-preview:large, max-video-preview:-1\" \/>\n<link rel=\"canonical\" href=\"https:\/\/www.wurzel-ranch.de\/wrhome\/theorie2home\/\" \/>\n<meta property=\"og:locale\" content=\"de_DE\" \/>\n<meta property=\"og:type\" content=\"article\" \/>\n<meta property=\"og:title\" content=\"Theorie f\u00fcr zu Hause - Wurzel-Ranch\" \/>\n<meta property=\"og:description\" content=\"Theorieinhalte f\u00fcr zu Hause &#8211; hier zum Download! Haltung F\u00fctterung und Bewegung von Pferden Pferdepflege Gesundheit &amp; Exterieur Interieur &amp; Rassen Ausr\u00fcstung von Reiter und Pferd Reiterliches Miteinander + Sicherheit Praktisches Reiten Pferdeverhalten &amp; Kommunikation zwischen Mensch und Pferd\" \/>\n<meta property=\"og:url\" content=\"https:\/\/www.wurzel-ranch.de\/wrhome\/theorie2home\/\" \/>\n<meta property=\"og:site_name\" content=\"Wurzel-Ranch\" \/>\n<meta property=\"article:modified_time\" content=\"2023-01-05T20:55:38+00:00\" \/>\n<meta property=\"og:image\" content=\"https:\/\/www.wurzel-ranch.de\/wrhome\/wp-content\/uploads\/Theorieunterricht.png\" \/>\n<meta name=\"twitter:card\" content=\"summary_large_image\" \/>\n<meta name=\"twitter:label1\" content=\"Gesch\u00e4tzte Lesezeit\" \/>\n\t<meta name=\"twitter:data1\" content=\"1\u00a0Minute\" \/>\n<script type=\"application\/ld+json\" class=\"yoast-schema-graph\">{\"@context\":\"https:\/\/schema.org\",\"@graph\":[{\"@type\":\"WebPage\",\"@id\":\"https:\/\/www.wurzel-ranch.de\/wrhome\/theorie2home\/\",\"url\":\"https:\/\/www.wurzel-ranch.de\/wrhome\/theorie2home\/\",\"name\":\"Theorie f\u00fcr zu Hause - Wurzel-Ranch\",\"isPartOf\":{\"@id\":\"https:\/\/www.wurzel-ranch.de\/wrhome\/#website\"},\"primaryImageOfPage\":{\"@id\":\"https:\/\/www.wurzel-ranch.de\/wrhome\/theorie2home\/#primaryimage\"},\"image\":{\"@id\":\"https:\/\/www.wurzel-ranch.de\/wrhome\/theorie2home\/#primaryimage\"},\"thumbnailUrl\":\"https:\/\/www.wurzel-ranch.de\/wrhome\/wp-content\/uploads\/Theorieunterricht.png\",\"datePublished\":\"2020-06-22T21:56:00+00:00\",\"dateModified\":\"2023-01-05T20:55:38+00:00\",\"breadcrumb\":{\"@id\":\"https:\/\/www.wurzel-ranch.de\/wrhome\/theorie2home\/#breadcrumb\"},\"inLanguage\":\"de\",\"potentialAction\":[{\"@type\":\"ReadAction\",\"target\":[\"https:\/\/www.wurzel-ranch.de\/wrhome\/theorie2home\/\"]}]},{\"@type\":\"ImageObject\",\"inLanguage\":\"de\",\"@id\":\"https:\/\/www.wurzel-ranch.de\/wrhome\/theorie2home\/#primaryimage\",\"url\":\"https:\/\/www.wurzel-ranch.de\/wrhome\/wp-content\/uploads\/Theorieunterricht.png\",\"contentUrl\":\"https:\/\/www.wurzel-ranch.de\/wrhome\/wp-content\/uploads\/Theorieunterricht.png\",\"width\":1000,\"height\":400},{\"@type\":\"BreadcrumbList\",\"@id\":\"https:\/\/www.wurzel-ranch.de\/wrhome\/theorie2home\/#breadcrumb\",\"itemListElement\":[{\"@type\":\"ListItem\",\"position\":1,\"name\":\"Startseite\",\"item\":\"https:\/\/www.wurzel-ranch.de\/wrhome\/\"},{\"@type\":\"ListItem\",\"position\":2,\"name\":\"Theorie f\u00fcr zu Hause\"}]},{\"@type\":\"WebSite\",\"@id\":\"https:\/\/www.wurzel-ranch.de\/wrhome\/#website\",\"url\":\"https:\/\/www.wurzel-ranch.de\/wrhome\/\",\"name\":\"Wurzel-Ranch\",\"description\":\"\",\"publisher\":{\"@id\":\"https:\/\/www.wurzel-ranch.de\/wrhome\/#organization\"},\"potentialAction\":[{\"@type\":\"SearchAction\",\"target\":{\"@type\":\"EntryPoint\",\"urlTemplate\":\"https:\/\/www.wurzel-ranch.de\/wrhome\/?s={search_term_string}\"},\"query-input\":{\"@type\":\"PropertyValueSpecification\",\"valueRequired\":true,\"valueName\":\"search_term_string\"}}],\"inLanguage\":\"de\"},{\"@type\":\"Organization\",\"@id\":\"https:\/\/www.wurzel-ranch.de\/wrhome\/#organization\",\"name\":\"Wurzel-Ranch\",\"url\":\"https:\/\/www.wurzel-ranch.de\/wrhome\/\",\"logo\":{\"@type\":\"ImageObject\",\"inLanguage\":\"de\",\"@id\":\"https:\/\/www.wurzel-ranch.de\/wrhome\/#\/schema\/logo\/image\/\",\"url\":\"https:\/\/www.wurzel-ranch.de\/wrhome\/wp-content\/uploads\/WurzelRanch.png\",\"contentUrl\":\"https:\/\/www.wurzel-ranch.de\/wrhome\/wp-content\/uploads\/WurzelRanch.png\",\"width\":332,\"height\":376,\"caption\":\"Wurzel-Ranch\"},\"image\":{\"@id\":\"https:\/\/www.wurzel-ranch.de\/wrhome\/#\/schema\/logo\/image\/\"},\"sameAs\":[\"https:\/\/www.instagram.com\/wurzelranch\"]}]}<\/script>\n<!-- \/ Yoast SEO plugin. -->","yoast_head_json":{"title":"Theorie f\u00fcr zu Hause - Wurzel-Ranch","robots":{"index":"index","follow":"follow","max-snippet":"max-snippet:-1","max-image-preview":"max-image-preview:large","max-video-preview":"max-video-preview:-1"},"canonical":"https:\/\/www.wurzel-ranch.de\/wrhome\/theorie2home\/","og_locale":"de_DE","og_type":"article","og_title":"Theorie f\u00fcr zu Hause - Wurzel-Ranch","og_description":"Theorieinhalte f\u00fcr zu Hause &#8211; hier zum Download! Haltung F\u00fctterung und Bewegung von Pferden Pferdepflege Gesundheit &amp; Exterieur Interieur &amp; Rassen Ausr\u00fcstung von Reiter und Pferd Reiterliches Miteinander + Sicherheit Praktisches Reiten Pferdeverhalten &amp; Kommunikation zwischen Mensch und Pferd","og_url":"https:\/\/www.wurzel-ranch.de\/wrhome\/theorie2home\/","og_site_name":"Wurzel-Ranch","article_modified_time":"2023-01-05T20:55:38+00:00","og_image":[{"url":"https:\/\/www.wurzel-ranch.de\/wrhome\/wp-content\/uploads\/Theorieunterricht.png","type":"","width":"","height":""}],"twitter_card":"summary_large_image","twitter_misc":{"Gesch\u00e4tzte Lesezeit":"1\u00a0Minute"},"schema":{"@context":"https:\/\/schema.org","@graph":[{"@type":"WebPage","@id":"https:\/\/www.wurzel-ranch.de\/wrhome\/theorie2home\/","url":"https:\/\/www.wurzel-ranch.de\/wrhome\/theorie2home\/","name":"Theorie f\u00fcr zu Hause - Wurzel-Ranch","isPartOf":{"@id":"https:\/\/www.wurzel-ranch.de\/wrhome\/#website"},"primaryImageOfPage":{"@id":"https:\/\/www.wurzel-ranch.de\/wrhome\/theorie2home\/#primaryimage"},"image":{"@id":"https:\/\/www.wurzel-ranch.de\/wrhome\/theorie2home\/#primaryimage"},"thumbnailUrl":"https:\/\/www.wurzel-ranch.de\/wrhome\/wp-content\/uploads\/Theorieunterricht.png","datePublished":"2020-06-22T21:56:00+00:00","dateModified":"2023-01-05T20:55:38+00:00","breadcrumb":{"@id":"https:\/\/www.wurzel-ranch.de\/wrhome\/theorie2home\/#breadcrumb"},"inLanguage":"de","potentialAction":[{"@type":"ReadAction","target":["https:\/\/www.wurzel-ranch.de\/wrhome\/theorie2home\/"]}]},{"@type":"ImageObject","inLanguage":"de","@id":"https:\/\/www.wurzel-ranch.de\/wrhome\/theorie2home\/#primaryimage","url":"https:\/\/www.wurzel-ranch.de\/wrhome\/wp-content\/uploads\/Theorieunterricht.png","contentUrl":"https:\/\/www.wurzel-ranch.de\/wrhome\/wp-content\/uploads\/Theorieunterricht.png","width":1000,"height":400},{"@type":"BreadcrumbList","@id":"https:\/\/www.wurzel-ranch.de\/wrhome\/theorie2home\/#breadcrumb","itemListElement":[{"@type":"ListItem","position":1,"name":"Startseite","item":"https:\/\/www.wurzel-ranch.de\/wrhome\/"},{"@type":"ListItem","position":2,"name":"Theorie f\u00fcr zu Hause"}]},{"@type":"WebSite","@id":"https:\/\/www.wurzel-ranch.de\/wrhome\/#website","url":"https:\/\/www.wurzel-ranch.de\/wrhome\/","name":"Wurzel-Ranch","description":"","publisher":{"@id":"https:\/\/www.wurzel-ranch.de\/wrhome\/#organization"},"potentialAction":[{"@type":"SearchAction","target":{"@type":"EntryPoint","urlTemplate":"https:\/\/www.wurzel-ranch.de\/wrhome\/?s={search_term_string}"},"query-input":{"@type":"PropertyValueSpecification","valueRequired":true,"valueName":"search_term_string"}}],"inLanguage":"de"},{"@type":"Organization","@id":"https:\/\/www.wurzel-ranch.de\/wrhome\/#organization","name":"Wurzel-Ranch","url":"https:\/\/www.wurzel-ranch.de\/wrhome\/","logo":{"@type":"ImageObject","inLanguage":"de","@id":"https:\/\/www.wurzel-ranch.de\/wrhome\/#\/schema\/logo\/image\/","url":"https:\/\/www.wurzel-ranch.de\/wrhome\/wp-content\/uploads\/WurzelRanch.png","contentUrl":"https:\/\/www.wurzel-ranch.de\/wrhome\/wp-content\/uploads\/WurzelRanch.png","width":332,"height":376,"caption":"Wurzel-Ranch"},"image":{"@id":"https:\/\/www.wurzel-ranch.de\/wrhome\/#\/schema\/logo\/image\/"},"sameAs":["https:\/\/www.instagram.com\/wurzelranch"]}]}},"_links":{"self":[{"href":"https:\/\/www.wurzel-ranch.de\/wrhome\/wp-json\/wp\/v2\/pages\/1722","targetHints":{"allow":["GET"]}}],"collection":[{"href":"https:\/\/www.wurzel-ranch.de\/wrhome\/wp-json\/wp\/v2\/pages"}],"about":[{"href":"https:\/\/www.wurzel-ranch.de\/wrhome\/wp-json\/wp\/v2\/types\/page"}],"author":[{"embeddable":true,"href":"https:\/\/www.wurzel-ranch.de\/wrhome\/wp-json\/wp\/v2\/users\/3"}],"replies":[{"embeddable":true,"href":"https:\/\/www.wurzel-ranch.de\/wrhome\/wp-json\/wp\/v2\/comments?post=1722"}],"version-history":[{"count":0,"href":"https:\/\/www.wurzel-ranch.de\/wrhome\/wp-json\/wp\/v2\/pages\/1722\/revisions"}],"wp:attachment":[{"href":"https:\/\/www.wurzel-ranch.de\/wrhome\/wp-json\/wp\/v2\/media?parent=1722"}],"curies":[{"name":"wp","href":"https:\/\/api.w.org\/{rel}","templated":true}]}}